{"id":10741,"date":"2026-02-10T12:11:22","date_gmt":"2026-02-10T11:11:22","guid":{"rendered":"https:\/\/ultratrail-angkor.com\/?page_id=10741"},"modified":"2026-02-20T11:58:13","modified_gmt":"2026-02-20T10:58:13","slug":"nos-excursions-en-option","status":"publish","type":"page","link":"https:\/\/ultratrail-angkor.com\/?page_id=10741","title":{"rendered":"Excursion sur Lac Tonle Sap&#8230;"},"content":{"rendered":"<ul>\n<li><span style=\"font-size: 18px;\"><strong>EXCURSION SUR LE LAC TONLE &#8211; 50 Euros \/ personne<\/strong><\/span><\/li>\n<\/ul>\n<h1><span style=\"font-size: 18px;\"><em>Excursion sur Lac Tonle Sap (SIEM REAP \u2013 KOMPONG KHLEANG \u2013 SIEM REAP)\u00a0 &#8211; <\/em><\/span><span style=\"font-size: 18px;\">D\u00e9jeuner \u00a0inclus<\/span><\/h1>\n<p><span style=\"font-size: 18px;\">Le matin, d\u00e9part pour Kompong Khleang, un village situ\u00e9 \u00e0 50 km de Siem Reap, entour\u00e9 par une for\u00eat inond\u00e9e, et qui regroupe une des plus grandes communaut\u00e9s lacustres du Tonle Sap, vivant principalement de la p\u00eache. A l\u2019arriv\u00e9e, embarquement sur de petites barques pour partir \u00e0 la d\u00e9couverte de la vie quotidienne des villageois. Arr\u00eat dans un village abritant une communaut\u00e9 vietnamienne et visite de la fabrique de poisson fum\u00e9. Cette partie du lac abrite aussi d\u2019\u00e9tonnantes maisons sur pilotis pouvant s\u2019\u00e9lever, \u00e0 la saison s\u00e8che, \u00e0 plus de 10 m\u00e8tres au-dessus du sol.<\/span><\/p>\n<p class=\"pf0\"><span style=\"font-size: 18px;\"><b><span class=\"cf0\">DERNI\u00c8RE MINUTE \u2013 ASSURANCE<\/span><\/b><\/span><\/p>\n<p class=\"pf0\"><span style=\"font-size: 18px;\"><b><span class=\"cf0\">Objet : Partez \u00e0 l\u2019Ultra Trail d\u2019Angkor l\u2019esprit libre gr\u00e2ce \u00e0 l\u2019assurance CAP Explorer<\/span><\/b><\/span><\/p>\n<p class=\"pf0\"><span class=\"cf0\" style=\"font-size: 18px;\">Toute l\u2019\u00e9quipe SDPO se r\u00e9jouit de vous compter parmi les participants <b>du Trail d\u2019Angkor<\/b>. Vous vous pr\u00e9parez \u00e0 vivre une aventure sportive et humaine exceptionnelle\u2026 et nous voulons qu\u2019elle se d\u00e9roule dans les meilleures conditions possibles.<\/span><\/p>\n<p class=\"pf0\"><span class=\"cf0\" style=\"font-size: 18px;\">Dans cet esprit, nous vous recommandons vivement de souscrire une assurance voyage adapt\u00e9e \u00e0 ce type de s\u00e9jour sportif. Notre partenaire Chapka Assurances, avec le produit Cap Explorer d\u2019AXA, propose une couverture sp\u00e9cialement con\u00e7ue pour les voyageurs actifs.<\/span><\/p>\n<p><span style=\"font-size: 18px;\"><b><span class=\"cf0\">Comment souscrire ?<\/span><\/b><\/span><br \/>\n<span style=\"font-size: 18px;\"><span class=\"cf0\">La souscription \u00e0 Cap Explorer se fait en quelques minutes en ligne via le lien : <\/span><a href=\"https:\/\/www.chapkadirect.fr\/index.php?action=produit&amp;id=824&amp;app=SDPO\"><span style=\"color: #0000ff;\">https:\/\/www.chapkadirect.fr\/index.php?action=produit&amp;id=824&amp;app=SDPO<\/span><\/a><\/span><\/p>\n<div id=\"attachment_13314\" style=\"width: 1034px\" class=\"wp-caption aligncenter\"><img loading=\"lazy\" decoding=\"async\" aria-describedby=\"caption-attachment-13314\" class=\"size-large wp-image-13314\" src=\"https:\/\/ultratrail-angkor.com\/wp-content\/uploads\/2026\/02\/Depositphotos_325291180_L-1024x683.jpg\" alt=\"\" width=\"1024\" height=\"683\" srcset=\"https:\/\/ultratrail-angkor.com\/wp-content\/uploads\/2026\/02\/Depositphotos_325291180_L-1024x683.jpg 1024w, https:\/\/ultratrail-angkor.com\/wp-content\/uploads\/2026\/02\/Depositphotos_325291180_L-300x200.jpg 300w, https:\/\/ultratrail-angkor.com\/wp-content\/uploads\/2026\/02\/Depositphotos_325291180_L-768x512.jpg 768w, https:\/\/ultratrail-angkor.com\/wp-content\/uploads\/2026\/02\/Depositphotos_325291180_L-1536x1025.jpg 1536w, https:\/\/ultratrail-angkor.com\/wp-content\/uploads\/2026\/02\/Depositphotos_325291180_L-280x187.jpg 280w, https:\/\/ultratrail-angkor.com\/wp-content\/uploads\/2026\/02\/Depositphotos_325291180_L-1170x780.jpg 1170w, https:\/\/ultratrail-angkor.com\/wp-content\/uploads\/2026\/02\/Depositphotos_325291180_L.jpg 2000w\" sizes=\"auto, (max-width: 1024px) 100vw, 1024px\" \/><p id=\"caption-attachment-13314\" class=\"wp-caption-text\">Floating village with floating houses on the Tonle Sap Lake, Koh Rong island, Cambodia, Asia<\/p><\/div>\n<p><strong><span style=\"font-size: 18px;\">D\u00e9jeuner dans un restaurant local<\/span><\/strong><\/p>\n<p><span style=\"font-size: 18px;\">Retour \u00e0 Siem Reap \u00a0\u00a0\u00a0\u00a0\u00a0\u00a0\u00a0\u00a0\u00a0\u00a0\u00a0\u00a0\u00a0\u00a0\u00a0\u00a0\u00a0\u00a0\u00a0\u00a0\u00a0\u00a0\u00a0\u00a0\u00a0\u00a0\u00a0\u00a0\u00a0\u00a0\u00a0\u00a0\u00a0\u00a0\u00a0\u00a0\u00a0\u00a0\u00a0\u00a0\u00a0\u00a0\u00a0\u00a0\u00a0\u00a0<\/span><\/p>\n<p>&nbsp;<\/p>\n","protected":false},"excerpt":{"rendered":"<p>EXCURSION SUR LE LAC TONLE &#8211; 50 Euros \/ personne Excursion sur Lac Tonle Sap (SIEM REAP \u2013 KOMPONG KHLEANG \u2013 SIEM REAP)\u00a0 &#8211; D\u00e9jeuner \u00a0inclus Le matin, d\u00e9part pour Kompong Khleang, un village situ\u00e9 \u00e0 50 km de Siem Reap, entour\u00e9 par une for\u00eat inond\u00e9e, et qui regroupe une des plus grandes communaut\u00e9s lacustres<\/p>\n","protected":false},"author":3,"featured_media":0,"parent":0,"menu_order":0,"comment_status":"closed","ping_status":"closed","template":"","meta":{"footnotes":""},"class_list":["post-10741","page","type-page","status-publish","hentry"],"_links":{"self":[{"href":"https:\/\/ultratrail-angkor.com\/index.php?rest_route=\/wp\/v2\/pages\/10741","targetHints":{"allow":["GET"]}}],"collection":[{"href":"https:\/\/ultratrail-angkor.com\/index.php?rest_route=\/wp\/v2\/pages"}],"about":[{"href":"https:\/\/ultratrail-angkor.com\/index.php?rest_route=\/wp\/v2\/types\/page"}],"author":[{"embeddable":true,"href":"https:\/\/ultratrail-angkor.com\/index.php?rest_route=\/wp\/v2\/users\/3"}],"replies":[{"embeddable":true,"href":"https:\/\/ultratrail-angkor.com\/index.php?rest_route=%2Fwp%2Fv2%2Fcomments&post=10741"}],"version-history":[{"count":35,"href":"https:\/\/ultratrail-angkor.com\/index.php?rest_route=\/wp\/v2\/pages\/10741\/revisions"}],"predecessor-version":[{"id":13464,"href":"https:\/\/ultratrail-angkor.com\/index.php?rest_route=\/wp\/v2\/pages\/10741\/revisions\/13464"}],"wp:attachment":[{"href":"https:\/\/ultratrail-angkor.com\/index.php?rest_route=%2Fwp%2Fv2%2Fmedia&parent=10741"}],"curies":[{"name":"wp","href":"https:\/\/api.w.org\/{rel}","templated":true}]}}