{"id":10952,"date":"2026-02-03T12:33:07","date_gmt":"2026-02-03T11:33:07","guid":{"rendered":"https:\/\/ultratrail-angkor.com\/?page_id=10952"},"modified":"2026-02-21T12:24:12","modified_gmt":"2026-02-21T11:24:12","slug":"decouvertes-autour-des-temples-dangkor","status":"publish","type":"page","link":"https:\/\/ultratrail-angkor.com\/?page_id=10952","title":{"rendered":"D\u00e9couvertes autour des Temples d&rsquo;Angkor"},"content":{"rendered":"<p><span style=\"font-size: 18px;\"><strong>Sur ce programme, pourquoi ne pas en profiter pour arriver une journ\u00e9e plus t\u00f4t et faire une excursion. (voir programme Immersion au coeur d&rsquo;Angkor, &#8211; Villages flottants et traditions)<\/strong><\/span><\/p>\n<p class=\"pf0\"><span style=\"font-size: 18px;\"><b><span class=\"cf0\">DERNI\u00c8RE MINUTE &#8211; ASSURANCE<\/span><\/b><\/span><\/p>\n<p class=\"pf0\"><span style=\"font-size: 18px;\"><b><span class=\"cf0\">Objet : Partez \u00e0 l&rsquo;Ultra Trail d&rsquo;Angkor l\u2019esprit libre gr\u00e2ce \u00e0 l\u2019assurance CAP Explorer<\/span><\/b><\/span><\/p>\n<p class=\"pf0\"><span class=\"cf0\" style=\"font-size: 18px;\">Toute l\u2019\u00e9quipe SDPO se r\u00e9jouit de vous compter parmi les participants <b>du Trail d&rsquo;Angkor<\/b>. Vous vous pr\u00e9parez \u00e0 vivre une aventure sportive et humaine exceptionnelle\u2026 et nous voulons qu\u2019elle se d\u00e9roule dans les meilleures conditions possibles.<\/span><\/p>\n<p class=\"pf0\"><span class=\"cf0\" style=\"font-size: 18px;\">Dans cet esprit, nous vous recommandons vivement de souscrire une assurance voyage adapt\u00e9e \u00e0 ce type de s\u00e9jour sportif. Notre partenaire Chapka Assurances, avec le produit Cap Explorer d\u2019AXA, propose une couverture sp\u00e9cialement con\u00e7ue pour les voyageurs actifs.<\/span><\/p>\n<p><span style=\"font-size: 18px;\"><b><span class=\"cf0\">Comment souscrire ?<\/span><\/b><\/span><br \/>\n<span style=\"font-size: 18px;\"><span class=\"cf0\">La souscription \u00e0 Cap Explorer se fait en quelques minutes en ligne via le lien : <\/span><a href=\"https:\/\/www.chapkadirect.fr\/index.php?action=produit&amp;id=824&amp;app=SDPO\"><span style=\"color: #0000ff;\">https:\/\/www.chapkadirect.fr\/index.php?action=produit&amp;id=824&amp;app=SDPO<\/span><\/a><\/span><\/p>\n\n<p><span style=\"font-size: 18px;\"><strong>N&rsquo;h\u00e9sitez pas \u00e0 nous contacter&#8230;<a href=\"mailto:sdpo@sdpo.com\">sdpo@sdpo.com<\/a><br \/>\n<\/strong><\/span><\/p>\n<p><span style=\"font-size: 19px;\"><strong>AERIEN<\/strong><\/span><\/p>\n<p><span style=\"font-size: 18px;\"><img loading=\"lazy\" decoding=\"async\" class=\"alignleft wp-image-12793\" src=\"https:\/\/ultratrail-angkor.com\/wp-content\/uploads\/2025\/06\/Avion-angkor.gif\" alt=\"\" width=\"400\" height=\"403\" \/>En partant de France, suite \u00e0 de nombreuses demandes concernant les billets d&rsquo;avion, nous pouvons\u00a0 vous recommander une agence de confiance : <b>L\u2019\u00c9picurien du Voyage<\/b>. C\u2019est une structure sp\u00e9cialis\u00e9e dans les voyages sur mesure et les exp\u00e9riences uniques, en partenariat avec plusieurs compagnies a\u00e9riennes.<\/span><\/p>\n<p><span style=\"font-size: 18px;\">Si vous souhaitez passer par eux, il suffit d\u2019envoyer un message avec les infos essentielles (dates pr\u00e9cises de d\u00e9part et de retour, type de billet souhait\u00e9 : \u00e9conomique, premium, business, etc.) \u00e0 cette adresse : <a class=\"moz-txt-link-abbreviated\" href=\"mailto:billeterie@lepicurienduvoyage.com\">billeterie@lepicurienduvoyage.com<\/a>\u00a0 <\/span><br \/>\n<span style=\"font-size: 18px;\">Ils vous demanderont \u00e9galement une copie de votre passeport pour l\u2019\u00e9mission des billets. Pensez \u00e0 v\u00e9rifier d\u00e8s maintenant sa validit\u00e9 : il doit \u00eatre valable <b>au moins 6 mois apr\u00e8s votre date de retour.<\/b><\/span><\/p>\n<p><span style=\"font-size: 18px;\">Petit plus : <b>L\u2019\u00c9picurien du Voyage est accr\u00e9dit\u00e9 I.A.T.A<\/b>., ce qui garantit un service s\u00e9rieux et s\u00e9curis\u00e9 pour la vente de billets d\u2019avion.<\/span><\/p>\n<p><span style=\"font-size: 18px;\">Pour organiser vos transferts sur place a\u00e9roport\/h\u00f4tel, merci de nous communiquer votre plan de vol complet : itin\u00e9raire, dates et heures d\u2019arriv\u00e9e et de d\u00e9part, num\u00e9ro de vol et compagnie a\u00e9rienne.<\/span><br \/>\n<span style=\"font-size: 18px;\">Exemple : <b>Arriv\u00e9e \u00e0 Siem Reap le 19\/01, vol VN18 \u00e0 06h30 \u2013 D\u00e9part de Siem Reap le 26\/01, vol VN812 \u00e0 18h30.<\/b><b> <\/b>Idem pour ceux qui optent pour la <b>Baie d&rsquo;Halong<\/b> ou pour un retour via Pnom Penh apr\u00e8s extension <b>Koh Rong<\/b><\/span><b><br \/>\n<\/b><\/p>\n<p><span style=\"font-size: 18px;\"><b>Ce service n&rsquo;est effectif que pour les participants ayant opt\u00e9 pour nos s\u00e9jours touristiques ou h\u00e9bergement seul.<\/b><\/span><\/p>\n<p>&nbsp;<\/p>\n","protected":false},"excerpt":{"rendered":"<p>Sur ce programme, pourquoi ne pas en profiter pour arriver une journ\u00e9e plus t\u00f4t et faire une excursion. (voir programme Immersion au coeur d&rsquo;Angkor, &#8211; Villages flottants et traditions) DERNI\u00c8RE MINUTE &#8211; ASSURANCE Objet : Partez \u00e0 l&rsquo;Ultra Trail d&rsquo;Angkor l\u2019esprit libre gr\u00e2ce \u00e0 l\u2019assurance CAP Explorer Toute l\u2019\u00e9quipe SDPO se r\u00e9jouit de vous compter<\/p>\n","protected":false},"author":3,"featured_media":0,"parent":0,"menu_order":0,"comment_status":"closed","ping_status":"closed","template":"","meta":{"footnotes":""},"class_list":["post-10952","page","type-page","status-publish","hentry"],"_links":{"self":[{"href":"https:\/\/ultratrail-angkor.com\/index.php?rest_route=\/wp\/v2\/pages\/10952","targetHints":{"allow":["GET"]}}],"collection":[{"href":"https:\/\/ultratrail-angkor.com\/index.php?rest_route=\/wp\/v2\/pages"}],"about":[{"href":"https:\/\/ultratrail-angkor.com\/index.php?rest_route=\/wp\/v2\/types\/page"}],"author":[{"embeddable":true,"href":"https:\/\/ultratrail-angkor.com\/index.php?rest_route=\/wp\/v2\/users\/3"}],"replies":[{"embeddable":true,"href":"https:\/\/ultratrail-angkor.com\/index.php?rest_route=%2Fwp%2Fv2%2Fcomments&post=10952"}],"version-history":[{"count":31,"href":"https:\/\/ultratrail-angkor.com\/index.php?rest_route=\/wp\/v2\/pages\/10952\/revisions"}],"predecessor-version":[{"id":13485,"href":"https:\/\/ultratrail-angkor.com\/index.php?rest_route=\/wp\/v2\/pages\/10952\/revisions\/13485"}],"wp:attachment":[{"href":"https:\/\/ultratrail-angkor.com\/index.php?rest_route=%2Fwp%2Fv2%2Fmedia&parent=10952"}],"curies":[{"name":"wp","href":"https:\/\/api.w.org\/{rel}","templated":true}]}}