{"id":11376,"date":"2024-01-17T04:52:27","date_gmt":"2024-01-17T03:52:27","guid":{"rendered":"https:\/\/ultratrail-angkor.com\/?page_id=11376"},"modified":"2024-09-10T12:08:54","modified_gmt":"2024-09-10T10:08:54","slug":"11376-2","status":"publish","type":"page","link":"https:\/\/ultratrail-angkor.com\/?page_id=11376","title":{"rendered":"AIDEN&rsquo;S CASHEWS"},"content":{"rendered":"<h2><img loading=\"lazy\" decoding=\"async\" class=\" wp-image-11394 aligncenter\" src=\"https:\/\/ultratrail-angkor.com\/wp-content\/uploads\/2024\/01\/photo_6140786125351008749_y-1-1024x626.jpg\" alt=\"\" width=\"600\" height=\"367\" srcset=\"https:\/\/ultratrail-angkor.com\/wp-content\/uploads\/2024\/01\/photo_6140786125351008749_y-1-1024x626.jpg 1024w, https:\/\/ultratrail-angkor.com\/wp-content\/uploads\/2024\/01\/photo_6140786125351008749_y-1-300x183.jpg 300w, https:\/\/ultratrail-angkor.com\/wp-content\/uploads\/2024\/01\/photo_6140786125351008749_y-1-768x469.jpg 768w, https:\/\/ultratrail-angkor.com\/wp-content\/uploads\/2024\/01\/photo_6140786125351008749_y-1-280x171.jpg 280w, https:\/\/ultratrail-angkor.com\/wp-content\/uploads\/2024\/01\/photo_6140786125351008749_y-1-1170x715.jpg 1170w, https:\/\/ultratrail-angkor.com\/wp-content\/uploads\/2024\/01\/photo_6140786125351008749_y-1.jpg 1280w\" sizes=\"auto, (max-width: 600px) 100vw, 600px\" \/><\/h2>\n<h2>Aiden&rsquo;s Cashews est la seule entreprise cambodgienne<\/h2>\n<h2><span style=\"font-size: 16px;\"><img loading=\"lazy\" decoding=\"async\" class=\" wp-image-11396 alignright\" src=\"https:\/\/ultratrail-angkor.com\/wp-content\/uploads\/2024\/01\/photo_6140786125351008752_y-1-768x1024.jpg\" alt=\"\" width=\"439\" height=\"585\" srcset=\"https:\/\/ultratrail-angkor.com\/wp-content\/uploads\/2024\/01\/photo_6140786125351008752_y-1-768x1024.jpg 768w, https:\/\/ultratrail-angkor.com\/wp-content\/uploads\/2024\/01\/photo_6140786125351008752_y-1-225x300.jpg 225w, https:\/\/ultratrail-angkor.com\/wp-content\/uploads\/2024\/01\/photo_6140786125351008752_y-1-140x187.jpg 140w, https:\/\/ultratrail-angkor.com\/wp-content\/uploads\/2024\/01\/photo_6140786125351008752_y-1.jpg 960w\" sizes=\"auto, (max-width: 439px) 100vw, 439px\" \/><\/span><\/h2>\n<h2><span style=\"font-size: 16px;\">qui produit exclusivement des noix de cajou.<\/span><br \/>\n<span style=\"font-size: 16px;\">Produit et vend du beurre de cajou \u00e0 partir de noix de cajou cultiv\u00e9es et fabriqu\u00e9es dans le Royaume du Cambodge. L&rsquo;entreprise a \u00e9t\u00e9 fond\u00e9e en 2023 par You<\/span><br \/>\n<span style=\"font-size: 16px;\">ma Chorn et ses partenaires. Aiden&rsquo;s Cashews s&rsquo;engage \u00e0 fournir une marque de beurre de cajou unique et de haute qualit\u00e9, fabriqu\u00e9 avec des ingr\u00e9dients et des pratiques durables.<\/span><\/h2>\n<h2><\/h2>\n<h2><span style=\"color: #333333; font-size: 16px;\"><a style=\"color: #333333;\" href=\"https:\/\/www.facebook.com\/aidenscashews\">https:\/\/www.facebook.com\/aidenscashews\u00a0<\/a><\/span> <img loading=\"lazy\" decoding=\"async\" class=\"wp-image-11395 aligncenter\" src=\"https:\/\/ultratrail-angkor.com\/wp-content\/uploads\/2024\/01\/photo_6140786125351008750_y-1-1024x626.jpg\" alt=\"\" width=\"601\" height=\"368\" srcset=\"https:\/\/ultratrail-angkor.com\/wp-content\/uploads\/2024\/01\/photo_6140786125351008750_y-1-1024x626.jpg 1024w, https:\/\/ultratrail-angkor.com\/wp-content\/uploads\/2024\/01\/photo_6140786125351008750_y-1-300x183.jpg 300w, https:\/\/ultratrail-angkor.com\/wp-content\/uploads\/2024\/01\/photo_6140786125351008750_y-1-768x469.jpg 768w, https:\/\/ultratrail-angkor.com\/wp-content\/uploads\/2024\/01\/photo_6140786125351008750_y-1-280x171.jpg 280w, https:\/\/ultratrail-angkor.com\/wp-content\/uploads\/2024\/01\/photo_6140786125351008750_y-1-1170x715.jpg 1170w, https:\/\/ultratrail-angkor.com\/wp-content\/uploads\/2024\/01\/photo_6140786125351008750_y-1.jpg 1280w\" sizes=\"auto, (max-width: 601px) 100vw, 601px\" \/><\/h2>\n","protected":false},"excerpt":{"rendered":"<p>Aiden&rsquo;s Cashews est la seule entreprise cambodgienne qui produit exclusivement des noix de cajou. Produit et vend du beurre de cajou \u00e0 partir de noix de cajou cultiv\u00e9es et fabriqu\u00e9es dans le Royaume du Cambodge. L&rsquo;entreprise a \u00e9t\u00e9 fond\u00e9e en 2023 par You ma Chorn et ses partenaires. Aiden&rsquo;s Cashews s&rsquo;engage \u00e0 fournir une marque<\/p>\n","protected":false},"author":1,"featured_media":0,"parent":0,"menu_order":0,"comment_status":"closed","ping_status":"closed","template":"","meta":{"footnotes":""},"class_list":["post-11376","page","type-page","status-publish","hentry"],"_links":{"self":[{"href":"https:\/\/ultratrail-angkor.com\/index.php?rest_route=\/wp\/v2\/pages\/11376","targetHints":{"allow":["GET"]}}],"collection":[{"href":"https:\/\/ultratrail-angkor.com\/index.php?rest_route=\/wp\/v2\/pages"}],"about":[{"href":"https:\/\/ultratrail-angkor.com\/index.php?rest_route=\/wp\/v2\/types\/page"}],"author":[{"embeddable":true,"href":"https:\/\/ultratrail-angkor.com\/index.php?rest_route=\/wp\/v2\/users\/1"}],"replies":[{"embeddable":true,"href":"https:\/\/ultratrail-angkor.com\/index.php?rest_route=%2Fwp%2Fv2%2Fcomments&post=11376"}],"version-history":[{"count":6,"href":"https:\/\/ultratrail-angkor.com\/index.php?rest_route=\/wp\/v2\/pages\/11376\/revisions"}],"predecessor-version":[{"id":12045,"href":"https:\/\/ultratrail-angkor.com\/index.php?rest_route=\/wp\/v2\/pages\/11376\/revisions\/12045"}],"wp:attachment":[{"href":"https:\/\/ultratrail-angkor.com\/index.php?rest_route=%2Fwp%2Fv2%2Fmedia&parent=11376"}],"curies":[{"name":"wp","href":"https:\/\/api.w.org\/{rel}","templated":true}]}}