{"id":11428,"date":"2024-01-19T12:29:23","date_gmt":"2024-01-19T11:29:23","guid":{"rendered":"https:\/\/ultratrail-angkor.com\/?page_id=11428"},"modified":"2025-01-20T06:46:53","modified_gmt":"2025-01-20T05:46:53","slug":"concour-video","status":"publish","type":"page","link":"https:\/\/ultratrail-angkor.com\/?page_id=11428","title":{"rendered":"CONCOURS VID\u00c9O UTA 2025"},"content":{"rendered":"<p>&nbsp;<\/p>\n<p><img loading=\"lazy\" decoding=\"async\" class=\"size-full wp-image-11446 aligncenter\" src=\"https:\/\/ultratrail-angkor.com\/wp-content\/uploads\/2024\/01\/Concours-video-UTAngkor.jpg\" alt=\"\" width=\"999\" height=\"397\" srcset=\"https:\/\/ultratrail-angkor.com\/wp-content\/uploads\/2024\/01\/Concours-video-UTAngkor.jpg 999w, https:\/\/ultratrail-angkor.com\/wp-content\/uploads\/2024\/01\/Concours-video-UTAngkor-300x119.jpg 300w, https:\/\/ultratrail-angkor.com\/wp-content\/uploads\/2024\/01\/Concours-video-UTAngkor-768x305.jpg 768w, https:\/\/ultratrail-angkor.com\/wp-content\/uploads\/2024\/01\/Concours-video-UTAngkor-280x111.jpg 280w\" sizes=\"auto, (max-width: 999px) 100vw, 999px\" \/><\/p>\n<p><strong><span style=\"font-size: 18px;\">R\u00c9GLEMENT GRAND CONCOURS VID\u00c9O <\/span><\/strong><span style=\"font-size: 18px;\"><strong>\u00ab\u00a0ULTRA TRAIL D\u2019ANGKOR \u00bb<\/strong><\/span><\/p>\n<p><span style=\"font-size: 18px;\"><strong>Article 1<\/strong><\/span><\/p>\n<p><span style=\"font-size: 18px;\">SDPO, \u00e0 l\u2019occasion de la prochaine \u00e9dition de l\u2019ULTRA TRAIL D\u2019ANGKOR qui se d\u00e9roulera le 18 janvier 2025 organise un grand concours vid\u00e9o.<\/span><\/p>\n<p><span style=\"font-size: 18px;\">\u25ba intitul\u00e9 <strong>\u00ab CONCOURS VID\u00c9O UTA \u2013 CAMBODGE\u00a0 2025 \u00bb<\/strong>.<\/span><\/p>\n<p><span style=\"font-size: 18px;\">Dur\u00e9e de la vid\u00e9o<\/span><\/p>\n<ul>\n<li><span style=\"font-size: 18px;\">2\u2019 30 \u00e0 4\u201930 avec le g\u00e9n\u00e9rique de fin.<\/span><\/li>\n<\/ul>\n<p><span style=\"font-size: 18px;\"><strong>Article 2<\/strong><\/span><\/p>\n<p><span style=\"font-size: 18px;\">Ce concours vid\u00e9o est r\u00e9serv\u00e9 \u00e0 tous les participants de l\u2019UTA (Participants de l\u2019El\u00e9phant Trail Angkor 8km, participants du Temple Run 18km \u2013 marche nordique \u2013 marche &amp; randonn\u00e9e, &#8211; du Jungle Trail 32km, du marathon Trail 42km, du Bayon Trail 64km et de l\u2019UTA 100km)<\/span><\/p>\n<p><span style=\"font-size: 18px;\"><strong>Article 3<\/strong><\/span><\/p>\n<p><span style=\"font-size: 18px;\">Pour participer \u00e0 ce concours vid\u00e9o, il faudra vous inscrire aupr\u00e8s de SDPO \/ Email \u00a0:\u00a0\u00a0 <span style=\"color: #0000ff;\"><a style=\"color: #0000ff;\" href=\"mailto:sdpo@sdpo.com\">sdpo@sdpo.com<\/a><\/span> <strong>\u00ab CONCOURS VIDEO UTA \u2013 CAMBODGE\u00a0 2025 \u00bb<\/strong>.<\/span><\/p>\n<ul>\n<li><span style=\"font-size: 18px;\">Le participant devra communiquer : nom, pr\u00e9nom, pays, adresse mail et mentionner \u00e0 quelle version il veut participer (courte ou longue) ou aux 2 vid\u00e9os soit la version courte 1\u201930 \u2013 2\u2019 et la version longue 3\u2019\u00e0 4\u2019<strong><br \/>\n<\/strong><\/span><\/li>\n<\/ul>\n<p><span style=\"font-size: 18px;\"><strong>Article 4<\/strong><\/span><\/p>\n<p><span style=\"font-size: 18px;\"><strong>Principes du concours vid\u00e9o<\/strong><\/span><\/p>\n<ol>\n<li><span style=\"font-size: 18px;\"><strong>Le principe est simple, au travers de la vid\u00e9o, vous devez faire vivre la course et les \u00e0 c\u00f4t\u00e9s <\/strong><\/span><\/li>\n<\/ol>\n<p><span style=\"font-size: 18px;\"><strong>\u00a0\u00a0\u00a0\u00a0\u00a0\u00a0\u00a0\u00a0\u00a0\u00a0\u00a0 culturels autour de l\u2019\u00e9v\u00e9nement.<\/strong><\/span><\/p>\n<ol start=\"2\">\n<li><span style=\"font-size: 18px;\">Chaque pr\u00e9sentation de vid\u00e9o est libre mais devra imp\u00e9rativement <strong>incorporer le logo de <\/strong><\/span><\/li>\n<\/ol>\n<p><span style=\"font-size: 18px;\"><strong>\u00a0\u00a0\u00a0\u00a0\u00a0\u00a0\u00a0\u00a0\u00a0\u00a0\u00a0 l\u2019\u00e9v\u00e9nement<\/strong><\/span><\/p>\n<ol start=\"3\">\n<li><span style=\"font-size: 18px;\">Chaque fin de vid\u00e9o est libre mais devra incorporer <strong>imp\u00e9rativement la liste des partenaires et<\/strong><\/span><span style=\"font-size: 18px;\"><strong> le site Internet de l\u2019\u00e9v\u00e9nement (<a href=\"http:\/\/www.ultratrail-angkor.com\">www.ultratrail-angkor.com<\/a> ).<\/strong><\/span><\/li>\n<\/ol>\n<ol start=\"4\">\n<li><span style=\"font-size: 18px;\"><strong>Droit moral\u00a0: <\/strong>toutes les vid\u00e9os devront <strong>comporter le nom de l\u2019auteur<\/strong><\/span><\/li>\n<li><span style=\"font-size: 18px;\">Toutes les vid\u00e9os seront mises en ligne sur la chaine YouTube de l\u2019Ultra Trail d\u2019Angkor.<\/span><\/li>\n<li><span style=\"font-size: 18px;\">Toutes les photos doivent utiliser une musique \u00ab\u00a0Libre de droit\u00a0\u00bb. <em>Le terme musique libre de <\/em><\/span><\/li>\n<\/ol>\n<p><span style=\"font-size: 18px;\"><em>\u00a0\u00a0\u00a0\u00a0\u00a0\u00a0\u00a0\u00a0\u00a0\u00a0\u00a0 droit correspond \u00e0 des cr\u00e9ations musicales libres de diffusion,<\/em><\/span><\/p>\n<p><span style=\"font-size: 18px;\"><strong>Article 5<\/strong><\/span><\/p>\n<p><span style=\"font-size: 18px;\"><strong>Comment les gagnants sont-ils s\u00e9lectionn\u00e9s\u00a0?<\/strong><\/span><\/p>\n<p><span style=\"font-size: 18px;\">La s\u00e9lection des vid\u00e9os prim\u00e9es se fera par plusieurs jurys\u00a0:<\/span><\/p>\n<ul>\n<li><span style=\"font-size: 18px;\">S\u00e9lection par vote des participants<\/span><\/li>\n<li><span style=\"font-size: 18px;\">S\u00e9lection par vote des partenaires de l\u2019UTA (sponsors)<\/span><\/li>\n<li><span style=\"font-size: 18px;\">S\u00e9lection par vote du staff de SDPO<\/span><\/li>\n<\/ul>\n<p><span style=\"font-size: 18px;\"><strong>La p\u00e9riode d\u2019envoi des vid\u00e9os devra s\u2019effectuer entre le 15 f\u00e9vrier et le 30 mars 2025. Pass\u00e9 ce d\u00e9lai, aucune vid\u00e9o ne pourra \u00eatre mise en ligne pour concourir. <\/strong><\/span><\/p>\n<p><span style=\"font-size: 18px;\"><strong>Article 6*<\/strong><\/span><\/p>\n<p><span style=\"font-size: 18px;\"><strong>R\u00e9compenses<\/strong><\/span><\/p>\n<p><span style=\"font-size: 18px;\"><strong>1<sup>er<\/sup> \u00a0Prix\u00a0:<\/strong> Une inscription individuelle pour une course de son choix parmi les courses inscrites au programme de l\u2019UTA 2026, + le pack Free &amp; Easy (en chambre partag\u00e9e) + excursion au Lac Tonl\u00e9 Sap<\/span><\/p>\n<p><span style=\"font-size: 18px;\"><strong>2<sup>\u00e8me<\/sup> Prix\u00a0:<\/strong> Une inscription individuelle pour une course de son choix parmi les courses inscrites au programme de l\u2019UTA 2026, + le pack Stay and Run (en chambre partag\u00e9e)<\/span><\/p>\n<p><span style=\"font-size: 18px;\"><strong>3<sup>\u00e8me<\/sup> Prix\u00a0:<\/strong> Une inscription individuelle pour une course de son choix parmi les courses inscrites au programme de l\u2019UTA 2026, + 4 le pack Stay and Run (en chambre partag\u00e9e)<\/span><\/p>\n<p><span style=\"font-size: 18px;\"><strong>4<sup>\u00e8me<\/sup> Prix\u00a0:<\/strong> Une inscription individuelle pour une course de son choix parmi les courses inscrites au programme de l\u2019UTA 2026<\/span><\/p>\n<p><span style=\"font-size: 18px;\"><strong>5<sup>\u00e8me<\/sup> Prix\u00a0:<\/strong> Une inscription individuelle pour une course de son choix parmi les courses inscrites au programme de l\u2019UTA 2026<\/span><\/p>\n<p><span style=\"font-size: 18px;\"><strong>*<\/strong> Les frais de transport jusqu\u2019\u00e0 Siem Reap sont \u00e0 la charge du gagnant.<\/span><\/p>\n<p><span style=\"font-size: 18px;\"><strong>Article 7<\/strong><\/span><\/p>\n<p><span style=\"font-size: 18px;\"><strong>Consignes techniques<\/strong><\/span><\/p>\n<ul>\n<li><span style=\"font-size: 18px;\">Veuillez tourner vos images en format paysage<\/span><\/li>\n<li><span style=\"font-size: 18px;\">Veuillez conserver toutes vos images brutes jusqu&rsquo;au r\u00e9sultat du concours pour utilisation \u00e9ventuelle par l\u2019organisation.<\/span><\/li>\n<\/ul>\n<p><span style=\"font-size: 18px;\"><strong>NON OBLIGATOIRE<\/strong><\/span><\/p>\n<ul>\n<li><span style=\"font-size: 18px;\">Veuillez r\u00e9gler votre cam\u00e9ra en Full HD 1080p (progressif), 50 images par seconde au mieux ou sinon 25 images par seconde<\/span><\/li>\n<li><span style=\"font-size: 18px;\">Veuillez exporter votre film en 1080p full HD, 25 images par seconde, codec H264<\/span><\/li>\n<\/ul>\n<p><span style=\"font-size: 18px;\"><strong>Article 7bis<\/strong><\/span><\/p>\n<p><span style=\"font-size: 18px;\"><strong>R\u00e9cup\u00e9ration d\u2019images.<\/strong><\/span><\/p>\n<p><span style=\"font-size: 18px;\"><strong>Le mode de r\u00e9cup\u00e9ration des images vid\u00e9os vous sera donn\u00e9 ult\u00e9rieurement.<\/strong><\/span><\/p>\n<p><span style=\"font-size: 18px;\"><strong>Article 8<\/strong><\/span><\/p>\n<p><span style=\"font-size: 18px;\">Les gagnants seront contact\u00e9s par mail dans un d\u00e9lai de vingt jours \u00e0 compter de la s\u00e9lection op\u00e9r\u00e9e par les jurys concern\u00e9s. SDPO informera les gagnants.<\/span><\/p>\n<p><span style=\"font-size: 18px;\">Pass\u00e9e cette date, aucune r\u00e9clamation ne sera recevable et le lot sera d\u00e9finitivement consid\u00e9r\u00e9 comme perdu et redeviendra la propri\u00e9t\u00e9 de la soci\u00e9t\u00e9 organisatrice qui pourra en disposer librement.<\/span><\/p>\n<p><span style=\"font-size: 18px;\">Le lot offert au (aux) gagnant (s) ne peut donner lieu de la part de celui-ci ni \u00e0 la remise de sa contre valeur en argent (totale ou partielle), ni a son \u00e9change ou remplacement contre un autre lot de quelque valeur que ce soit, pour quelque cause que ce soit.<\/span><\/p>\n<p><span style=\"font-size: 18px;\">Le lot offert au (aux) gagnant (s) peut donner lieu de la part de celui-ci \u00e0 un tiers. Le lot offert peut \u00eatre\u00a0 donc utilis\u00e9 par une autre personne si le gagnant ne participe pas \u00e0 l\u2019\u00e9dition 2025.<\/span><\/p>\n<p><span style=\"font-size: 18px;\"><strong>Article 9<\/strong><\/span><\/p>\n<p><span style=\"font-size: 18px;\">La participation \u00e0 ce jeu implique l\u2019acceptation pleine et enti\u00e8re des modalit\u00e9s \u00e9nonc\u00e9es dans le pr\u00e9sent r\u00e8glement.<\/span><\/p>\n<p><span style=\"font-size: 18px;\">Ledit r\u00e8glement est consultable en ligne sur l\u2019adresse suivante\u00a0<a href=\"http:\/\/www.ultratrail-angkor.com\"><span style=\"color: #0000ff;\">www.ultratrail-angkor.com<\/span><\/a><\/span><\/p>\n<p><span style=\"font-size: 18px;\"><strong>Article 10<\/strong><\/span><\/p>\n<p><span style=\"font-size: 18px;\"><strong>M\u00e9diatisation et droit \u00e0 l\u2019image<\/strong><\/span><\/p>\n<p><span style=\"font-size: 18px;\">Vous acceptez de c\u00e9der vos images \u00e0 des fins commerciales pour la promotion de l&rsquo;UTA (votre nom sera cit\u00e9 au g\u00e9n\u00e9rique) et vous acceptez de remettre vos images brutes afin qu&rsquo;elles soient r\u00e9utilis\u00e9es dans diff\u00e9rents montages.<\/span><\/p>\n<p><span style=\"font-size: 18px;\">Le participant au concours vid\u00e9o consent, de par son engagement, au fait que <strong>S.D.P.O <\/strong>dispose du droit exclusif de son image individuelle ou collective et de son nom pour tout ce qui concerne la m\u00e9diatisation de <strong>S.D.P.O<\/strong> et de <strong>l\u2019Ultra Trail d\u2019Angkor <\/strong>; usage commercial compris. Le participant\u00a0 renonce donc \u00e0 tout recours \u00e0 ce titre \u00e0 l\u2019encontre de <strong>S.D.P.O.<\/strong><\/span><\/p>\n<p><span style=\"font-size: 18px;\"><strong>S.D.P.O <\/strong>se r\u00e9serve le droit d\u2019utiliser des images tourn\u00e9es par le participant pour ses besoins propres ou t\u00e9l\u00e9visuels. L\u2019auteur de la vid\u00e9o renonce \u00e0 toutes poursuites envers SDPO ou ses partenaires.<\/span><\/p>\n<p><span style=\"font-size: 18px;\"><strong>S.D.P.O <\/strong>se r\u00e9serve tous droits exclusifs d\u2019utilisation commerciale des images de <strong>l\u2019Ultra Trail d\u2019Angkor<\/strong><\/span><\/p>\n<p><span style=\"font-size: 18px;\">Tout support vid\u00e9o ou cin\u00e9ma r\u00e9alis\u00e9 pendant l\u2019\u00e9preuve ne pourra \u00eatre utilis\u00e9 par le participant, l\u2019accompagnateur qu\u2019\u00e0 des usages priv\u00e9s et par cons\u00e9quent, ne pourra \u00eatre utilis\u00e9 \u00e0 des fins commerciales.<\/span><\/p>\n<p><span style=\"font-size: 18px;\">Pour tous autres supports professionnels (films ou reportages) destin\u00e9s \u00e0 la vente ou \u00e0 des fins commerciales, une demande \u00e9crite devra \u00eatre formul\u00e9e \u00e0 SDPO.<\/span><\/p>\n<p><span style=\"font-size: 18px;\">En cons\u00e9quence, tout projet de film ou reportage, quelque soit sa dur\u00e9e, devra avoir recueilli pr\u00e9alablement l\u2019assentiment de <strong>S.D.P.O<\/strong>.<\/span><\/p>\n<p><span style=\"font-size: 18px;\"><strong>Article 11<\/strong><\/span><\/p>\n<p><span style=\"font-size: 18px;\"><strong>Politique de confidentialit\u00e9 des donn\u00e9es.<\/strong><\/span><\/p>\n<p><span style=\"font-size: 18px;\">Suite \u00e0 l\u2019entr\u00e9e en vigueur du nouveau R\u00e8glement G\u00e9n\u00e9ral sur la Protection des Donn\u00e9es (RGPD) de l\u2019Union Europ\u00e9enne le 25 mai 2018, SDPO prend des mesures strictes allant dans le sens des directives europ\u00e9ennes.<\/span><\/p>\n<p><span style=\"font-size: 18px;\">SDPO s\u2019engage \u00e0 conserver vos donn\u00e9es en toute s\u00e9curit\u00e9 et \u00e0 ne pas les divulguer.<\/span><\/p>\n<p><span style=\"font-size: 18px;\"><strong>Mentions l\u00e9gales et Politique de confidentialit\u00e9 de SDPO,<\/strong> consultez\u00a0: <a href=\"http:\/\/www.ultratrail-angkor.com\/wp-content\/uploads\/2018\/08\/Politique-de-confidentialit\u00e9-de-SDPO.pdf\"><span style=\"color: #0000ff;\">Politique de confidentialit\u00e9 de SDPO<\/span><\/a><\/span><\/p>\n<p><span style=\"font-size: 18px;\"><strong>SDP Organisation : <\/strong><\/span><\/p>\n<p><span style=\"font-size: 18px;\">\u00a0\u00a0 16 rue Jean Cocteau 95350 Saint Brice sous For\u00eat \/ France<\/span><\/p>\n<p><span style=\"font-size: 18px;\">E-mail : <a href=\"mailto:sdpo@sdpo.com\"><span style=\"color: #0000ff;\">sdpo@sdpo.com<\/span><\/a><\/span><\/p>\n<p><span style=\"font-size: 18px;\">Site Internet\u00a0:\u00a0 <a href=\"http:\/\/www.ultratrail-angkor.com\"><span style=\"color: #0000ff;\">www.ultratrail-angkor.com<\/span><\/a><\/span><\/p>\n<p>&nbsp;<\/p>\n","protected":false},"excerpt":{"rendered":"<p>&nbsp; R\u00c9GLEMENT GRAND CONCOURS VID\u00c9O \u00ab\u00a0ULTRA TRAIL D\u2019ANGKOR \u00bb Article 1 SDPO, \u00e0 l\u2019occasion de la prochaine \u00e9dition de l\u2019ULTRA TRAIL D\u2019ANGKOR qui se d\u00e9roulera le 18 janvier 2025 organise un grand concours vid\u00e9o. \u25ba intitul\u00e9 \u00ab CONCOURS VID\u00c9O UTA \u2013 CAMBODGE\u00a0 2025 \u00bb. Dur\u00e9e de la vid\u00e9o 2\u2019 30 \u00e0 4\u201930 avec le g\u00e9n\u00e9rique<\/p>\n","protected":false},"author":3,"featured_media":0,"parent":0,"menu_order":0,"comment_status":"closed","ping_status":"closed","template":"","meta":{"footnotes":""},"class_list":["post-11428","page","type-page","status-publish","hentry"],"_links":{"self":[{"href":"https:\/\/ultratrail-angkor.com\/index.php?rest_route=\/wp\/v2\/pages\/11428","targetHints":{"allow":["GET"]}}],"collection":[{"href":"https:\/\/ultratrail-angkor.com\/index.php?rest_route=\/wp\/v2\/pages"}],"about":[{"href":"https:\/\/ultratrail-angkor.com\/index.php?rest_route=\/wp\/v2\/types\/page"}],"author":[{"embeddable":true,"href":"https:\/\/ultratrail-angkor.com\/index.php?rest_route=\/wp\/v2\/users\/3"}],"replies":[{"embeddable":true,"href":"https:\/\/ultratrail-angkor.com\/index.php?rest_route=%2Fwp%2Fv2%2Fcomments&post=11428"}],"version-history":[{"count":21,"href":"https:\/\/ultratrail-angkor.com\/index.php?rest_route=\/wp\/v2\/pages\/11428\/revisions"}],"predecessor-version":[{"id":12407,"href":"https:\/\/ultratrail-angkor.com\/index.php?rest_route=\/wp\/v2\/pages\/11428\/revisions\/12407"}],"wp:attachment":[{"href":"https:\/\/ultratrail-angkor.com\/index.php?rest_route=%2Fwp%2Fv2%2Fmedia&parent=11428"}],"curies":[{"name":"wp","href":"https:\/\/api.w.org\/{rel}","templated":true}]}}