{"id":13382,"date":"2026-02-16T10:39:38","date_gmt":"2026-02-16T09:39:38","guid":{"rendered":"https:\/\/ultratrail-angkor.com\/?page_id=13382"},"modified":"2026-02-21T12:41:10","modified_gmt":"2026-02-21T11:41:10","slug":"lile-de-koh-rong-le-paradis","status":"publish","type":"page","link":"https:\/\/ultratrail-angkor.com\/?page_id=13382","title":{"rendered":"L&rsquo;\u00eele de Koh Rong, le paradis&#8230;"},"content":{"rendered":"<p><span style=\"font-size: 18px;\">Cette extension baln\u00e9aire r\u00e9clam\u00e9e par les participants vous est propos\u00e9e apr\u00e8s l&rsquo;\u00e9preuve. Un excellent moyen de \u00ab\u00a0d\u00e9compresser\u00a0\u00bb et de r\u00e9cup\u00e9rer &#8230;.<\/span><\/p>\n\n","protected":false},"excerpt":{"rendered":"<p>Cette extension baln\u00e9aire r\u00e9clam\u00e9e par les participants vous est propos\u00e9e apr\u00e8s l&rsquo;\u00e9preuve. Un excellent moyen de \u00ab\u00a0d\u00e9compresser\u00a0\u00bb et de r\u00e9cup\u00e9rer &#8230;.<\/p>\n","protected":false},"author":3,"featured_media":0,"parent":0,"menu_order":0,"comment_status":"closed","ping_status":"closed","template":"","meta":{"footnotes":""},"class_list":["post-13382","page","type-page","status-publish","hentry"],"_links":{"self":[{"href":"https:\/\/ultratrail-angkor.com\/index.php?rest_route=\/wp\/v2\/pages\/13382","targetHints":{"allow":["GET"]}}],"collection":[{"href":"https:\/\/ultratrail-angkor.com\/index.php?rest_route=\/wp\/v2\/pages"}],"about":[{"href":"https:\/\/ultratrail-angkor.com\/index.php?rest_route=\/wp\/v2\/types\/page"}],"author":[{"embeddable":true,"href":"https:\/\/ultratrail-angkor.com\/index.php?rest_route=\/wp\/v2\/users\/3"}],"replies":[{"embeddable":true,"href":"https:\/\/ultratrail-angkor.com\/index.php?rest_route=%2Fwp%2Fv2%2Fcomments&post=13382"}],"version-history":[{"count":3,"href":"https:\/\/ultratrail-angkor.com\/index.php?rest_route=\/wp\/v2\/pages\/13382\/revisions"}],"predecessor-version":[{"id":13497,"href":"https:\/\/ultratrail-angkor.com\/index.php?rest_route=\/wp\/v2\/pages\/13382\/revisions\/13497"}],"wp:attachment":[{"href":"https:\/\/ultratrail-angkor.com\/index.php?rest_route=%2Fwp%2Fv2%2Fmedia&parent=13382"}],"curies":[{"name":"wp","href":"https:\/\/api.w.org\/{rel}","templated":true}]}}