{"id":3026,"date":"2026-02-08T03:34:59","date_gmt":"2026-02-08T02:34:59","guid":{"rendered":"https:\/\/ultratrail-angkor.com\/?page_id=3026"},"modified":"2026-02-09T10:46:04","modified_gmt":"2026-02-09T09:46:04","slug":"ultra-trail-128-km","status":"publish","type":"page","link":"https:\/\/ultratrail-angkor.com\/?page_id=3026","title":{"rendered":"Ultra Trail &#8211; 100 km"},"content":{"rendered":"<p><span style=\"font-size: 18px;\"><strong>D\u00e9j\u00e0 la 10\u1d49 \u00e9dition !<\/strong> Fid\u00e8le \u00e0 son ADN, entre projets innovants et horizons lointains, SDPO vous donne rendez-vous<strong> les 23 et 24 janvier 2027<\/strong> pour une nouvelle aventure : l\u2019Ultra-Trail\u00ae d\u2019Angkor.<\/span><br \/><span style=\"font-size: 18px;\">\u00c0 l\u2019\u00e9coute des traileurs, l\u2019organisation maintient la distance embl\u00e9matique de 100 km, offrant une immersion unique au c\u0153ur du plus vaste site arch\u00e9ologique religieux au monde.<\/span><\/p>\r\n<p><span style=\"font-size: 18px;\">Situ\u00e9 \u00e0 Angkor, dans la province de Siem Reap, au nord du Cambodge, ce site majeur de l\u2019Asie du Sud-Est incarne l\u2019\u00e2me du royaume khmer. Symboles de fiert\u00e9 nationale, les temples d\u2019Angkor \u00e9merveillent depuis des si\u00e8cles par leur beaut\u00e9 et continuent de fasciner les voyageurs venus des quatre coins du globe.<\/span><\/p>\r\n<p><img loading=\"lazy\" decoding=\"async\" class=\"aligncenter size-large wp-image-12563\" src=\"https:\/\/ultratrail-angkor.com\/wp-content\/uploads\/2025\/02\/Laurence.Tange-UTA2025_180125_09-13-35_410-1024x683.jpg\" alt=\"\" width=\"1024\" height=\"683\" srcset=\"https:\/\/ultratrail-angkor.com\/wp-content\/uploads\/2025\/02\/Laurence.Tange-UTA2025_180125_09-13-35_410-1024x683.jpg 1024w, https:\/\/ultratrail-angkor.com\/wp-content\/uploads\/2025\/02\/Laurence.Tange-UTA2025_180125_09-13-35_410-300x200.jpg 300w, https:\/\/ultratrail-angkor.com\/wp-content\/uploads\/2025\/02\/Laurence.Tange-UTA2025_180125_09-13-35_410-768x512.jpg 768w, https:\/\/ultratrail-angkor.com\/wp-content\/uploads\/2025\/02\/Laurence.Tange-UTA2025_180125_09-13-35_410-1536x1024.jpg 1536w, https:\/\/ultratrail-angkor.com\/wp-content\/uploads\/2025\/02\/Laurence.Tange-UTA2025_180125_09-13-35_410-2048x1365.jpg 2048w, https:\/\/ultratrail-angkor.com\/wp-content\/uploads\/2025\/02\/Laurence.Tange-UTA2025_180125_09-13-35_410-280x187.jpg 280w, https:\/\/ultratrail-angkor.com\/wp-content\/uploads\/2025\/02\/Laurence.Tange-UTA2025_180125_09-13-35_410-1170x780.jpg 1170w\" sizes=\"auto, (max-width: 1024px) 100vw, 1024px\" \/><\/p>\r\n<p><span style=\"font-size: 18px;\"><!-- \/wp:post-content -->\r\n\r\n<!-- wp:image {\"align\":\"center\",\"id\":6471,\"width\":800,\"sizeSlug\":\"large\"} --><\/span><\/p>\r\n<p><span style=\"font-size: 18px;\"><!-- \/wp:image -->\r\n\r\n<!-- wp:paragraph --><\/span><\/p>\r\n<p><span style=\"font-size: 18px;\">Cet Ultra-Trail\u00ae d<strong>\u2018une longueur de 100 km<\/strong>\u00a0trac\u00e9 dans un d\u00e9cor que nous n\u2019avons pas l\u2019habitude de rencontrer en Europe vous emballera. 100 km dans des paysages somptueux ou la diversit\u00e9 et de mise. Vous serez \u00e9blouis par les richesses\u00a0 naturelles que nous offre le Cambodge. Attention toutefois, les changements d\u2019appuis avec de nombreuses travers\u00e9es de zones sableuses et de rizi\u00e8res m\u00e9rites une pr\u00e9paration ad\u00e9quate.<\/span><\/p>\r\n<p><span style=\"font-size: 18px;\"><!-- \/wp:paragraph -->\r\n\r\n<!-- wp:paragraph --><\/span><\/p>\r\n<p><span style=\"font-size: 18px;\">La majestuosit\u00e9 d\u2019un site class\u00e9 depuis\u00a0<a href=\"http:\/\/fr.wikipedia.org\/wiki\/1992\">1992<\/a>\u00a0au\u00a0<a href=\"http:\/\/fr.wikipedia.org\/wiki\/Patrimoine_mondial\">patrimoine mondial<\/a>\u00a0par l\u2019<a href=\"http:\/\/fr.wikipedia.org\/wiki\/Organisation_des_Nations_unies_pour_l%27%C3%A9ducation,_la_science_et_la_culture\">UNESCO<\/a>, d un programme adapt\u00e9 \u00e0 votre disponibilit\u00e9 ( <strong>sur un week end ou une semaine<\/strong> ) un prix comp\u00e9titif , le charme de l\u2019Asie en plein hiver \u2026Tous les ingr\u00e9dients sont r\u00e9unis pour nous rejoindre en janvier 2027 !!!<\/span><\/p>\r\n<h2>Le parcours de l&rsquo;UTA \u2013 100 km : ITRA 3 points<\/h2>\r\n<p><span style=\"font-size: 17px;\"><strong>RENDEZ-VOUS SUR TRACE DE TRAIL<\/strong>, <span style=\"font-size: 18px;\">Partenaire de l&rsquo;UTA pour retrouver tous les d\u00e9tails et TRACE GPX: <\/span><\/span><span style=\"font-size: 18px;\"><a href=\"https:\/\/tracedetrail.fr\/fr\/event\/ultra-trail-d-angkor-2026\">https:\/\/tracedetrail.fr\/fr\/event\/ultra-trail-d-angkor-2026<\/a><\/span><\/p>\r\n<p><a href=\"https:\/\/ultratrail-angkor.com\/wp-content\/uploads\/2026\/01\/ultra-trail-d-angkor-2026-ultra-trail-100-km.gpx\">File : GPX FILE<\/a><\/p>\r\n<p><strong><span style=\"font-size: 19px;\">Les parcours de l&rsquo;UTA 2027 sont identiques \u00e0 l&rsquo;UTA 2026<\/span><\/strong><\/p>\r\n<center><iframe style=\"border: 0; width: 80%; height: 800px;\" src=\"https:\/\/tracedetrail.fr\/fr\/iframe\/7925\" scrolling=\"no\" allowfullscreen=\"allowfullscreen\"><\/iframe><\/center>","protected":false},"excerpt":{"rendered":"<p>D\u00e9j\u00e0 la 10\u1d49 \u00e9dition ! Fid\u00e8le \u00e0 son ADN, entre projets innovants et horizons lointains, SDPO vous donne rendez-vous les 23 et 24 janvier 2027 pour une nouvelle aventure : l\u2019Ultra-Trail\u00ae d\u2019Angkor.\u00c0 l\u2019\u00e9coute des traileurs, l\u2019organisation maintient la distance embl\u00e9matique de 100 km, offrant une immersion unique au c\u0153ur du plus vaste site arch\u00e9ologique religieux<\/p>\n","protected":false},"author":1,"featured_media":0,"parent":0,"menu_order":0,"comment_status":"closed","ping_status":"closed","template":"","meta":{"footnotes":""},"class_list":["post-3026","page","type-page","status-publish","hentry"],"_links":{"self":[{"href":"https:\/\/ultratrail-angkor.com\/index.php?rest_route=\/wp\/v2\/pages\/3026","targetHints":{"allow":["GET"]}}],"collection":[{"href":"https:\/\/ultratrail-angkor.com\/index.php?rest_route=\/wp\/v2\/pages"}],"about":[{"href":"https:\/\/ultratrail-angkor.com\/index.php?rest_route=\/wp\/v2\/types\/page"}],"author":[{"embeddable":true,"href":"https:\/\/ultratrail-angkor.com\/index.php?rest_route=\/wp\/v2\/users\/1"}],"replies":[{"embeddable":true,"href":"https:\/\/ultratrail-angkor.com\/index.php?rest_route=%2Fwp%2Fv2%2Fcomments&post=3026"}],"version-history":[{"count":46,"href":"https:\/\/ultratrail-angkor.com\/index.php?rest_route=\/wp\/v2\/pages\/3026\/revisions"}],"predecessor-version":[{"id":13135,"href":"https:\/\/ultratrail-angkor.com\/index.php?rest_route=\/wp\/v2\/pages\/3026\/revisions\/13135"}],"wp:attachment":[{"href":"https:\/\/ultratrail-angkor.com\/index.php?rest_route=%2Fwp%2Fv2%2Fmedia&parent=3026"}],"curies":[{"name":"wp","href":"https:\/\/api.w.org\/{rel}","templated":true}]}}