{"id":3028,"date":"2026-02-08T03:34:59","date_gmt":"2026-02-08T02:34:59","guid":{"rendered":"https:\/\/ultratrail-angkor.com\/?page_id=3028"},"modified":"2026-02-09T11:29:18","modified_gmt":"2026-02-09T10:29:18","slug":"marathon-trail-42-km","status":"publish","type":"page","link":"https:\/\/ultratrail-angkor.com\/?page_id=3028","title":{"rendered":"Marathon Trail &#8211; 42 km"},"content":{"rendered":"\r\n<p class=\"has-text-align-center\" style=\"text-align: left;\"><strong><span style=\"font-size: 18px;\">Depuis que nous proposons cette distance et l&rsquo;engouement des participants fait que nous comptabilisons de plus en plus de coureurs au d\u00e9part du marathon \u00e0 Ta Kos Village.<\/span><br \/><\/strong><\/p>\r\n<p><span style=\"font-size: 18px;\">Ce <strong>Marathon Trail de 42,195 km<\/strong> sera couru sur piste, au travers rizi\u00e8res et nature de toute beaut\u00e9 sans oublier les travers\u00e9es d\u2019une multitude de petits villages avec comme d\u00e9cor les Temples d\u2019Angkor.<\/span><\/p>\r\n<p><span style=\"font-size: 18px;\">\r\n\r\n<\/span><\/p>\r\n<p><span style=\"font-size: 18px;\">Le d\u00e9part sera donn\u00e9 \u00e0 6h00 du matin, au nord-est des\u00a0 temples d\u2019 Angkor puis rejoindra le c\u0153ur du site arch\u00e9ologique d\u2019Angkor via Phnom Bok o\u00f9 700 marches \u00e0 gravir vous attendent avec une vue splendide arriv\u00e9 au sommet de la colline ou vous traverserez un petit temple. Profitez de ces moments exceptionnels avant de replonger sur Banteay Samre, Eastern Mebon, Prae Roup, Prassat Kravan, Tan\u00e9i, French Bridge pour rejoindre la ligne d&rsquo;arriv\u00e9e \u00e0 la Terrasse des El\u00e9phants.<\/span><\/p>\r\n<p><img loading=\"lazy\" decoding=\"async\" class=\"aligncenter size-large wp-image-12567\" src=\"https:\/\/ultratrail-angkor.com\/wp-content\/uploads\/2025\/02\/Laurence.Tange-UTA2025_180125_14-36-01_549-1024x683.jpg\" alt=\"\" width=\"1024\" height=\"683\" srcset=\"https:\/\/ultratrail-angkor.com\/wp-content\/uploads\/2025\/02\/Laurence.Tange-UTA2025_180125_14-36-01_549-1024x683.jpg 1024w, https:\/\/ultratrail-angkor.com\/wp-content\/uploads\/2025\/02\/Laurence.Tange-UTA2025_180125_14-36-01_549-300x200.jpg 300w, https:\/\/ultratrail-angkor.com\/wp-content\/uploads\/2025\/02\/Laurence.Tange-UTA2025_180125_14-36-01_549-768x512.jpg 768w, https:\/\/ultratrail-angkor.com\/wp-content\/uploads\/2025\/02\/Laurence.Tange-UTA2025_180125_14-36-01_549-1536x1024.jpg 1536w, https:\/\/ultratrail-angkor.com\/wp-content\/uploads\/2025\/02\/Laurence.Tange-UTA2025_180125_14-36-01_549-2048x1365.jpg 2048w, https:\/\/ultratrail-angkor.com\/wp-content\/uploads\/2025\/02\/Laurence.Tange-UTA2025_180125_14-36-01_549-280x187.jpg 280w, https:\/\/ultratrail-angkor.com\/wp-content\/uploads\/2025\/02\/Laurence.Tange-UTA2025_180125_14-36-01_549-1170x780.jpg 1170w\" sizes=\"auto, (max-width: 1024px) 100vw, 1024px\" \/><\/p>\r\n<p><span style=\"font-size: 18px;\">\r\n\r\n<\/span><\/p>\r\n<p><span style=\"font-size: 18px;\">Comme sur l\u2019Ultra-Trail\u00ae, vous vivrez une Aventure extraordinaire que vous garderez pr\u00e9sente dans votre m\u00e9moire pour longtemps. L\u2019accueil chaleureux des habitants ne pourra que vous faire aimer le Cambodge.\u00a0<strong> marathon parrain\u00e9 par nos amis du marathon du M\u00e9doc&#8230;.\u00a0<\/strong><\/span><\/p>\r\n<p><span style=\"font-size: 18px;\"> \u00c2me du royaume khmer, les\u00a0<strong>temples d\u2019Angkor<\/strong>, sont \u00a0source d\u2019inspiration et de fiert\u00e9 nationale pour les Cambodgiens et leur beaut\u00e9 fascine depuis toujours les voyageurs du monde.<\/span><\/p>\r\n<p><span style=\"font-size: 18px;\">Quel privil\u00e8ge de pouvoir fouler un site class\u00e9 au patrimoine mondial de l\u2019UNESCO !<\/span><\/p>\r\n<p><span style=\"font-size: 18px;\"><!-- \/wp:post-content -->\r\n\r\n<!-- wp:paragraph --><\/span><\/p>\r\n<p><strong><span style=\"font-size: 18px;\"><em>Toujours \u00e0 votre \u00e9coute, nous avons ajout\u00e9 le Marathon Trail d\u2019Angkor au programme et ferons tout notre possible pour nous rapprocher des 42,195 km et ainsi avoir une distance la plus exacte possible. Pour les \u00ab accros \u00bb du marathon, nous tenons \u00e0 vous signaler qu\u2019il n\u2019y aura pas de LIGNE BLEUE peinte au sol, donc pas de trajectoire id\u00e9ale pour les coureurs. Compr\u00e9hensible car cette ligne devenue officielle sur les grandes \u00e9preuves est trac\u00e9e \u00e0 30 cm du trottoir\u2026.et il n\u2019y a pas de trottoirs sur notre parcours comme les autres parcours du 10, 21,100, 32, 64 et 100 km qui restent d\u2019actualit\u00e9s.<\/em><\/span><\/strong><\/p>\r\n<p><span style=\"font-size: 18px;\"><!-- \/wp:paragraph -->\r\n\r\n<!-- wp:heading --><\/span><\/p>\r\n<h2><span style=\"font-size: 18px;\"><span style=\"font-size: 20px;\">Le parcours du Marathon Trail Angkor \u2013\u00a0 42 km : ITRA 1 point<\/span><br \/><\/span><\/h2>\r\n<p><span style=\"font-size: 18px;\"><!-- \/wp:heading -->\r\n\r\n<!-- wp:paragraph --><\/span><\/p>\r\n<p><span style=\"font-size: 18px;\">Points de ravitaillement tous les 10 km environ<\/span><\/p>\r\n<p><span style=\"font-size: 18px;\"><!-- \/wp:paragraph -->\r\n\r\n<!-- wp:paragraph --><\/span><\/p>\r\n<p><span style=\"font-size: 18px;\"><span style=\"color: #000000;\"><a style=\"color: #000000;\" href=\"https:\/\/ultratrail-angkor.com\/wp-content\/uploads\/2024\/11\/UTA2024-Mara-Trail.gpx\"><strong>RENDEZ-VOUS SUR TRACE DE TRAIL<\/strong>, Partenaire de l&rsquo;UTA pour retrouver tous les d\u00e9tails et TRACE GPX: <\/a><\/span><a href=\"https:\/\/tracedetrail.fr\/fr\/event\/ultra-trail-d-angkor-2026\">https:\/\/tracedetrail.fr\/fr\/event\/ultra-trail-d-angkor-2026<\/a><\/span><\/p>\r\n<p><a href=\"https:\/\/ultratrail-angkor.com\/wp-content\/uploads\/2026\/01\/ultra-trail-d-angkor-2026-marathon-trail-angkor-42-km-2.gpx\">File : GPX FILE<\/a><\/p>\r\n<p>&nbsp;<\/p>\r\n<p><span style=\"font-size: 20px;\"><strong>Les parcours de l\u2019UTA 2027 sont identiques \u00e0 l\u2019UTA 2026<\/strong><\/span><\/p>\r\n<!-- \/wp:paragraph --><center><iframe style=\"border: 0; width: 80%; height: 800px;\" src=\"https:\/\/tracedetrail.fr\/fr\/iframe\/7927\" scrolling=\"no\" allowfullscreen=\"allowfullscreen\"><\/iframe><\/center><!-- wp:image {\"id\":6171,\"sizeSlug\":\"large\"} -->\r\n<figure class=\"wp-block-image size-large\"><\/figure>\r\n<p>IMPORTANT : MESSAGE AUX COUREURS DU MARATHON TRAIL: ","protected":false},"excerpt":{"rendered":"<p>Depuis que nous proposons cette distance et l&rsquo;engouement des participants fait que nous comptabilisons de plus en plus de coureurs au d\u00e9part du marathon \u00e0 Ta Kos Village. Ce Marathon Trail de 42,195 km sera couru sur piste, au travers rizi\u00e8res et nature de toute beaut\u00e9 sans oublier les travers\u00e9es d\u2019une multitude de petits villages<\/p>\n","protected":false},"author":1,"featured_media":0,"parent":0,"menu_order":0,"comment_status":"closed","ping_status":"closed","template":"","meta":{"footnotes":""},"class_list":["post-3028","page","type-page","status-publish","hentry"],"_links":{"self":[{"href":"https:\/\/ultratrail-angkor.com\/index.php?rest_route=\/wp\/v2\/pages\/3028","targetHints":{"allow":["GET"]}}],"collection":[{"href":"https:\/\/ultratrail-angkor.com\/index.php?rest_route=\/wp\/v2\/pages"}],"about":[{"href":"https:\/\/ultratrail-angkor.com\/index.php?rest_route=\/wp\/v2\/types\/page"}],"author":[{"embeddable":true,"href":"https:\/\/ultratrail-angkor.com\/index.php?rest_route=\/wp\/v2\/users\/1"}],"replies":[{"embeddable":true,"href":"https:\/\/ultratrail-angkor.com\/index.php?rest_route=%2Fwp%2Fv2%2Fcomments&post=3028"}],"version-history":[{"count":68,"href":"https:\/\/ultratrail-angkor.com\/index.php?rest_route=\/wp\/v2\/pages\/3028\/revisions"}],"predecessor-version":[{"id":13143,"href":"https:\/\/ultratrail-angkor.com\/index.php?rest_route=\/wp\/v2\/pages\/3028\/revisions\/13143"}],"wp:attachment":[{"href":"https:\/\/ultratrail-angkor.com\/index.php?rest_route=%2Fwp%2Fv2%2Fmedia&parent=3028"}],"curies":[{"name":"wp","href":"https:\/\/api.w.org\/{rel}","templated":true}]}}