{"id":3029,"date":"2026-02-08T03:34:59","date_gmt":"2026-02-08T02:34:59","guid":{"rendered":"https:\/\/ultratrail-angkor.com\/?page_id=3029"},"modified":"2026-02-09T11:36:49","modified_gmt":"2026-02-09T10:36:49","slug":"jungle-trail-32-km","status":"publish","type":"page","link":"https:\/\/ultratrail-angkor.com\/?page_id=3029","title":{"rendered":"Jungle Trail &#8211; 32 km"},"content":{"rendered":"\r\n\r\n\r\n<p><span style=\"font-size: 18px;\">Comme sur toutes les autres \u00e9preuves , le <strong>Jungle Trail d&rsquo;Angkor 32 km<\/strong> se d\u00e9roulera sur le site arch\u00e9ologique d\u2019Angkor, dans la province du nord du Cambodge de Siem Reap.<\/span><\/p>\r\n<p><span style=\"font-size: 18px;\">\r\n\r\n<\/span><\/p>\r\n<p><span style=\"font-size: 18px;\">Ce Trail de 32 km sera couru sur piste, au travers rizi\u00e8res et nature de toute beaut\u00e9 sans oublier les travers\u00e9es d\u2019une multitude de petits villages avec fond d\u2019\u00e9cran les Temples d\u2019Angkor.<\/span><\/p>\r\n<p><img loading=\"lazy\" decoding=\"async\" class=\"aligncenter size-large wp-image-12570\" src=\"https:\/\/ultratrail-angkor.com\/wp-content\/uploads\/2025\/02\/Laurence.Tange-UTA2025_180125_07-01-27_210-1024x683.jpg\" alt=\"\" width=\"1024\" height=\"683\" srcset=\"https:\/\/ultratrail-angkor.com\/wp-content\/uploads\/2025\/02\/Laurence.Tange-UTA2025_180125_07-01-27_210-1024x683.jpg 1024w, https:\/\/ultratrail-angkor.com\/wp-content\/uploads\/2025\/02\/Laurence.Tange-UTA2025_180125_07-01-27_210-300x200.jpg 300w, https:\/\/ultratrail-angkor.com\/wp-content\/uploads\/2025\/02\/Laurence.Tange-UTA2025_180125_07-01-27_210-768x512.jpg 768w, https:\/\/ultratrail-angkor.com\/wp-content\/uploads\/2025\/02\/Laurence.Tange-UTA2025_180125_07-01-27_210-1536x1024.jpg 1536w, https:\/\/ultratrail-angkor.com\/wp-content\/uploads\/2025\/02\/Laurence.Tange-UTA2025_180125_07-01-27_210-280x187.jpg 280w, https:\/\/ultratrail-angkor.com\/wp-content\/uploads\/2025\/02\/Laurence.Tange-UTA2025_180125_07-01-27_210-1170x780.jpg 1170w\" sizes=\"auto, (max-width: 1024px) 100vw, 1024px\" \/><\/p>\r\n<p><span style=\"font-size: 18px;\">\r\n\r\n<\/span><\/p>\r\n<p><span style=\"font-size: 18px;\">Le d\u00e9part se fera \u00e0 \u00e0 Phnom Bok puis rejoindra le site arch\u00e9ologique d\u2019Angkor.\u00a0 Banteay Samre, Eastern Mebon, Prae Roup, Prassat Kravan, Tan\u00e9i, French Bridge jalonneront votre parcours.<\/span><\/p>\r\n<p><span style=\"font-size: 18px;\">\r\n\r\n<\/span><\/p>\r\n<p><span style=\"font-size: 18px;\">Vous vivrez une Aventure extraordinaire que vous garderez pr\u00e9sente dans votre m\u00e9moire pour longtemps. L\u2019accueil chaleureux des habitants ne pourra que vous faire aimer le Cambodge.<\/span><\/p>\r\n<p><span style=\"font-size: 18px;\">\r\n\r\n\r\n\r\n<\/span><\/p>\r\n<p><span style=\"font-size: 18px;\"><strong>Ne ratez pas ce privil\u00e8ge de fouler un site class\u00e9 au patrimoine mondial de l\u2019UNESCO<\/strong><\/span><\/p>\r\n<p><span style=\"font-size: 18px;\">\r\n\r\n<\/span><\/p>\r\n<p><span style=\"font-size: 18px;\">\u00c2me du royaume khmer, les\u00a0<strong>temples d\u2019Angkor<\/strong>, sont \u00a0source d\u2019inspiration et de fiert\u00e9 nationale pour les Cambodgiens et leur beaut\u00e9 fascine depuis toujours les voyageurs du monde.<\/span><\/p>\r\n<p><span style=\"font-size: 18px;\">\r\n\r\n<\/span><\/p>\r\n<figure class=\"wp-block-gallery columns-3 is-cropped aligncenter wp-block-gallery-1 is-layout-flex wp-block-gallery-is-layout-flex\">\r\n<p><img loading=\"lazy\" decoding=\"async\" class=\"size-large wp-image-12572 aligncenter\" src=\"https:\/\/ultratrail-angkor.com\/wp-content\/uploads\/2025\/02\/Laurence.Tange-UTA2025_180125_07-57-33_306-1024x683.jpg\" alt=\"\" width=\"1024\" height=\"683\" srcset=\"https:\/\/ultratrail-angkor.com\/wp-content\/uploads\/2025\/02\/Laurence.Tange-UTA2025_180125_07-57-33_306-1024x683.jpg 1024w, https:\/\/ultratrail-angkor.com\/wp-content\/uploads\/2025\/02\/Laurence.Tange-UTA2025_180125_07-57-33_306-300x200.jpg 300w, https:\/\/ultratrail-angkor.com\/wp-content\/uploads\/2025\/02\/Laurence.Tange-UTA2025_180125_07-57-33_306-768x512.jpg 768w, https:\/\/ultratrail-angkor.com\/wp-content\/uploads\/2025\/02\/Laurence.Tange-UTA2025_180125_07-57-33_306-1536x1024.jpg 1536w, https:\/\/ultratrail-angkor.com\/wp-content\/uploads\/2025\/02\/Laurence.Tange-UTA2025_180125_07-57-33_306-2048x1365.jpg 2048w, https:\/\/ultratrail-angkor.com\/wp-content\/uploads\/2025\/02\/Laurence.Tange-UTA2025_180125_07-57-33_306-280x187.jpg 280w, https:\/\/ultratrail-angkor.com\/wp-content\/uploads\/2025\/02\/Laurence.Tange-UTA2025_180125_07-57-33_306-1170x780.jpg 1170w\" sizes=\"auto, (max-width: 1024px) 100vw, 1024px\" \/><\/p>\r\n<\/figure>\r\n<p><span style=\"font-size: 18px;\">\r\n\r\n<\/span><\/p>\r\n<p><span style=\"font-size: 18px;\">Points de ravitaillement tous les 6km &#8211; 7km environ<\/span><\/p>\r\n<p>\r\n\r\n<\/p>\r\n<p>\r\n\r\n<\/p>\r\n<h2><span style=\"font-size: 20px;\"><span style=\"font-size: 18px;\">Retrouvez tous les d\u00e9tails du parcours et trace GPX sur TRACE DE TRAIL, Partenaire de l&rsquo;UTA: <a href=\"https:\/\/tracedetrail.fr\/fr\/event\/ultra-trail-d-angkor-2026\">https:\/\/tracedetrail.fr\/fr\/event\/ultra-trail-d-angkor-2026<\/a><\/span> <\/span><\/h2>\r\n<p><a href=\"https:\/\/ultratrail-angkor.com\/wp-content\/uploads\/2026\/01\/ultra-trail-d-angkor-2026-jungle-trail-angkor-32-km-2.gpx\">File : GPX FILE<\/a><\/p>\r\n<p>&nbsp;<\/p>\r\n<p><span style=\"font-size: 20px;\"><strong>Les parcours de l\u2019UTA 2027 sont identiques \u00e0 l\u2019UTA 2026<\/strong><\/span><\/p>\r\n<p><\/p>\r\n<center><iframe style=\"border: 0; width: 80%; height: 800px;\" src=\"https:\/\/tracedetrail.fr\/fr\/iframe\/7928\" scrolling=\"no\" allowfullscreen=\"allowfullscreen\"><\/iframe><\/center>\r\n<p><\/p>\r\n<p>\r\n\r\n<\/p>\r\n<p><span style=\"font-size: 18px;\">\r\n\r\n<\/span><\/p>\r\n<p><span style=\"font-size: 18px;\">\r\n\r\n<\/span><\/p>\r\n<p><span style=\"font-size: 18px;\">\r\n\r\n<\/span><\/p>\r\n","protected":false},"excerpt":{"rendered":"<p>Comme sur toutes les autres \u00e9preuves , le Jungle Trail d&rsquo;Angkor 32 km se d\u00e9roulera sur le site arch\u00e9ologique d\u2019Angkor, dans la province du nord du Cambodge de Siem Reap. Ce Trail de 32 km sera couru sur piste, au travers rizi\u00e8res et nature de toute beaut\u00e9 sans oublier les travers\u00e9es d\u2019une multitude de petits<\/p>\n","protected":false},"author":1,"featured_media":0,"parent":0,"menu_order":0,"comment_status":"closed","ping_status":"closed","template":"","meta":{"footnotes":""},"class_list":["post-3029","page","type-page","status-publish","hentry"],"_links":{"self":[{"href":"https:\/\/ultratrail-angkor.com\/index.php?rest_route=\/wp\/v2\/pages\/3029","targetHints":{"allow":["GET"]}}],"collection":[{"href":"https:\/\/ultratrail-angkor.com\/index.php?rest_route=\/wp\/v2\/pages"}],"about":[{"href":"https:\/\/ultratrail-angkor.com\/index.php?rest_route=\/wp\/v2\/types\/page"}],"author":[{"embeddable":true,"href":"https:\/\/ultratrail-angkor.com\/index.php?rest_route=\/wp\/v2\/users\/1"}],"replies":[{"embeddable":true,"href":"https:\/\/ultratrail-angkor.com\/index.php?rest_route=%2Fwp%2Fv2%2Fcomments&post=3029"}],"version-history":[{"count":58,"href":"https:\/\/ultratrail-angkor.com\/index.php?rest_route=\/wp\/v2\/pages\/3029\/revisions"}],"predecessor-version":[{"id":13151,"href":"https:\/\/ultratrail-angkor.com\/index.php?rest_route=\/wp\/v2\/pages\/3029\/revisions\/13151"}],"wp:attachment":[{"href":"https:\/\/ultratrail-angkor.com\/index.php?rest_route=%2Fwp%2Fv2%2Fmedia&parent=3029"}],"curies":[{"name":"wp","href":"https:\/\/api.w.org\/{rel}","templated":true}]}}