{"id":3030,"date":"2026-02-08T03:34:59","date_gmt":"2026-02-08T02:34:59","guid":{"rendered":"https:\/\/ultratrail-angkor.com\/?page_id=3030"},"modified":"2026-02-11T12:18:32","modified_gmt":"2026-02-11T11:18:32","slug":"temple-run-16-km","status":"publish","type":"page","link":"https:\/\/ultratrail-angkor.com\/?page_id=3030","title":{"rendered":"NAGA TRAIL ANGKOR &#8211; 21,100 km"},"content":{"rendered":"\r\n<p><span style=\"font-size: 18px;\">Pour cette <strong>10\u00e8me Edition<\/strong>, le <strong>NAGA TRAIL ANGKOR 21,1 km<\/strong>, dont le nom \u00e9vocateur rend hommage \u00e0 la grandeur du royaume khmer, vient enrichir le programme avec une nouvelle distance semi-marathon. Cette \u00e9preuve de 21,1 km remplace d\u00e9sormais le Temple Run d\u2019Angkor \u2013 18 km et se d\u00e9roule int\u00e9gralement au c\u0153ur du site arch\u00e9ologique d\u2019Angkor, dans la province de Siem Reap, au nord du Cambodge.<\/span><\/p>\r\n<p><span style=\"font-size: 18px;\">Sur ce parcours de 21,1 km, les coureurs emprunteront la partie finale des trac\u00e9s des autres courses au programme, offrant une immersion progressive dans l\u2019univers unique d\u2019Angkor. Le d\u00e9part sera donn\u00e9 depuis Eastern Mebon , avant de rejoindre l\u2019ensemble du site arch\u00e9ologique.<\/span><\/p>\r\n<p><span style=\"font-size: 18px;\">D\u00e8s les premiers m\u00e8tres \u00e0 Eastern Mebon et tout au long du parcours, les sensations seront au rendez-vous, dans un d\u00e9cor charg\u00e9 d\u2019histoire et d\u2019\u00e9motion.<\/span><\/p>\r\n<p><span style=\"font-size: 18px;\">\r\n\r\n<\/span><\/p>\r\n<div class=\"wp-block-image\"><img loading=\"lazy\" decoding=\"async\" class=\"aligncenter size-large wp-image-12575\" src=\"https:\/\/ultratrail-angkor.com\/wp-content\/uploads\/2025\/02\/UTAngkor-2025-Vincent-Licky-452-1-1024x683.jpg\" alt=\"\" width=\"1024\" height=\"683\" srcset=\"https:\/\/ultratrail-angkor.com\/wp-content\/uploads\/2025\/02\/UTAngkor-2025-Vincent-Licky-452-1-1024x683.jpg 1024w, https:\/\/ultratrail-angkor.com\/wp-content\/uploads\/2025\/02\/UTAngkor-2025-Vincent-Licky-452-1-300x200.jpg 300w, https:\/\/ultratrail-angkor.com\/wp-content\/uploads\/2025\/02\/UTAngkor-2025-Vincent-Licky-452-1-768x512.jpg 768w, https:\/\/ultratrail-angkor.com\/wp-content\/uploads\/2025\/02\/UTAngkor-2025-Vincent-Licky-452-1-1536x1024.jpg 1536w, https:\/\/ultratrail-angkor.com\/wp-content\/uploads\/2025\/02\/UTAngkor-2025-Vincent-Licky-452-1-2048x1365.jpg 2048w, https:\/\/ultratrail-angkor.com\/wp-content\/uploads\/2025\/02\/UTAngkor-2025-Vincent-Licky-452-1-280x187.jpg 280w, https:\/\/ultratrail-angkor.com\/wp-content\/uploads\/2025\/02\/UTAngkor-2025-Vincent-Licky-452-1-1170x780.jpg 1170w\" sizes=\"auto, (max-width: 1024px) 100vw, 1024px\" \/><\/div>\r\n<p><span style=\"font-size: 18px;\">\r\n\r\n<\/span><\/p>\r\n<p><span style=\"font-size: 18px;\">Ce Semi marathon trail de 21,100 km sera couru sur piste, au travers rizi\u00e8res et nature de toute beaut\u00e9 sans oublier les travers\u00e9es d\u2019une multitude de petits villages avec fond d\u2019\u00e9cran les Temples d\u2019Angkor. Le temps de quelques kilom\u00e8tres, vous vous sentirez l\u2019\u00e2me d\u2019un aventurier ou les racines g\u00e9antes des fromagers ne demandes qu\u2019\u00e0 vous enlacer ! <strong>Toute la magie de l&rsquo;Ultra Trail d&rsquo;Angkor est sur ces 21,1 kilom\u00e8tres&#8230;<\/strong><\/span><\/p>\r\n<p><span style=\"font-size: 18px;\">\r\n\r\n<\/span><\/p>\r\n<p><span style=\"font-size: 18px;\">\r\n\r\n<\/span><\/p>\r\n<p><span style=\"font-size: 18px;\">Vous vivrez une Aventure extraordinaire que vous garderez pr\u00e9sente dans votre m\u00e9moire pour longtemps. L\u2019accueil chaleureux des habitants ne pourra que vous faire aimer le Cambodge. \u00c2me du royaume khmer, les\u00a0<strong>temples d\u2019Angkor<\/strong>, sont \u00a0source d\u2019inspiration et de fiert\u00e9 nationale pour les Cambodgiens et leur beaut\u00e9 fascine depuis toujours les voyageurs du monde.<\/span><\/p>\r\n<p><span style=\"font-size: 18px;\">\r\n\r\n<\/span><\/p>\r\n<p><span style=\"font-size: 18px;\">\r\n\r\n<\/span><\/p>\r\n<p><span style=\"font-size: 18px;\"><strong>Ne ratez pas ce privil\u00e8ge de fouler un site class\u00e9 au patrimoine mondial de l\u2019UNESCO<\/strong><\/span><\/p>\r\n<p><img loading=\"lazy\" decoding=\"async\" class=\"aligncenter size-large wp-image-12576\" src=\"https:\/\/ultratrail-angkor.com\/wp-content\/uploads\/2025\/02\/PHOTO-UTA-JCLC-SDPO-161-1024x768.jpeg\" alt=\"\" width=\"1024\" height=\"768\" srcset=\"https:\/\/ultratrail-angkor.com\/wp-content\/uploads\/2025\/02\/PHOTO-UTA-JCLC-SDPO-161-1024x768.jpeg 1024w, https:\/\/ultratrail-angkor.com\/wp-content\/uploads\/2025\/02\/PHOTO-UTA-JCLC-SDPO-161-300x225.jpeg 300w, https:\/\/ultratrail-angkor.com\/wp-content\/uploads\/2025\/02\/PHOTO-UTA-JCLC-SDPO-161-768x576.jpeg 768w, https:\/\/ultratrail-angkor.com\/wp-content\/uploads\/2025\/02\/PHOTO-UTA-JCLC-SDPO-161-1536x1152.jpeg 1536w, https:\/\/ultratrail-angkor.com\/wp-content\/uploads\/2025\/02\/PHOTO-UTA-JCLC-SDPO-161-249x187.jpeg 249w, https:\/\/ultratrail-angkor.com\/wp-content\/uploads\/2025\/02\/PHOTO-UTA-JCLC-SDPO-161-1170x878.jpeg 1170w, https:\/\/ultratrail-angkor.com\/wp-content\/uploads\/2025\/02\/PHOTO-UTA-JCLC-SDPO-161.jpeg 2048w\" sizes=\"auto, (max-width: 1024px) 100vw, 1024px\" \/><\/p>\r\n<p><span style=\"font-size: 18px;\">\r\n\r\n<\/span><\/p>\r\n<p class=\"wp-block-gallery-1 is-layout-flex wp-block-gallery-is-layout-flex\"><span style=\"font-size: 18px;\">\r\n\r\n<\/span><\/p>\r\n<p><span style=\"font-size: 18px;\">\r\n\r\n","protected":false},"excerpt":{"rendered":"<p>Pour cette 10\u00e8me Edition, le NAGA TRAIL ANGKOR 21,1 km, dont le nom \u00e9vocateur rend hommage \u00e0 la grandeur du royaume khmer, vient enrichir le programme avec une nouvelle distance semi-marathon. Cette \u00e9preuve de 21,1 km remplace d\u00e9sormais le Temple Run d\u2019Angkor \u2013 18 km et se d\u00e9roule int\u00e9gralement au c\u0153ur du site arch\u00e9ologique d\u2019Angkor,<\/p>\n","protected":false},"author":1,"featured_media":0,"parent":0,"menu_order":0,"comment_status":"closed","ping_status":"closed","template":"","meta":{"footnotes":""},"class_list":["post-3030","page","type-page","status-publish","hentry"],"_links":{"self":[{"href":"https:\/\/ultratrail-angkor.com\/index.php?rest_route=\/wp\/v2\/pages\/3030","targetHints":{"allow":["GET"]}}],"collection":[{"href":"https:\/\/ultratrail-angkor.com\/index.php?rest_route=\/wp\/v2\/pages"}],"about":[{"href":"https:\/\/ultratrail-angkor.com\/index.php?rest_route=\/wp\/v2\/types\/page"}],"author":[{"embeddable":true,"href":"https:\/\/ultratrail-angkor.com\/index.php?rest_route=\/wp\/v2\/users\/1"}],"replies":[{"embeddable":true,"href":"https:\/\/ultratrail-angkor.com\/index.php?rest_route=%2Fwp%2Fv2%2Fcomments&post=3030"}],"version-history":[{"count":45,"href":"https:\/\/ultratrail-angkor.com\/index.php?rest_route=\/wp\/v2\/pages\/3030\/revisions"}],"predecessor-version":[{"id":13239,"href":"https:\/\/ultratrail-angkor.com\/index.php?rest_route=\/wp\/v2\/pages\/3030\/revisions\/13239"}],"wp:attachment":[{"href":"https:\/\/ultratrail-angkor.com\/index.php?rest_route=%2Fwp%2Fv2%2Fmedia&parent=3030"}],"curies":[{"name":"wp","href":"https:\/\/api.w.org\/{rel}","templated":true}]}}