{"id":3053,"date":"2026-02-17T04:15:08","date_gmt":"2026-02-17T03:15:08","guid":{"rendered":"https:\/\/ultratrail-angkor.com\/?page_id=3053"},"modified":"2026-02-24T11:09:56","modified_gmt":"2026-02-24T10:09:56","slug":"reglements-des-epreuves","status":"publish","type":"page","link":"https:\/\/ultratrail-angkor.com\/?page_id=3053","title":{"rendered":"R\u00c8GLEMENT ET PRINCIPES DE L\u2019\u00c9PREUVE"},"content":{"rendered":"<h3>Afin d\u2019\u00e9viter tout \u00e9quivoque avant et pendant la dur\u00e9e des \u00e9preuves, nous vous demandons de prendre votre temps et de lire attentivement ce r\u00e8glement.<\/h3>\n<h3><strong>En s\u2019inscrivant \u00e0 Angkor Trail le participant reconna\u00eet et accepte sans r\u00e9serve le pr\u00e9sent r\u00e8glement dans toutes ses dispositions.<\/strong><\/h3>\n\n<p>&nbsp;<\/p>\n<p>&nbsp;<\/p>\n<p>&nbsp;<\/p>\n","protected":false},"excerpt":{"rendered":"<p>Afin d\u2019\u00e9viter tout \u00e9quivoque avant et pendant la dur\u00e9e des \u00e9preuves, nous vous demandons de prendre votre temps et de lire attentivement ce r\u00e8glement. En s\u2019inscrivant \u00e0 Angkor Trail le participant reconna\u00eet et accepte sans r\u00e9serve le pr\u00e9sent r\u00e8glement dans toutes ses dispositions. &nbsp; &nbsp; &nbsp;<\/p>\n","protected":false},"author":1,"featured_media":0,"parent":0,"menu_order":0,"comment_status":"closed","ping_status":"closed","template":"","meta":{"footnotes":""},"class_list":["post-3053","page","type-page","status-publish","hentry"],"_links":{"self":[{"href":"https:\/\/ultratrail-angkor.com\/index.php?rest_route=\/wp\/v2\/pages\/3053","targetHints":{"allow":["GET"]}}],"collection":[{"href":"https:\/\/ultratrail-angkor.com\/index.php?rest_route=\/wp\/v2\/pages"}],"about":[{"href":"https:\/\/ultratrail-angkor.com\/index.php?rest_route=\/wp\/v2\/types\/page"}],"author":[{"embeddable":true,"href":"https:\/\/ultratrail-angkor.com\/index.php?rest_route=\/wp\/v2\/users\/1"}],"replies":[{"embeddable":true,"href":"https:\/\/ultratrail-angkor.com\/index.php?rest_route=%2Fwp%2Fv2%2Fcomments&post=3053"}],"version-history":[{"count":64,"href":"https:\/\/ultratrail-angkor.com\/index.php?rest_route=\/wp\/v2\/pages\/3053\/revisions"}],"predecessor-version":[{"id":13563,"href":"https:\/\/ultratrail-angkor.com\/index.php?rest_route=\/wp\/v2\/pages\/3053\/revisions\/13563"}],"wp:attachment":[{"href":"https:\/\/ultratrail-angkor.com\/index.php?rest_route=%2Fwp%2Fv2%2Fmedia&parent=3053"}],"curies":[{"name":"wp","href":"https:\/\/api.w.org\/{rel}","templated":true}]}}