{"id":3520,"date":"2019-07-27T04:12:06","date_gmt":"2019-07-27T02:12:06","guid":{"rendered":"https:\/\/ultratrail-angkor.com\/?page_id=3520"},"modified":"2019-07-29T09:26:03","modified_gmt":"2019-07-29T07:26:03","slug":"races-websites-friends","status":"publish","type":"page","link":"https:\/\/ultratrail-angkor.com\/?page_id=3520&lang=en","title":{"rendered":"Races &#038; websites friends"},"content":{"rendered":"\n<p><strong>LE FRUIT TRIATHLON \u2013 16th edition, June 1, 2019 \u2013 when sport and nature meet. A genuine friendly and family event.<\/strong><\/p>\n\n\n\n<div class=\"wp-block-image\"><figure class=\"alignleft\"><a href=\"https:\/\/vergersmekong.com.vn\/\"><img decoding=\"async\" src=\"https:\/\/ultratrail-angkor.com\/wp-content\/uploads\/2019\/03\/Logo-Triathlon-Le-Fruit.jpg\" alt=\"Logo Triathlon Le Fruit\" class=\"wp-image-5630\"\/><\/a><\/figure><\/div>\n\n\n\n<p>Le Fruit off-road Triathlon returns. First held in 2002, it is the longest standing multi-sport event and unique off-road triathlon organized in Vietnam. Now on its 16th edition, the race will take you to the nature reserve of Binh Chau \u2013 Southern Vietnam, a protected rainforest of 11,000-hectare along the coastline. The site is only two hours and half (120km) by car from Ho chi Minh City.<br>Le Fruit Triathlon has kept true to its roots and its original spirit by offering a friendly and family-oriented celebration of off-roads sports. Le Fruit Triathlon has breathtaking scenery, from the beautiful pristine Ho Tram beach, challenging single-track trails in the nature reserve and plenty of dirt to keep you happy from start to finish.<br>The race is a GREEN EVENT. Le Fruit Triathlon, named after the local and sustainable juices Le Fruit, is committed to create an environmental-friendly event by reducing its carbon footprint and adopting sustainable practices.<\/p>\n\n\n\n<p><strong>Offering 5 different categories:<\/strong><\/p>\n\n\n\n<p><strong>-Sprinter Individual: 500m swim, 20km bike, 5km run<\/strong><br><strong>-Sprinter Relay: 500m swim, 20km bike, 5km run<\/strong><br><strong>-Duathlon: 5km run, 20km ride, 5km run<\/strong><br><strong>-Rookie (from 10yo): 100m swim, 4km bike, 3km run<\/strong><br><strong>-Aero \u2013 Kids (6 to 10 yo): 50m swim, 2km ride, 1.5km run<\/strong><\/p>\n\n\n\n<p>\u201cLe Fruit Triathlon is not only about the challenge of overcoming itself, it is rather about participating to a family-friendly celebration of off-road sports in Vietnam and bringing people from different skill levels, ages, and backgrounds together\u201d \u2013 said Jean Luc Voisin, founder of Le Fruit and creator of Le Fruit Triathlon.<\/p>\n\n\n\n<p>Registration:&nbsp;&nbsp;<a href=\"http:\/\/www.triathlonvietnam.com\/\">www.triathlonvietnam.com<\/a><\/p>\n\n\n\n<div class=\"wp-block-image\"><figure class=\"aligncenter\"><img decoding=\"async\" src=\"https:\/\/ultratrail-angkor.com\/wp-content\/uploads\/2019\/03\/Triathlon-Le-Fruit-1.jpg\" alt=\"Triathlon Le Fruit\" class=\"wp-image-5631\"\/><\/figure><\/div>\n\n\n\n<hr class=\"wp-block-separator is-style-wide\"\/>\n\n\n\n<h2 class=\"wp-block-heading\"> <a href=\"https:\/\/ultratrail-angkor.com\/?page_id=3073\">USE YOUR TRIP IN CAMBODIA TO DISCOVER IT OTHERWISE<\/a> <\/h2>\n\n\n\n<div class=\"wp-block-image\"><figure class=\"alignleft\"><a href=\"https:\/\/ultratrail-angkor.com\/wp-content\/uploads\/2015\/12\/Quad-Adventure.jpg\"><img decoding=\"async\" src=\"https:\/\/ultratrail-angkor.com\/wp-content\/uploads\/2015\/12\/Quad-Adventure-300x189.jpg\" alt=\"quad-adventure\" class=\"wp-image-3422\"\/><\/a><\/figure><\/div>\n\n\n\n<p>Take a trip with Quad Adventure Cambodia and see how much more there is to Siem Reap city than Angkor Wat and the Bayon.<\/p>\n\n\n\n<p>It is a fun way to see the surrounding countryside. Join us and take a ride through the villages, rice paddies and get a real insight into this beautiful country and its friendly people.<\/p>\n\n\n\n<p>Whether you want a relaxing sunset tour with the family or an extreme adventure with a full day ride , we have a package to suit everyone.<\/p>\n\n\n\n<p>So reserve yourself a place on one of our tours or contact us for more information now at:&nbsp;<a href=\"http:\/\/www.quad-adventure-cambodia.com\/\">www.quad-adventure-cambodia.com<\/a><\/p>\n\n\n\n<div class=\"wp-block-image\"><figure class=\"aligncenter\"><img decoding=\"async\" src=\"https:\/\/ultratrail-angkor.com\/wp-content\/uploads\/2015\/12\/Coucher-de-soleil-Quad.jpg\" alt=\"coucher-de-soleil-quad\" class=\"wp-image-3421\"\/><\/figure><\/div>\n\n\n\n<hr class=\"wp-block-separator is-style-wide\"\/>\n\n\n\n<h2 class=\"wp-block-heading\"><a href=\"http:\/\/tracedetrail.fr\/assets\/downloads\/Angkor.zip\">INSTRUCTIONS FOR USE THE COMPETITION MODULE OF TRAILCONNECT\u00ae APP<\/a><\/h2>\n\n\n\n<p>INSTRUCTIONS FOR USE THE COMPETITION MODULE OF TRAILCONNECT\u00ae APP<br>SPECIAL ANGKOR ULTRA TRAIL<\/p>\n\n\n\n<div class=\"wp-block-image\"><figure class=\"alignleft\"><img decoding=\"async\" src=\"https:\/\/ultratrail-angkor.com\/wp-content\/uploads\/2017\/12\/Trail-Connect.jpg\" alt=\"Trail Connect\" class=\"wp-image-4386\"\/><\/figure><\/div>\n\n\n\n<p>Trace De Trail is partner of Angkor Ultra Trail and offers to runners special mobile tools for the race.<br>Thanks to the mobile app Trail Connect, you will access to the following services for free :<\/p>\n\n\n\n<p>Embark the routes in your smartphone<br>to locate you at any time (on map and elevation profile),<br>including without network access ;<br>\u2022 Access to live tracking service<br>to allow your friends to follow you during the race ;<br>\u2022 Access to emergency module<br>to quickly contact the organization and communicate your<br>position in cas of problems.<\/p>\n\n\n\n<p>Instructions, clic:&nbsp;<a href=\"https:\/\/tracedetrail.fr\/assets\/downloads\/compets\/notice_trailconnect_compet_en.pdf\">Notice_TrailConnect_Angkor_en. pdf<\/a><\/p>\n\n\n\n<p>Find on live runner&nbsp;:&nbsp;<a href=\"https:\/\/tracedetrail.com\/fr\/compets\/races\/angkor\">LIVE<\/a><\/p>\n\n\n\n<p>Find&nbsp;a runner&nbsp;:&nbsp;<a href=\"https:\/\/tracedetrail.com\/fr\/compets\/dossards\/angkor\">Liste of Runner<\/a><\/p>\n\n\n\n<p>Visuals of the application:&nbsp;<a class=\"\" href=\"http:\/\/tracedetrail.fr\/assets\/downloads\/Angkor.zip\">tracedetrail.fr\/assets\/downloads\/Angkor.zip<\/a><\/p>\n\n\n\n<p>To learn more, click video:&nbsp;<a href=\"https:\/\/www.youtube.com\/watch?v=pFQNmf24kWY\">https:\/\/www.youtube.com\/watch?v=pFQNmf24kWY<\/a><\/p>\n\n\n\n<hr class=\"wp-block-separator is-style-wide\"\/>\n\n\n\n<h2 class=\"wp-block-heading\"><\/h2>\n\n\n\n<h2 class=\"wp-block-heading\"><a href=\"https:\/\/www.marathondubeaujolais.org\/en\/\">Le marathon du Beaujolais november, 23th 2019<\/a><\/h2>\n\n\n\n<h2 class=\"wp-block-heading\">2019: A start with a flourish!<\/h2>\n\n\n\n<div class=\"wp-block-image\"><figure class=\"alignleft\"><img decoding=\"async\" src=\"https:\/\/ultratrail-angkor.com\/wp-content\/uploads\/2017\/05\/Marathon-du-Beaujolais.jpg\" alt=\"Marathon du Beaujolais\" class=\"wp-image-3994\"\/><\/figure><\/div>\n\n\n\n<p>Just two months after the opening date, entries have been coming in thick and fast for all the races. 20,000 runners are expected to take part in the four races in Villefranche-sur-Sa\u00f4ne in 2019.<\/p>\n\n\n\n<p>The 15th Marathon International du Beaujolais will yet again be the unmissable fun sporting event in November. Ranked amongst the top 10 marathons in France, and one of the top five festive races in the country, the 2019 event features some star attractions that will make for an unforgettable stay in Le Beaujolais.<\/p>\n\n\n\n<p>Hurry up to get your bib number and to book for events: pasta party, Marathon Night Party and Sunday wine testing day at Hameau du Vin museum<\/p>\n\n\n\n<p>Information at:&nbsp;<a href=\"https:\/\/www.marathondubeaujolais.org\/en\/\">https:\/\/www.marathondubeaujolais.org\/en\/<\/a><\/p>\n\n\n\n<p>2019: A start with a flourish! Just two months after the opening date, entries have been coming in thick and fast for all the races. 20,000 runners are expected to take part in the four races in Villefranche-sur-Sa\u00f4ne in 2019. The 15th Marathon International du Beaujolais will yet again be the unmissable [\u2026]\n\n\n\n<hr class=\"wp-block-separator is-style-wide\"\/>\n\n\n\n<h2 class=\"wp-block-heading\"><a href=\"http:\/\/www.morbihan.fr\/\">Grand Raid du Morbihan, 27, 28, 29, 30 june 2019<\/a><\/h2>\n\n\n\n<p>15th edition \u2013&nbsp; 27, 28, 29, 30 june 2019<\/p>\n\n\n\n<p>&nbsp;<strong>Sporting activity and discovery in Gulf of Morbihan<\/strong><\/p>\n\n\n\n<div class=\"wp-block-image\"><figure class=\"alignleft\"><img decoding=\"async\" src=\"https:\/\/ultratrail-angkor.com\/wp-content\/uploads\/2016\/04\/Logo-Grand-Raid-du-Morbihan1-300x185.jpg\" alt=\"Logo Grand Raid du Morbihan\" class=\"wp-image-2901\"\/><\/figure><\/div>\n\n\n\n<p>Since 2005&nbsp;<strong><em>the Ultra Marin Raid Golfe du Morbihan Association&nbsp;<\/em><\/strong>has organised an annual Trail Running event in the month of June. This sport orientated experience involves a number of races along trails comprising of approximately 80% paths and 20% roads marked out by&nbsp;<a href=\"http:\/\/www.morbihan.fr\/\">Morbihan General Council<\/a>&nbsp;around theGulf of Morbihan area. The Raid Golfe du Morbihan winds its way through 17 municipalities including the urban areas of&nbsp;<a href=\"http:\/\/www.youtube.com\/watch?v=ZKyDST8cIO8&amp;feature=player_embedded\"><strong>Vannes<\/strong><\/a>and&nbsp;<a href=\"http:\/\/www.auray-tourism.com\/\"><strong>Auray&nbsp;<\/strong><\/a>as well as&nbsp;<strong>S\u00e9n\u00e9, Theix, Noyalo, Le H\u00e9zo,&nbsp;<a href=\"http:\/\/vimeopro.com\/saintthomastv\/rhuys\/video\/75210844\">Saint-Armel<\/a>,&nbsp;<a href=\"http:\/\/vimeopro.com\/saintthomastv\/rhuys\/video\/75207468\">Sarzeau<\/a>,&nbsp;<a href=\"http:\/\/vimeopro.com\/saintthomastv\/rhuys\/video\/75205437\">Saint Gildas<\/a>,&nbsp;<a href=\"http:\/\/vimeopro.com\/saintthomastv\/rhuys\/video\/79699041\">Arzon<\/a>, Locmariaquer, Crach, Pluneret, Le Bono, Baden, Larmor-Baden and Arradon.<\/strong><\/p>\n\n\n\n<p>This&nbsp;<strong>unusual, visually appealing and varied running course<\/strong>&nbsp;in the heart of the&nbsp;<a href=\"http:\/\/en.tourisme-vannes.com\/discover\/golfe-morbihan\">Gulf of Morbihan&nbsp;<\/a>and&nbsp;<a href=\"http:\/\/www.bretagne.fr\/internet\/jcms\/JB080225_11542\/english\">Brittany&nbsp;<\/a>has been marked out and made safe for competitors day and night during the event. Participants can subsequently enjoy a&nbsp;<strong>major sporting challenge<\/strong>&nbsp;in a&nbsp;<a href=\"http:\/\/www.raid-golfe-morbihan.org\/multimedia\/photos?categorie=29\">marvellously magical setting.<\/a><\/p>\n\n\n\n<div class=\"wp-block-image\"><figure class=\"alignleft\"><img decoding=\"async\" src=\"https:\/\/ultratrail-angkor.com\/wp-content\/uploads\/2016\/04\/Grand-Raid-du-Morbihan-11.jpg\" alt=\"Grand Raid du Morbihan 1\" class=\"wp-image-2902\"\/><\/figure><\/div>\n\n\n\n<p>Every year competitors sprint their way along coastal trails from one cove to the next, skirting lovely little beaches and rocky outcrops and soaking up the fabulous scenery of<strong>&nbsp;<a href=\"http:\/\/en.tourisme-vannes.com\/discover\/golfe-morbihan\">the Gulf of Morbihan<\/a><\/strong><a href=\"http:\/\/en.tourisme-vannes.com\/discover\/golfe-morbihan\">.<\/a>&nbsp;Heather and gorse-lined paths take them through pine forests to the old tide-powered windmills of&nbsp;<strong>Noyalo<\/strong>&nbsp;and<strong>&nbsp;Pen Castel&nbsp;<\/strong>on the<a href=\"http:\/\/vimeopro.com\/saintthomastv\/rhuys\/video\/76890955\">&nbsp;Peninsula of Rhuys<\/a>. Participants cross stone bridges and the old suspension bridge at&nbsp;<strong>Bono<\/strong>&nbsp;with wonderful views of the river and continue on through the many little ports that dot the route including&nbsp;<strong>Saint-Goustan, Port-Navalo, Port du Logeo, Port-Blanc, Port-Anna&nbsp;<\/strong>and<strong><a href=\"http:\/\/en.mairie-vannes.fr\/\">&nbsp;Vannes<\/a>.<\/strong><\/p>\n\n\n\n<p>Menhirs pop into view along the way as well as the megalithic burial mounds at&nbsp;<strong>Kernours<\/strong>&nbsp;just outside the town of&nbsp;<strong>Bono<\/strong>.<\/p>\n\n\n\n<p>Runners will also pass timbered houses along their journey such as those in the port of&nbsp;<strong>Saint-Goustan<\/strong>with its cobbled streets lined with small restaurants, as well as fishermen\u2019s cottages hugging coastal paths and old Breton stone houses fringing village streets. Participants might also be surprised by the diversity of bird species as they cross the marshlands of&nbsp;<strong>S\u00e9n\u00e9, H\u00e9zo and Saint-Armel&nbsp;<\/strong>\u2013 a wonderful sight for those of a dreamy disposition.<\/p>\n\n\n\n<div class=\"wp-block-image\"><figure class=\"alignleft\"><img decoding=\"async\" src=\"https:\/\/ultratrail-angkor.com\/wp-content\/uploads\/2016\/04\/Grand-Raid-du-Morbihan-21-300x200.jpg\" alt=\"Grand Raid du Morbihan 2\" class=\"wp-image-2903\"\/><\/figure><\/div>\n\n\n\n<p>Despite the rugged nature of the coastline, especially at Arzon and at Larmor-Baden, this 177 kilometre course incorporates a total rise and fall in ground level of 1042 metres and does not present any major technical challenges.<\/p>\n\n\n\n<p>However this is a long distance race and as such requires participants to prepare themselves physically to cope with a variety of surfaces from soft sand to hard rock, dirt trails and bitumen. Trails are often littered with tree roots and other stumbling hazards so participants are required to be vigilant and wear a head torch when running at night.<\/p>\n\n\n\n<p><a href=\"http:\/\/www.raid-golfe-morbihan.org\/info\/morbihan\">Information websites about the Morbihan county and citys around the Gulf<\/a><\/p>\n\n\n\n<p>Participate in one of the&nbsp;<strong>5 races<\/strong>&nbsp;organized by&nbsp;<strong>Ultra Marin Raid Golfe du Morbihan&nbsp;<\/strong>and spend a&nbsp;<strong>nice sporting moment&nbsp;<\/strong>in an&nbsp;<strong>exceptional setting<\/strong>&nbsp;in Brittany.<br>A human adventure&nbsp;in which&nbsp;<strong>discovery, conviviality and&nbsp;solidarity&nbsp;<\/strong>make sense!<\/p>\n\n\n\n<p>Site Internet:&nbsp;<a href=\"http:\/\/www.raid-golfe-morbihan.org\/en\/\">http:\/\/www.raid-golfe-morbihan.org\/en\/<\/a><\/p>\n\n\n\n<p><a href=\"http:\/\/www.raid-golfe-morbihan.org\/en\/presentation\/grand-raid-177-km\">Our events<\/a><\/p>\n\n\n\n<table class=\"wp-block-table\"><tbody><tr><td><a href=\"http:\/\/www.raid-golfe-morbihan.org\/en\/presentation\/grand-raid-177-km\" target=\"_blank\" rel=\"noreferrer noopener\">Grand Raid<\/a><a href=\"http:\/\/www.raid-golfe-morbihan.org\/en\/presentation\/raid-87-km\" target=\"_blank\" rel=\"noreferrer noopener\">Raid<\/a><a href=\"http:\/\/www.raid-golfe-morbihan.org\/presentation\/trail-56-golfe-morbihan\">Trail<\/a><a href=\"http:\/\/www.raid-golfe-morbihan.org\/presentation\/ronde-des-douaniers\">Ronde des Douaniers<\/a><a href=\"http:\/\/www.raid-golfe-morbihan.org\/presentation\/marche-nordique-golfe-morbihan\">Nordic walk<\/a><a href=\"http:\/\/www.raid-golfe-morbihan.org\/en\/177km-relay\" target=\"_blank\" rel=\"noreferrer noopener\">Relay<\/a><\/td><td>177 km<br>87 km<br>56 km<br>36 km<br>28 km<\/td><\/tr><\/tbody><\/table>\n\n\n\n<hr class=\"wp-block-separator is-style-wide\"\/>\n\n\n\n<h2 class=\"wp-block-heading\"><a href=\"https:\/\/ultratrail-angkor.com\/wp-content\/uploads\/2015\/11\/De%CC%81pliant-web-YanDefond.pdf\">YanDefond<\/a><\/h2>\n\n\n\n<ul class=\"wp-block-list\"><li><a href=\"https:\/\/ultratrail-angkor.com\/wp-content\/uploads\/2015\/11\/Logo-YannDefond1.jpg\"><\/a><\/li><li><a href=\"http:\/\/www.defondyann.com\/en\/Graphic_arts.html\">Graphic&nbsp;arts<\/a><\/li><li><a href=\"http:\/\/www.defondyann.com\/en\/Photography.html\">Photography<\/a><\/li><li><a href=\"http:\/\/www.defondyann.com\/en\/Translation.html\">Translation<\/a><\/li><li><a href=\"http:\/\/www.defondyann.com\/en\/Rates.html\">Rates<\/a><\/li><li><a href=\"http:\/\/www.defondyann.com\/en\/Contact.html\">Contact<\/a><\/li><li><a href=\"http:\/\/www.defondyann.com\/en\/PRAP_Soviet.html\">PRAP&nbsp;Soviet<\/a><\/li><\/ul>\n\n\n\n<div class=\"wp-block-image\"><figure class=\"alignleft\"><img decoding=\"async\" src=\"https:\/\/ultratrail-angkor.com\/wp-content\/uploads\/2015\/11\/YanDefond1.jpg\" alt=\"YanDefond\" class=\"wp-image-1737\"\/><\/figure><\/div>\n\n\n\n<p>flyer | brochure | illustration | booklet | corporate identity | logo | fresco | object design | drawing | letterhead | banner | menu | pamphlet | business card | prospectus | panel | catalogue | Story board | poster | print ad | book&nbsp;| website | painting | packing | interior design | calendar | 3D modelling | map\u2026<\/p>\n\n\n\n<p>Following up, you will find attached file with all information:&nbsp;<a href=\"https:\/\/ultratrail-angkor.com\/wp-content\/uploads\/2015\/11\/De%CC%81pliant-web-YanDefond.pdf\">D\u00e9pliant web YanDefond<\/a><\/p>\n\n\n\n<hr class=\"wp-block-separator is-style-wide\"\/>\n\n\n\n<h2 class=\"wp-block-heading\"><a href=\"https:\/\/ultratrail-angkor.com\/en\/sabay-our-local-online-magazine-partner-2\/\">Sabay : Our Local Online Magazine Partner !<\/a><\/h2>\n\n\n\n<div class=\"wp-block-image\"><figure class=\"alignleft\"><img decoding=\"async\" src=\"https:\/\/ultratrail-angkor.com\/wp-content\/uploads\/2015\/11\/sabay-logo1-300x135.jpg\" alt=\"sabay logo\" class=\"wp-image-1671\"\/><\/figure><\/div>\n\n\n\n<figure class=\"wp-block-embed\"><div class=\"wp-block-embed__wrapper\">\nhttp:\/\/news.sabay.com.kh\/article\/519320\n<\/div><\/figure>\n","protected":false},"excerpt":{"rendered":"<p>LE FRUIT TRIATHLON \u2013 16th edition, June 1, 2019 \u2013 when sport and nature meet. A genuine friendly and family event. Le Fruit off-road Triathlon returns. First held in 2002, it is the longest standing multi-sport event and unique off-road triathlon organized in Vietnam. Now on its 16th edition, the race will take you to<\/p>\n","protected":false},"author":1,"featured_media":0,"parent":0,"menu_order":0,"comment_status":"closed","ping_status":"closed","template":"","meta":{"footnotes":""},"class_list":["post-3520","page","type-page","status-publish","hentry"],"_links":{"self":[{"href":"https:\/\/ultratrail-angkor.com\/index.php?rest_route=\/wp\/v2\/pages\/3520","targetHints":{"allow":["GET"]}}],"collection":[{"href":"https:\/\/ultratrail-angkor.com\/index.php?rest_route=\/wp\/v2\/pages"}],"about":[{"href":"https:\/\/ultratrail-angkor.com\/index.php?rest_route=\/wp\/v2\/types\/page"}],"author":[{"embeddable":true,"href":"https:\/\/ultratrail-angkor.com\/index.php?rest_route=\/wp\/v2\/users\/1"}],"replies":[{"embeddable":true,"href":"https:\/\/ultratrail-angkor.com\/index.php?rest_route=%2Fwp%2Fv2%2Fcomments&post=3520"}],"version-history":[{"count":4,"href":"https:\/\/ultratrail-angkor.com\/index.php?rest_route=\/wp\/v2\/pages\/3520\/revisions"}],"predecessor-version":[{"id":3745,"href":"https:\/\/ultratrail-angkor.com\/index.php?rest_route=\/wp\/v2\/pages\/3520\/revisions\/3745"}],"wp:attachment":[{"href":"https:\/\/ultratrail-angkor.com\/index.php?rest_route=%2Fwp%2Fv2%2Fmedia&parent=3520"}],"curies":[{"name":"wp","href":"https:\/\/api.w.org\/{rel}","templated":true}]}}