{"id":3562,"date":"2026-02-03T05:29:32","date_gmt":"2026-02-03T04:29:32","guid":{"rendered":"https:\/\/ultratrail-angkor.com\/?page_id=3562"},"modified":"2026-02-28T22:44:43","modified_gmt":"2026-02-28T21:44:43","slug":"qui-sommes-nous","status":"publish","type":"page","link":"https:\/\/ultratrail-angkor.com\/?page_id=3562","title":{"rendered":"Qui sommes- nous ?"},"content":{"rendered":"\r\n<p><span style=\"font-size: 18px;\"><strong><em>Jean-Claude LE CORNEC (fondateur de SDPO)<\/em><\/strong><\/span><\/p>\r\n<p><span style=\"font-size: 18px;\">\r\n\r\n<\/span><\/p>\r\n<p><span style=\"font-size: 18px;\">Ancien Inspecteur Qualit\u00e9 chez Eurocopter, il a d\u00e9j\u00e0 tra\u00een\u00e9 ses gu\u00eatres sur le Paris-Gao-Dakar, la travers\u00e9e des Etats-Unis par la fameuse route 66 (de Chicago \u00e0 Los Angles), le Marathon des Sables (dans le d\u00e9sert sud-marocain), le Colorado, la Trans Atlas, la Trans Cappadoce\u2026<\/span><\/p>\r\n<p><span style=\"font-size: 18px;\">\r\n\r\n<\/span><\/p>\r\n<p><span style=\"font-size: 18px;\">SDPO, c\u2019est l\u2019histoire d\u2019un coureur marathonien Jean Claude Le Cornec qui, au sommet (et \u00e0 la fin) de sa carri\u00e8re, d\u00e9cida de faire partager (en tant qu\u2019organisateur) aux sportifs du monde entier sa propre passion. Mais, d\u00e9\u00e7u par l\u2019approche purement sportive de son propre parcours (courir \u00e0 travers le monde, sans le d\u00e9couvrir) il d\u00e9cida de proposer aux Coureurs puis aux Marcheurs de d\u00e9cliner diff\u00e9remment leurs talents en conjuguant Sport et Culture.<\/span><\/p>\r\n<p><span style=\"font-size: 18px;\">\r\n\r\n<\/span><\/p>\r\n<p><span style=\"font-size: 18px;\">Fondateur et organisateur des Foul\u00e9es de la Soie, Jean-Claude Le Cornec est un passionn\u00e9 de course \u00e0 pied et un amoureux des voyages.<\/span><\/p>\r\n<p><span style=\"font-size: 18px;\">\r\n\r\n\r\n\r\n<\/span><\/p>\r\n<p><span style=\"font-size: 18px;\"><img loading=\"lazy\" decoding=\"async\" class=\"alignleft wp-image-12542\" src=\"https:\/\/ultratrail-angkor.com\/wp-content\/uploads\/2025\/02\/Portrait-Jean-Claude-UTA--834x1024.jpg\" alt=\"\" width=\"400\" height=\"491\" srcset=\"https:\/\/ultratrail-angkor.com\/wp-content\/uploads\/2025\/02\/Portrait-Jean-Claude-UTA--834x1024.jpg 834w, https:\/\/ultratrail-angkor.com\/wp-content\/uploads\/2025\/02\/Portrait-Jean-Claude-UTA--244x300.jpg 244w, https:\/\/ultratrail-angkor.com\/wp-content\/uploads\/2025\/02\/Portrait-Jean-Claude-UTA--768x943.jpg 768w, https:\/\/ultratrail-angkor.com\/wp-content\/uploads\/2025\/02\/Portrait-Jean-Claude-UTA--1251x1536.jpg 1251w, https:\/\/ultratrail-angkor.com\/wp-content\/uploads\/2025\/02\/Portrait-Jean-Claude-UTA--1668x2048.jpg 1668w, https:\/\/ultratrail-angkor.com\/wp-content\/uploads\/2025\/02\/Portrait-Jean-Claude-UTA--152x187.jpg 152w, https:\/\/ultratrail-angkor.com\/wp-content\/uploads\/2025\/02\/Portrait-Jean-Claude-UTA--1170x1436.jpg 1170w\" sizes=\"auto, (max-width: 400px) 100vw, 400px\" \/><\/span><\/p>\r\n<p><span style=\"font-size: 18px;\">Pr\u00e9curseur de la course Aventure, Jean Claude d\u00e9marre avec SDPO l\u2019Aventure sportive pour la premi\u00e8re fois en Ao\u00fbt 1996 avec les Foul\u00e9es de la Soie (premier Raid p\u00e9destre organis\u00e9 en Chine sur la Route de la Soie) et dans leur prolongement, l\u2019accompagnement au Marathon de P\u00e9kin, puis Shanghai. Puis, au fil du temps, l\u2019enthousiasme et la fid\u00e9lit\u00e9 des participants successifs ont permis de partager d\u2019autres destinations caract\u00e9ris\u00e9es par leur histoire et leurs particularit\u00e9s: <strong>ANGKOR TRAIL<\/strong> ( ex <strong>ULTRA TRAIL D\u2019ANGKOR),<\/strong>\u00a0tout ceci dans des d\u00e9cors naturels in\u00e9dits, puisque SDPO proc\u00e8de \u00e0 la reconnaissance de tous ses parcours et les structure en veillant au maximum \u00e0 \u00e9viter les itin\u00e9raires habituels.<\/span><\/p>\r\n<p><span style=\"font-size: 18px;\">\r\n\r\n<\/span><\/p>\r\n<p><span style=\"font-size: 18px;\">Jean Claude a su tisser autour de lui, une structure compos\u00e9e de professionnels et passionn\u00e9s de sport (m\u00e9decins, kin\u00e9s, photographes, cam\u00e9raman, journalistes, informaticiens,\u2026), issus de tous milieux.\u00a0 Cette structure devient op\u00e9rationnelle, pour le bonheur des participants qu\u2019au moment des \u00e9preuves.<\/span><\/p>\r\n<p><span style=\"font-size: 18px;\">\r\n\r\n<\/span><\/p>\r\n<p><span style=\"font-size: 18px;\">La maxime de SDPO :<strong><em> \u201cSI COURIR OU MARCHER \u00c9TAIT NOTRE SEUL BUT, NOUS PASSERIONS A COTES DE MOMENTS INOUBLIABLES\u201d<\/em><\/strong><\/span><\/p>\r\n<p><span style=\"font-size: 18px;\">\r\n\r\n<\/span><\/p>\r\n<p><span style=\"font-size: 18px;\">Cette maxime a fait le bonheur de milliers de participants depuis 1996\u2026<\/span><\/p>\r\n<p><span style=\"font-size: 18px;\">Avec toute son \u00e9quipe, Jean Claude est aussi engag\u00e9 dans des op\u00e9rations humanitaires. Aide aux minorit\u00e9s des pays travers\u00e9s comme les tib\u00e9tains en Chine en participant financi\u00e8rement \u00e0 la reconstruction des temples d\u00e9truits par la r\u00e9volution. Les plus hautes instances lama\u00efstes m\u2019ont d\u2019ailleurs donn\u00e9 l\u2019autorisation de courir sur le chemin des pri\u00e8res tib\u00e9tains. Au Sri\u2013Lanka, apr\u00e8s le tsunami, SDPO avec l\u2019aide de la communaut\u00e9 des coureurs\u00a0 a particip\u00e9 dans la reconstruction du pays. Au Cambodge, aide aupr\u00e8s de 3 ONG,.. r\u00e9fection de toit d&rsquo;une \u00e9cole, r\u00e9fection d&rsquo;ouvrages (petits ponts)&#8230;beaucoup de projets en cours comme l\u2019installation de pompes \u00e0 eau dans les villages,&#8230;<\/span><\/p>\r\n<p><span style=\"font-size: 18px;\">En France, Jean Claude est Parrain de l&rsquo;association Monsieur Nez Rouge, une association qui se bat au quotidien pour aider les enfants malades&#8230;<\/span><\/p>\r\n<p><span style=\"font-size: 18px;\">Depuis la cr\u00e9ation de l&rsquo;AEIFA (Association des Entraineur d&rsquo;Ile de France d&rsquo;Athl\u00e9tisme), Jean Claude est membre du bureau directeur. il g\u00e8re actuellement le site Internet des Entraineurs ainsi que son bulletin d&rsquo;informations.<\/span><\/p>\r\n<p>&nbsp;<\/p>\r\n<p><span style=\"font-size: 18px;\">\r\n\r\n<\/span><\/p>\r\n<figure><\/figure>\r\n<figure class=\"wp-block-image size-large\"><span style=\"font-size: 18px;\"><strong>\u00a0\u00a0\u00a0\u00a0\u00a0\u00a0\u00a0\u00a0\u00a0\u00a0\u00a0\u00a0\u00a0\u00a0\u00a0\u00a0\u00a0\u00a0\u00a0\u00a0\u00a0\u00a0\u00a0\u00a0\u00a0\u00a0\u00a0\u00a0\u00a0\u00a0\u00a0\u00a0\u00a0\u00a0\u00a0\u00a0\u00a0\u00a0\u00a0\u00a0\u00a0\u00a0\u00a0\u00a0\u00a0\u00a0\u00a0\u00a0\u00a0\u00a0\u00a0\u00a0\u00a0\u00a0\u00a0\u00a0\u00a0\u00a0\u00a0\u00a0\u00a0\u00a0\u00a0\u00a0\u00a0\u00a0\u00a0\u00a0\u00a0\u00a0\u00a0\u00a0\u00a0\u00a0\u00a0\u00a0\u00a0\u00a0\u00a0\u00a0\u00a0\u00a0\u00a0\u00a0\u00a0\u00a0\u00a0\u00a0\u00a0\u00a0\u00a0\u00a0\u00a0\u00a0 <span style=\"font-size: 20px;\">\u00c9quipe organisatrice<\/span><\/strong><\/span><\/figure>\r\n<p><img loading=\"lazy\" decoding=\"async\" class=\"aligncenter size-large wp-image-12538\" src=\"https:\/\/ultratrail-angkor.com\/wp-content\/uploads\/2025\/02\/STAFF-UTA-2025-1024x475.jpg\" alt=\"\" width=\"1024\" height=\"475\" srcset=\"https:\/\/ultratrail-angkor.com\/wp-content\/uploads\/2025\/02\/STAFF-UTA-2025-1024x475.jpg 1024w, https:\/\/ultratrail-angkor.com\/wp-content\/uploads\/2025\/02\/STAFF-UTA-2025-300x139.jpg 300w, https:\/\/ultratrail-angkor.com\/wp-content\/uploads\/2025\/02\/STAFF-UTA-2025-768x356.jpg 768w, https:\/\/ultratrail-angkor.com\/wp-content\/uploads\/2025\/02\/STAFF-UTA-2025-1536x712.jpg 1536w, https:\/\/ultratrail-angkor.com\/wp-content\/uploads\/2025\/02\/STAFF-UTA-2025-2048x950.jpg 2048w, https:\/\/ultratrail-angkor.com\/wp-content\/uploads\/2025\/02\/STAFF-UTA-2025-280x130.jpg 280w, https:\/\/ultratrail-angkor.com\/wp-content\/uploads\/2025\/02\/STAFF-UTA-2025-1170x543.jpg 1170w\" sizes=\"auto, (max-width: 1024px) 100vw, 1024px\" \/><\/p>\r\n<p><span style=\"font-size: 18px;\">\r\n\r\n<\/span><\/p>\r\n<p><span style=\"font-size: 18px;\">\r\n\r\n<\/span><\/p>\r\n<p><span style=\"font-size: 18px;\"><strong>Pour en savoir plus sur notre \u00e9quipe \u2026\u2026 ?<\/strong><\/span><br \/><span style=\"font-size: 18px;\">Jean Claude Le Cornec, fondateur de SDPO, s\u2019est entour\u00e9 d\u00e8s la cr\u00e9ation de son organisation des meilleurs sp\u00e9cialistes pour la s\u00e9curit\u00e9 de tous et de toutes.<\/span><\/p>\r\n<p><span style=\"font-size: 18px;\"><strong>Une \u00e9quipe \u00e0 votre \u00e9coute<\/strong><\/span><br \/><span style=\"font-size: 18px;\">Une \u00e9quipe de professionnels connue et reconnue dans ce monde tr\u00e8s particulier du Raid-Aventure ;<\/span><br \/><span style=\"font-size: 18px;\">Des\u00a0<strong>m\u00e9decins urgentistes<\/strong>\u00a0<strong>de FIDELIA Assistance,<\/strong>issus de la prestigieuse \u00e9quipe du Dakar automobile, des kin\u00e9s issus du monde associatif et sportif et des techniciens du sport et de la randonn\u00e9e ;<\/span><\/p>\r\n<p><span style=\"font-size: 18px;\">\r\n\r\n<\/span><\/p>\r\n<p><span style=\"font-size: 18px;\"><strong>Ce sont 20 personnes b\u00e9n\u00e9voles, qui construisent ensemble chaque ann\u00e9e, une course-aventure \u00ab amateur \u00bb ouverte \u00e0 tous.<\/strong><\/span><\/p>\r\n<p><span style=\"font-size: 18px;\">\r\n\r\n<\/span><\/p>\r\n<p><span style=\"font-size: 18px;\">\r\n\r\n<\/span><\/p>\r\n<p><span style=\"font-size: 18px;\">Au Cambodge, <strong>ANGKOR TRAIL<\/strong> (ex Ultra Trail d\u2019Angkor)\u00a0 depuis la premi\u00e8re \u00e9dition s&rsquo;appuie pour la logistique et l&rsquo;organisation locale sur son partenaire historique <strong>Phoenix Voyages<\/strong>, une agence de voyage dite r\u00e9ceptive bas\u00e9e au Vietnam. Avec pr\u00e8s de 30 ans d\u2019existence et d\u2019exp\u00e9rience en Asie du Sud-Est, l&rsquo;entreprise cr\u00e9\u00e9e et propose des s\u00e9jours sur-mesure aux particuliers et aux groupes \u00e0 travers le monde. Ses destinations sont le Vietnam, la Tha\u00eflande, le Laos, les deux Cor\u00e9e, le Cambodge et le Myanmar en membre associ\u00e9.<\/span><\/p>\r\n<p><span style=\"font-size: 18px;\">\r\n\r\n<\/span><\/p>\r\n<p><span style=\"font-size: 18px;\"><strong>SDPO s\u2019est aussi naturellement associ\u00e9e \u00e0 Phoenix Voyages<\/strong> comme partenaire r\u00e9gional pour l\u2019organisation des s\u00e9jours autour des \u00e9preuves sportives comme \u00ab Les Foul\u00e9es de la Soie \u00bb au Vietnam, au Laos, au Myanmar, en Tha\u00eflande en 2010, 2012, 2014, 2018, 2020, 2023, 2024, 2025, 2026<\/span><\/p>\r\n<p><span style=\"font-size: 18px;\">\r\n\r\n<\/span><\/p>\r\n<p><span style=\"font-size: 18px;\">Son \u00e9quipe de sp\u00e9cialistes parlant fran\u00e7ais, espagnol et anglais assure toujours la meilleure qualit\u00e9 et originalit\u00e9 \u00e0 ses clients. Experts dans leur destination, ils seront particuli\u00e8rement attentifs \u00e0 offrir les meilleures conditions autour de la course et proposeront les meilleurs itin\u00e9raires en Asie du Sud-Est \u00e0 tous les participants de l&rsquo;Ultra Trail Angkor.<\/span><\/p>\r\n<div class=\"wp-block-image\"><\/div>\r\n","protected":false},"excerpt":{"rendered":"<p>Jean-Claude LE CORNEC (fondateur de SDPO) Ancien Inspecteur Qualit\u00e9 chez Eurocopter, il a d\u00e9j\u00e0 tra\u00een\u00e9 ses gu\u00eatres sur le Paris-Gao-Dakar, la travers\u00e9e des Etats-Unis par la fameuse route 66 (de Chicago \u00e0 Los Angles), le Marathon des Sables (dans le d\u00e9sert sud-marocain), le Colorado, la Trans Atlas, la Trans Cappadoce\u2026 SDPO, c\u2019est l\u2019histoire d\u2019un coureur<\/p>\n","protected":false},"author":1,"featured_media":0,"parent":0,"menu_order":0,"comment_status":"closed","ping_status":"closed","template":"","meta":{"footnotes":""},"class_list":["post-3562","page","type-page","status-publish","hentry"],"_links":{"self":[{"href":"https:\/\/ultratrail-angkor.com\/index.php?rest_route=\/wp\/v2\/pages\/3562","targetHints":{"allow":["GET"]}}],"collection":[{"href":"https:\/\/ultratrail-angkor.com\/index.php?rest_route=\/wp\/v2\/pages"}],"about":[{"href":"https:\/\/ultratrail-angkor.com\/index.php?rest_route=\/wp\/v2\/types\/page"}],"author":[{"embeddable":true,"href":"https:\/\/ultratrail-angkor.com\/index.php?rest_route=\/wp\/v2\/users\/1"}],"replies":[{"embeddable":true,"href":"https:\/\/ultratrail-angkor.com\/index.php?rest_route=%2Fwp%2Fv2%2Fcomments&post=3562"}],"version-history":[{"count":37,"href":"https:\/\/ultratrail-angkor.com\/index.php?rest_route=\/wp\/v2\/pages\/3562\/revisions"}],"predecessor-version":[{"id":13632,"href":"https:\/\/ultratrail-angkor.com\/index.php?rest_route=\/wp\/v2\/pages\/3562\/revisions\/13632"}],"wp:attachment":[{"href":"https:\/\/ultratrail-angkor.com\/index.php?rest_route=%2Fwp%2Fv2%2Fmedia&parent=3562"}],"curies":[{"name":"wp","href":"https:\/\/api.w.org\/{rel}","templated":true}]}}