{"id":3570,"date":"2019-07-27T05:42:53","date_gmt":"2019-07-27T03:42:53","guid":{"rendered":"https:\/\/ultratrail-angkor.com\/?page_id=3570"},"modified":"2025-01-11T10:10:51","modified_gmt":"2025-01-11T09:10:51","slug":"nos-sponsors","status":"publish","type":"page","link":"https:\/\/ultratrail-angkor.com\/?page_id=3570","title":{"rendered":"Nos sponsors"},"content":{"rendered":"\r\n<h2 class=\"wp-block-heading\"><a href=\"https:\/\/ultratrail-angkor.com\/sponsors-officiels\/\">Sponsors Officiels<\/a><\/h2>\r\n\r\n\r\n\r\n<h1 class=\"has-text-align-center wp-block-heading\"><strong>Le Comit\u00e9 national olympique du Cambodge<\/strong><\/h1>\r\n\r\n\r\n\r\n<div class=\"wp-block-image\">\r\n<figure class=\"aligncenter\"><a href=\"https:\/\/ultratrail-angkor.com\/wp-content\/uploads\/2015\/12\/National_Olympic_Committee_of_Cambodia_logo.svg_.png\"><img decoding=\"async\" class=\"wp-image-4187\" src=\"https:\/\/ultratrail-angkor.com\/wp-content\/uploads\/2015\/12\/National_Olympic_Committee_of_Cambodia_logo.svg_-285x300.png\" alt=\"National_Olympic_Committee_of_Cambodia_logo.svg\" \/><\/a><\/figure>\r\n<\/div>\r\n\r\n\r\n\r\n<p>Le Comit\u00e9 national olympique du Cambodge (CNOC) est le comit\u00e9 national olympique du Cambodge fond\u00e9 en 1983. Il n\u2019a \u00e9t\u00e9 reconnu par le Comit\u00e9 international olympique qu\u2019en 1994.<br \/>La premi\u00e8re apparition du Cambodge aux Jeux olympiques d\u2019\u00e9t\u00e9 remonte \u00e0 1956 \u00e0 Stockholm.<\/p>\r\n\r\n\r\n\r\n<p>Un comit\u00e9 national olympique (CNO) constitue la composante nationale du Comit\u00e9 international olympique (CIO) qui en compte 206 reconnus en 2015. Ces comit\u00e9s f\u00e9d\u00e8rent, sous l\u2019autorit\u00e9 du CIO, tout ou partie du mouvement sportif national.<\/p>\r\n\r\n\r\n\r\n<p class=\"has-text-align-center\">Seuls les CNO sont habilit\u00e9s \u00e0 s\u00e9lectionner un athl\u00e8te pour participer aux Jeux olympiques.<\/p>\r\n\r\n\r\n\r\n<h1 class=\"has-text-align-center wp-block-heading\"><strong>Les \u00c9ditions RIVA<\/strong><\/h1>\r\n\r\n\r\n\r\n<div class=\"wp-block-image\">\r\n<figure class=\"aligncenter\"><a href=\"https:\/\/ultratrail-angkor.com\/wp-content\/uploads\/2014\/09\/RUNNING.jpg\"><img decoding=\"async\" class=\"wp-image-364\" src=\"https:\/\/ultratrail-angkor.com\/wp-content\/uploads\/2014\/09\/RUNNING-300x145.jpg\" alt=\"RUNNING\" \/><\/a><\/figure>\r\n<\/div>\r\n\r\n\r\n\r\n<p>Les soci\u00e9t\u00e9s RIVA (<em>Editions Riva<\/em>, Riva Corporate, Riva Media) proposent de nombreuses revues et magazines sur de nombreux th\u00e8mes comme le sport,\u00a0..<strong>.RUNNING ATTITUDE, RUNNING COACH, ESPRIT TRAIL, RUNNING pour ELLES,<\/strong>\u00a0relaient d\u00e9j\u00e0 l\u2019information sur cette nouvelle \u00e9preuve en nous offrant des pleines pages. Toutes ces revues, des le voyage de rep\u00e9rage pr\u00e9vu en janvier 2015 proposeront \u00e9galement des reportages \u00e0 leurs lecteurs.<\/p>\r\n\r\n\r\n\r\n<p>Cr\u00e9e en avril 2000 par un \u2018team\u2019 de passionn\u00e9s, entra\u00eeneurs reconnus, m\u00e9decins et nutritionnistes, Running Attitude s\u2019impose aujourd\u2019hui comme une r\u00e9f\u00e9rence dans la presse running. Coureurs sur route, trailers, d\u00e9butants, r\u00e9guliers ou chevronn\u00e9s, appr\u00e9cient ses bons plans d\u2019entra\u00eenement, les conseils de ses coachs ainsi que sa pr\u00e9sence sur le terrain, au c\u0153ur du peloton tout au long de l\u2019ann\u00e9e.<\/p>\r\n<p>&nbsp;<\/p>\r\n<p>&nbsp;<\/p>\r\n\r\n\r\n\r\n<h1 class=\"wp-block-heading\"><img loading=\"lazy\" decoding=\"async\" class=\" wp-image-9687 aligncenter\" src=\"https:\/\/ultratrail-angkor.com\/wp-content\/uploads\/2023\/01\/Mee-Chiet_logo-01-1-300x300.png\" alt=\"\" width=\"227\" height=\"227\" srcset=\"https:\/\/ultratrail-angkor.com\/wp-content\/uploads\/2023\/01\/Mee-Chiet_logo-01-1-300x300.png 300w, https:\/\/ultratrail-angkor.com\/wp-content\/uploads\/2023\/01\/Mee-Chiet_logo-01-1-1024x1024.png 1024w, https:\/\/ultratrail-angkor.com\/wp-content\/uploads\/2023\/01\/Mee-Chiet_logo-01-1-150x150.png 150w, https:\/\/ultratrail-angkor.com\/wp-content\/uploads\/2023\/01\/Mee-Chiet_logo-01-1-768x768.png 768w, https:\/\/ultratrail-angkor.com\/wp-content\/uploads\/2023\/01\/Mee-Chiet_logo-01-1-1536x1536.png 1536w, https:\/\/ultratrail-angkor.com\/wp-content\/uploads\/2023\/01\/Mee-Chiet_logo-01-1-2048x2048.png 2048w, https:\/\/ultratrail-angkor.com\/wp-content\/uploads\/2023\/01\/Mee-Chiet_logo-01-1-187x187.png 187w, https:\/\/ultratrail-angkor.com\/wp-content\/uploads\/2023\/01\/Mee-Chiet_logo-01-1-1170x1170.png 1170w\" sizes=\"auto, (max-width: 227px) 100vw, 227px\" \/><\/h1>\r\n<p><img loading=\"lazy\" decoding=\"async\" class=\"wp-image-11247 alignnone\" src=\"https:\/\/ultratrail-angkor.com\/wp-content\/uploads\/2023\/11\/Leaflet-A5-for-DSD-15-Nov-2023-01-722x1024.jpg\" alt=\"\" width=\"517\" height=\"733\" srcset=\"https:\/\/ultratrail-angkor.com\/wp-content\/uploads\/2023\/11\/Leaflet-A5-for-DSD-15-Nov-2023-01-722x1024.jpg 722w, https:\/\/ultratrail-angkor.com\/wp-content\/uploads\/2023\/11\/Leaflet-A5-for-DSD-15-Nov-2023-01-211x300.jpg 211w, https:\/\/ultratrail-angkor.com\/wp-content\/uploads\/2023\/11\/Leaflet-A5-for-DSD-15-Nov-2023-01-768x1090.jpg 768w, https:\/\/ultratrail-angkor.com\/wp-content\/uploads\/2023\/11\/Leaflet-A5-for-DSD-15-Nov-2023-01-1083x1536.jpg 1083w, https:\/\/ultratrail-angkor.com\/wp-content\/uploads\/2023\/11\/Leaflet-A5-for-DSD-15-Nov-2023-01-1444x2048.jpg 1444w, https:\/\/ultratrail-angkor.com\/wp-content\/uploads\/2023\/11\/Leaflet-A5-for-DSD-15-Nov-2023-01-132x187.jpg 132w, https:\/\/ultratrail-angkor.com\/wp-content\/uploads\/2023\/11\/Leaflet-A5-for-DSD-15-Nov-2023-01-1170x1660.jpg 1170w, https:\/\/ultratrail-angkor.com\/wp-content\/uploads\/2023\/11\/Leaflet-A5-for-DSD-15-Nov-2023-01.jpg 1748w\" sizes=\"auto, (max-width: 517px) 100vw, 517px\" \/><img loading=\"lazy\" decoding=\"async\" class=\"wp-image-11248 alignnone\" src=\"https:\/\/ultratrail-angkor.com\/wp-content\/uploads\/2023\/11\/Leaflet-A5-for-DSD-15-Nov-2023-02-722x1024.jpg\" alt=\"\" width=\"516\" height=\"732\" srcset=\"https:\/\/ultratrail-angkor.com\/wp-content\/uploads\/2023\/11\/Leaflet-A5-for-DSD-15-Nov-2023-02-722x1024.jpg 722w, https:\/\/ultratrail-angkor.com\/wp-content\/uploads\/2023\/11\/Leaflet-A5-for-DSD-15-Nov-2023-02-211x300.jpg 211w, https:\/\/ultratrail-angkor.com\/wp-content\/uploads\/2023\/11\/Leaflet-A5-for-DSD-15-Nov-2023-02-768x1090.jpg 768w, https:\/\/ultratrail-angkor.com\/wp-content\/uploads\/2023\/11\/Leaflet-A5-for-DSD-15-Nov-2023-02-1083x1536.jpg 1083w, https:\/\/ultratrail-angkor.com\/wp-content\/uploads\/2023\/11\/Leaflet-A5-for-DSD-15-Nov-2023-02-1444x2048.jpg 1444w, https:\/\/ultratrail-angkor.com\/wp-content\/uploads\/2023\/11\/Leaflet-A5-for-DSD-15-Nov-2023-02-132x187.jpg 132w, https:\/\/ultratrail-angkor.com\/wp-content\/uploads\/2023\/11\/Leaflet-A5-for-DSD-15-Nov-2023-02-1170x1660.jpg 1170w, https:\/\/ultratrail-angkor.com\/wp-content\/uploads\/2023\/11\/Leaflet-A5-for-DSD-15-Nov-2023-02.jpg 1748w\" sizes=\"auto, (max-width: 516px) 100vw, 516px\" \/><br \/><br \/><\/p>\r\n<h1 class=\"has-text-align-center\" style=\"text-align: center;\"><strong>V-Active VATTANAC<\/strong><\/h1>\r\n<p><img loading=\"lazy\" decoding=\"async\" class=\"size-large wp-image-12362 aligncenter\" src=\"https:\/\/ultratrail-angkor.com\/wp-content\/uploads\/2025\/01\/Basecamp-Floorplan-11-1-1024x533.png\" alt=\"\" width=\"1024\" height=\"533\" srcset=\"https:\/\/ultratrail-angkor.com\/wp-content\/uploads\/2025\/01\/Basecamp-Floorplan-11-1-1024x533.png 1024w, https:\/\/ultratrail-angkor.com\/wp-content\/uploads\/2025\/01\/Basecamp-Floorplan-11-1-300x156.png 300w, https:\/\/ultratrail-angkor.com\/wp-content\/uploads\/2025\/01\/Basecamp-Floorplan-11-1-768x400.png 768w, https:\/\/ultratrail-angkor.com\/wp-content\/uploads\/2025\/01\/Basecamp-Floorplan-11-1-280x146.png 280w, https:\/\/ultratrail-angkor.com\/wp-content\/uploads\/2025\/01\/Basecamp-Floorplan-11-1.png 1152w\" sizes=\"auto, (max-width: 1024px) 100vw, 1024px\" \/><\/p>\r\n<h1><img loading=\"lazy\" decoding=\"async\" class=\" wp-image-9684 aligncenter\" src=\"https:\/\/ultratrail-angkor.com\/wp-content\/uploads\/2023\/01\/DEVI-Water-Logo-1-1-300x94.jpg\" alt=\"\" width=\"440\" height=\"138\" srcset=\"https:\/\/ultratrail-angkor.com\/wp-content\/uploads\/2023\/01\/DEVI-Water-Logo-1-1-300x94.jpg 300w, https:\/\/ultratrail-angkor.com\/wp-content\/uploads\/2023\/01\/DEVI-Water-Logo-1-1-1024x322.jpg 1024w, https:\/\/ultratrail-angkor.com\/wp-content\/uploads\/2023\/01\/DEVI-Water-Logo-1-1-768x242.jpg 768w, https:\/\/ultratrail-angkor.com\/wp-content\/uploads\/2023\/01\/DEVI-Water-Logo-1-1-280x88.jpg 280w, https:\/\/ultratrail-angkor.com\/wp-content\/uploads\/2023\/01\/DEVI-Water-Logo-1-1-1170x368.jpg 1170w, https:\/\/ultratrail-angkor.com\/wp-content\/uploads\/2023\/01\/DEVI-Water-Logo-1-1.jpg 1280w\" sizes=\"auto, (max-width: 440px) 100vw, 440px\" \/><\/h1>\r\n<h1><img loading=\"lazy\" decoding=\"async\" class=\" wp-image-9720 aligncenter\" src=\"https:\/\/ultratrail-angkor.com\/wp-content\/uploads\/2023\/01\/DEVI-visule-1-300x200.jpg\" alt=\"\" width=\"647\" height=\"431\" srcset=\"https:\/\/ultratrail-angkor.com\/wp-content\/uploads\/2023\/01\/DEVI-visule-1-300x200.jpg 300w, https:\/\/ultratrail-angkor.com\/wp-content\/uploads\/2023\/01\/DEVI-visule-1-1024x682.jpg 1024w, https:\/\/ultratrail-angkor.com\/wp-content\/uploads\/2023\/01\/DEVI-visule-1-768x512.jpg 768w, https:\/\/ultratrail-angkor.com\/wp-content\/uploads\/2023\/01\/DEVI-visule-1-280x187.jpg 280w, https:\/\/ultratrail-angkor.com\/wp-content\/uploads\/2023\/01\/DEVI-visule-1-1170x780.jpg 1170w, https:\/\/ultratrail-angkor.com\/wp-content\/uploads\/2023\/01\/DEVI-visule-1.jpg 1280w\" sizes=\"auto, (max-width: 647px) 100vw, 647px\" \/><\/h1>\r\n<p><a href=\"https:\/\/www.facebook.com\/people\/DEVI-Mineral-Water\/100077205552002\/\">https:\/\/www.facebook.com\/people\/DEVI-Mineral-Water\/100077205552002\/<\/a><\/p>\r\n<p>&nbsp;<\/p>\r\n<p>&nbsp;<\/p>\r\n<h1 class=\"has-text-align-center\"><strong>QUAD ADVENTURE<\/strong><\/h1>\r\n\r\n\r\n\r\n<div class=\"wp-block-image\">\r\n<figure class=\"aligncenter\"><a href=\"https:\/\/ultratrail-angkor.com\/wp-content\/uploads\/2014\/09\/logo-QAC-2017.jpg\"><img decoding=\"async\" class=\"wp-image-4166\" src=\"https:\/\/ultratrail-angkor.com\/wp-content\/uploads\/2014\/09\/logo-QAC-2017-300x286.jpg\" alt=\"logo QAC 2017\" \/><\/a><\/figure>\r\n<\/div>\r\n\r\n\r\n\r\n<p><strong>UTILISEZ VOTRE VOYAGE AU CAMBODGE POUR LE D\u00c9COUVRIR AUTREMENT<\/strong><br \/>Faites un tour\u00a0 avec Quad Adventure Cambodge et d\u00e9couvrez combien il y a plus a voir que la ville de Siem Reap , Angkor Wat et le Bayon..<br \/>C\u2019est une fa\u00e7on amusante de voir la campagne environnante. Rejoignez-nous et faites un tour \u00e0 travers les villages, les rizi\u00e8res et ayez un v\u00e9ritable aper\u00e7u de ce beau pays et de ses gens sympathiques.<br \/>Que vous souhaitiez une excursion relaxante au coucher du soleil en famille ou une aventure extr\u00eame avec une journ\u00e9e compl\u00e8te, nous avons un forfait pour tous les go\u00fbts. Alors r\u00e9servez-vous meme un de nos tours ou contactez-nous pour plus d\u2019informations maintenant \u00e0:\u00a0<\/p>\r\n\r\n\r\n\r\n<h3 class=\"has-text-align-center wp-block-heading\"><a href=\"http:\/\/www.quad-adventure-cambodia.com\/\">www.quad-adventure-cambodia.com<\/a><\/h3>\r\n<p><img loading=\"lazy\" decoding=\"async\" class=\" wp-image-9683 aligncenter\" src=\"https:\/\/ultratrail-angkor.com\/wp-content\/uploads\/2023\/01\/Quad-FLyer-1-293x300.jpg\" alt=\"\" width=\"518\" height=\"531\" srcset=\"https:\/\/ultratrail-angkor.com\/wp-content\/uploads\/2023\/01\/Quad-FLyer-1-293x300.jpg 293w, https:\/\/ultratrail-angkor.com\/wp-content\/uploads\/2023\/01\/Quad-FLyer-1-1000x1024.jpg 1000w, https:\/\/ultratrail-angkor.com\/wp-content\/uploads\/2023\/01\/Quad-FLyer-1-768x786.jpg 768w, https:\/\/ultratrail-angkor.com\/wp-content\/uploads\/2023\/01\/Quad-FLyer-1-183x187.jpg 183w, https:\/\/ultratrail-angkor.com\/wp-content\/uploads\/2023\/01\/Quad-FLyer-1-1170x1198.jpg 1170w, https:\/\/ultratrail-angkor.com\/wp-content\/uploads\/2023\/01\/Quad-FLyer-1.jpg 1250w\" sizes=\"auto, (max-width: 518px) 100vw, 518px\" \/><\/p>\r\n\r\n\r\n\r\n\r\n\r\n<h1 class=\"has-text-align-center\" style=\"text-align: center;\">MEE CHIET<\/h1>\r\n\r\n\r\n\r\n<div class=\"wp-block-image\"><br \/><br \/><\/div>\r\n<div class=\"wp-block-image\">\r\n<h1>\u00a0<\/h1>\r\n<h1 class=\"has-text-align-center\" style=\"text-align: center;\">SAMATA<\/h1>\r\n<figure class=\"aligncenter is-resized\"><img loading=\"lazy\" decoding=\"async\" class=\"wp-image-5271\" src=\"https:\/\/ultratrail-angkor.com\/wp-content\/uploads\/2019\/10\/logo-Samata-wellness-aroma-1-1024x448.png\" alt=\"\" width=\"455\" height=\"198\" srcset=\"https:\/\/ultratrail-angkor.com\/wp-content\/uploads\/2019\/10\/logo-Samata-wellness-aroma-1-1024x448.png 1024w, https:\/\/ultratrail-angkor.com\/wp-content\/uploads\/2019\/10\/logo-Samata-wellness-aroma-1-300x131.png 300w, https:\/\/ultratrail-angkor.com\/wp-content\/uploads\/2019\/10\/logo-Samata-wellness-aroma-1-768x336.png 768w, https:\/\/ultratrail-angkor.com\/wp-content\/uploads\/2019\/10\/logo-Samata-wellness-aroma-1-280x122.png 280w, https:\/\/ultratrail-angkor.com\/wp-content\/uploads\/2019\/10\/logo-Samata-wellness-aroma-1-1170x512.png 1170w\" sizes=\"auto, (max-width: 455px) 100vw, 455px\" \/>\u00a0<\/figure>\r\n<\/div>\r\n\r\n\r\n\r\n<p>Le studio S\u00e2mata Health &amp; Wellness est le premier du genre \u00e0 Phnom Penh, capitale du Cambodge. Il propose des th\u00e9rapies holistiques \u00e0 la fois aux habitants et aux \u00e9trangers. Nous nous effor\u00e7ons d\u2019\u00eatre \u00e0 la pointe de la m\u00e9decine fonctionnelle en offrant une gamme de services &#8211; comprenant la physioth\u00e9rapie, l\u2019acupuncture, la chiropratique, la th\u00e9rapie par ventouses, la pr\u00e9paration \u00e0 la naissance, les massages, l\u2019aromath\u00e9rapie, le fitness, la pilates hypnose et le Reiki &#8211; et en nous concentrant sur les soins individualis\u00e9s de chaque client. Nous reconnaissons l\u2019importance non seulement du traitement, mais aussi de la pr\u00e9vention et nous visons \u00e0 encourager et \u00e0 instaurer des modes de vie plus sains, quel que soit votre niveau de sant\u00e9 actuel.<br \/>S\u00c2MATA Health &amp; Wellness Studo, #54, St. 306 Phnom Penh. Tel: 012 802 725 \/ 010 274 208. <br \/>Email:\u00a0<a href=\"mailto:info@samatahealthwellness.com\">info@samatahealthwellness.com<\/a> <br \/><a href=\"http:\/\/samata-cambodia.com\/\">http:\/\/samata-cambodia.com\/<\/a><\/p>\r\n\r\n\r\n\r\n<h1 class=\"has-text-align-center wp-block-heading\">SALA BAI<\/h1>\r\n\r\n\r\n\r\n<div class=\"wp-block-image\">\r\n<figure class=\"aligncenter is-resized\"><img loading=\"lazy\" decoding=\"async\" class=\"wp-image-5274\" src=\"https:\/\/ultratrail-angkor.com\/wp-content\/uploads\/2019\/10\/Sala-Bai-transparent-logo-v1-1000px-1.png\" alt=\"\" width=\"384\" height=\"159\" srcset=\"https:\/\/ultratrail-angkor.com\/wp-content\/uploads\/2019\/10\/Sala-Bai-transparent-logo-v1-1000px-1.png 1023w, https:\/\/ultratrail-angkor.com\/wp-content\/uploads\/2019\/10\/Sala-Bai-transparent-logo-v1-1000px-1-300x124.png 300w, https:\/\/ultratrail-angkor.com\/wp-content\/uploads\/2019\/10\/Sala-Bai-transparent-logo-v1-1000px-1-768x318.png 768w, https:\/\/ultratrail-angkor.com\/wp-content\/uploads\/2019\/10\/Sala-Bai-transparent-logo-v1-1000px-1-280x116.png 280w\" sizes=\"auto, (max-width: 384px) 100vw, 384px\" \/><\/figure>\r\n<\/div>\r\n\r\n\r\n\r\n<h3 class=\"wp-block-heading\">LA FORMATION AU COEUR DU D\u00c9VELOPPEMENT<\/h3>\r\n\r\n\r\n\r\n<p><img loading=\"lazy\" decoding=\"async\" class=\"size-medium wp-image-9657 alignleft\" src=\"https:\/\/ultratrail-angkor.com\/wp-content\/uploads\/2023\/01\/Flyer-SALA-BAI-214x300.jpeg\" alt=\"\" width=\"214\" height=\"300\" srcset=\"https:\/\/ultratrail-angkor.com\/wp-content\/uploads\/2023\/01\/Flyer-SALA-BAI-214x300.jpeg 214w, https:\/\/ultratrail-angkor.com\/wp-content\/uploads\/2023\/01\/Flyer-SALA-BAI-133x187.jpeg 133w, https:\/\/ultratrail-angkor.com\/wp-content\/uploads\/2023\/01\/Flyer-SALA-BAI.jpeg 618w\" sizes=\"auto, (max-width: 214px) 100vw, 214px\" \/><\/p>\r\n<p>L\u2019ONG fran\u00e7aise\u00a0<a href=\"http:\/\/www.agirpourlecambodge.org\/\" target=\"_blank\" rel=\"noreferrer noopener\">Agir pour le Cambodge (APLC)<\/a>, fond\u00e9e en 1985, a cr\u00e9\u00e9 le programme Sala Ba\u00ef en 2002 pour lutter contre la pauvret\u00e9 et le trafic d\u2019\u00eatres humains au Cambodge, par la formation et l\u2019inserti<\/p>\r\n<p>on professionnelles de jeunes d\u00e9favoris\u00e9s.<\/p>\r\n\r\n\r\n\r\n<p>Venir d\u00e9jeuner ou s\u00e9journer \u00e0 Sala Ba\u00ef c\u2019est donner une autre dimension \u00e0 votre visite du Cambodge. Vous permettrez \u00e0 de jeunes Cambodgiens d\u00e9favoris\u00e9s en cours d\u2019apprentissage professionnel de pouvoir pratiquer dans des conditions r\u00e9elles tout en participant au financement de leur formation.\u00a0<br \/><br \/><strong><a href=\"https:\/\/www.salabai.com\/ecole\/\" target=\"_blank\" rel=\"noreferrer noopener\">En savoir plus<\/a><\/strong> <a href=\"https:\/\/www.salabai.com\/fr\/\">https:\/\/www.salabai.com\/fr\/<\/a><br \/><br \/><\/p>\r\n<p>&nbsp;<\/p>\r\n<p>&nbsp;<\/p>\r\n\r\n\r\n\r\n\r\n\r\n<h1 class=\"has-text-align-center wp-block-heading\"><a href=\"https:\/\/ultratrail-angkor.com\/ufe-monde-lultra-trail-dangkor\/\">UFE Monde avec l\u2019Ultra Trail d\u2019Angkor<\/a><\/h1>\r\n\r\n\r\n\r\n<p><strong>L\u2019UFE vous repr\u00e9sente et vous accompagne<\/strong><\/p>\r\n\r\n\r\n\r\n<div class=\"wp-block-image\">\r\n<figure class=\"aligncenter\"><a href=\"https:\/\/ultratrail-angkor.com\/wp-content\/uploads\/2019\/03\/Logo-UFE-1.jpg\"><img decoding=\"async\" class=\"wp-image-5702\" src=\"https:\/\/ultratrail-angkor.com\/wp-content\/uploads\/2019\/03\/Logo-UFE-1-300x236.jpg\" alt=\"Logo UFE\" \/><\/a><\/figure>\r\n<\/div>\r\n\r\n\r\n\r\n<p>Association reconnue d\u2019utilit\u00e9 publique, l\u2019Union des Fran\u00e7ais de l\u2019\u00e9tranger (UFE), est un r\u00e9seau qui regroupe des Fran\u00e7ais, des francophones et des francophiles \u00e0 travers le monde.<br \/>Elle leur assure un lien privil\u00e9gi\u00e9 avec la France, d\u00e9fend leurs int\u00e9r\u00eats et leur apporte soutien et entraide au quotidien. Fond\u00e9e en 1927, elle compte plus de 170 repr\u00e9sentations anim\u00e9es par des b\u00e9n\u00e9voles dans une centaine de pays.<\/p>\r\n\r\n\r\n\r\n<p><strong>L\u2019UFE est un porte-parole du terrain<\/strong>\u00a0aupr\u00e8s de l\u2019Ambassade et du Consulat comme aupr\u00e8s des pouvoirs publics en France. Son r\u00f4le de relais aupr\u00e8s des populations locales est important, particuli\u00e8rement en ce qui concerne la s\u00e9curit\u00e9 des Fran\u00e7ais.<\/p>\r\n\r\n\r\n\r\n<p><strong>Son action se d\u00e9finit autour de 4 valeurs essentielles : l\u2019accueil, l\u2019entraide, la convivialit\u00e9 et le rayonnement.<\/strong><\/p>\r\n\r\n\r\n\r\n<p><strong>L\u2019accueil :<\/strong>\u00a0premier pas dans le pays et premiers contacts avec ceux qui souhaitent nous rejoindre.<br \/><strong>L\u2019entraide :<\/strong>\u00a0la main tendue entre ceux qui savent et ceux qui ont besoin d\u2019\u00eatre accompagn\u00e9s.<br \/><strong>La convivialit\u00e9<\/strong>\u00a0: ou le meilleur moyen de tisser des r\u00e9seaux solides autour d\u2019une activit\u00e9 culturelle, gastronomique, informative\u2026<br \/><strong>Le rayonnement :<\/strong>\u00a0parce que chaque repr\u00e9sentation de l\u2019UFE est un petit morceau de France \u00e0 l\u2019\u00e9tranger.<\/p>\r\n\r\n\r\n\r\n<p><a href=\"https:\/\/www.ufe.org\">https:\/\/www.ufe.org<\/a><\/p>\r\n\r\n\r\n\r\n<p><a href=\"https:\/\/www.facebook.com\/UFEMONDE\">Facebook : UFE-Union des Fran\u00e7ais de l\u2019\u00e9tranger<\/a><\/p>\r\n\r\n\r\n\r\n<p><a href=\"https:\/\/twitter.com\/ufemonde\">Twitter @ufemonde<\/a><\/p>\r\n\r\n\r\n\r\n<p><a href=\"https:\/\/www.instagram.com\/ufemonde\">Instagram @ufemonde<\/a><\/p>\r\n\r\n\r\n\r\n<p>&nbsp;<\/p>\r\n\r\n\r\n\r\n<h1 class=\"has-text-align-center wp-block-heading\"><strong>AVENIR PUB<\/strong><\/h1>\r\n\r\n\r\n\r\n<div class=\"wp-block-image\">\r\n<figure class=\"aligncenter\"><a href=\"https:\/\/ultratrail-angkor.com\/wp-content\/uploads\/2014\/09\/Avenir-pub.jpg\"><img decoding=\"async\" class=\"wp-image-1419\" src=\"https:\/\/ultratrail-angkor.com\/wp-content\/uploads\/2014\/09\/Avenir-pub.jpg\" alt=\"Avenir pub\" \/><\/a><\/figure>\r\n<\/div>\r\n\r\n\r\n\r\n<p>De la conception \u00e0 la r\u00e9alisation, des id\u00e9es et un savoir faire \u00e0 votre service.\u00a0Conception graphique, Direction artistique, Illustration, Edition, Signal\u00e9tique, Architecture commerciale, Impressions num\u00e9riques petit et grand format, Mur d\u2019images, Marquage de v\u00e9hicule.<\/p>\r\n\r\n\r\n\r\n<div class=\"wp-block-image\">\r\n<figure class=\"alignleft\"><a href=\"https:\/\/ultratrail-angkor.com\/wp-content\/uploads\/2014\/09\/salon.jpg\"><img decoding=\"async\" class=\"wp-image-1422\" src=\"https:\/\/ultratrail-angkor.com\/wp-content\/uploads\/2014\/09\/salon-300x225.jpg\" alt=\"salon\" \/><\/a><\/figure>\r\n<\/div>\r\n\r\n\r\n\r\n<p><strong>AVENIR PUB\u00a0<\/strong>offre \u00e0 ses clients un service global de grande qualit\u00e9 tant au niveau de la cr\u00e9ation que de la r\u00e9alisation. Pour cela nos \u00e9quipes cr\u00e9atives et celles charg\u00e9es de la r\u00e9alisation travaillent ensemble d\u00e8s les premi\u00e8res \u00e9tapes du projet afin d\u2019assurer un r\u00e9sultat optimum.<br \/>Partenaire de la premi\u00e8re heure de SDPO, AVENIR PUB (anciennement RACINE PUB) assure tous les visuels des \u00e9preuves;banderoles D\u00e9part et Arriv\u00e9e, Point de couleurs, signal\u00e9tique des courses, flyers,\u2026.visuels de nos stands (marathon de Paris, Marathon du M\u00e9doc, Semi de la Voie Royale: Renseignez vous.<\/p>\r\n\r\n\r\n\r\n<p>ZI de l\u2019Ambressis- 14 bis rue Jean Monnet<br \/>77270 Villeparisis<br \/>Email:\u00a0<a href=\"mailto:avenirpub@orange.fr\">avenirpub@orange.fr<\/a><br \/>Site Internet:\u00a0<a href=\"http:\/\/www.avenir-pub.fr\/\">www.avenir-pub.fr<\/a><br \/>T\u00e9l: 01 64 27 99 23<\/p>\r\n<p><img loading=\"lazy\" decoding=\"async\" class=\"alignnone size-full wp-image-9788\" src=\"https:\/\/ultratrail-angkor.com\/wp-content\/uploads\/2023\/01\/Logo-Instavox-1024x500-1.jpg\" alt=\"\" width=\"1119\" height=\"500\" srcset=\"https:\/\/ultratrail-angkor.com\/wp-content\/uploads\/2023\/01\/Logo-Instavox-1024x500-1.jpg 1119w, https:\/\/ultratrail-angkor.com\/wp-content\/uploads\/2023\/01\/Logo-Instavox-1024x500-1-300x134.jpg 300w, https:\/\/ultratrail-angkor.com\/wp-content\/uploads\/2023\/01\/Logo-Instavox-1024x500-1-1024x458.jpg 1024w, https:\/\/ultratrail-angkor.com\/wp-content\/uploads\/2023\/01\/Logo-Instavox-1024x500-1-768x343.jpg 768w, https:\/\/ultratrail-angkor.com\/wp-content\/uploads\/2023\/01\/Logo-Instavox-1024x500-1-280x125.jpg 280w\" sizes=\"auto, (max-width: 1119px) 100vw, 1119px\" \/>Instavox est une marque de la soci\u00e9t\u00e9 Novelad, sp\u00e9cialis\u00e9e depuis presque 20 ans dans la distribution et l\u2019int\u00e9gration de solutions professionnelles de radiocommunication pour les plus grandes entreprises et collectivit\u00e9s dans toute la France.<\/p>\r\n<p>Instavox reproduit les fonctionnalit\u00e9s des solutions de radiocommunication en utilisant les r\u00e9seaux des op\u00e9rateurs publics, via un applicatif et des smartphones sp\u00e9cialis\u00e9s.<\/p>\r\n<p>Instavox permet ainsi des communications push to talk s\u00e9curis\u00e9es sans limite de port\u00e9e, la g\u00e9olocalisation et l\u2019enregistrement des communications. Instavox permet \u00e9galement les communications vid\u00e9o instantan\u00e9es de groupes et les \u00e9changes de contenu multim\u00e9dia.<\/p>\r\n<p>Par l\u2019utilisation des r\u00e9seaux op\u00e9rateurs il n\u2019y a pas besoin de d\u00e9ploiement d\u2019infrastructure radio.<\/p>\r\n<p>Enfin, Instavox propose des \u00e9quipements push to talk pour chaque secteur d\u2019activit\u00e9 pour r\u00e9pondre aux contraintes op\u00e9rationnelles de chaque m\u00e9tier.<\/p>\r\n<p>Site internet : <a href=\"https:\/\/www.instavox.fr\/\">https:\/\/www.instavox.fr\/<\/a><\/p>\r\n<p>Twitter : <a href=\"https:\/\/twitter.com\/instavox\">https:\/\/twitter.com\/instavox<\/a><\/p>\r\n<p>Facebook : <a href=\"https:\/\/www.facebook.com\/instavox\">https:\/\/www.facebook.com\/instavox<\/a><\/p>\r\n<p>&nbsp;<\/p>\r\n<p>&nbsp;<\/p>\r\n<pre id=\"tw-target-text\" class=\"tw-data-text tw-text-large tw-ta\" dir=\"ltr\" data-placeholder=\"Traduction\" data-ved=\"2ahUKEwie_ZSfremJAxWNLPsDHX7EMwMQ3ewLegQICRAW\" aria-label=\"Texte traduit\u00a0: privileged partner in Italy:\"><span class=\"Y2IQFc\" lang=\"en\" style=\"font-family: georgia, palatino;\">Partenaire privil\u00e9gi\u00e9 en  Italie:<\/span><\/pre>\r\n<p>Paolo Zubani &#8211; Courriel : <a href=\"mailto:zubani@fastwebnet.it\">zubani@fastwebnet.it &#8211; <\/a>portable : +39 335 5446266<\/p>\r\n","protected":false},"excerpt":{"rendered":"<p>Sponsors Officiels Le Comit\u00e9 national olympique du Cambodge Le Comit\u00e9 national olympique du Cambodge (CNOC) est le comit\u00e9 national olympique du Cambodge fond\u00e9 en 1983. Il n\u2019a \u00e9t\u00e9 reconnu par le Comit\u00e9 international olympique qu\u2019en 1994.La premi\u00e8re apparition du Cambodge aux Jeux olympiques d\u2019\u00e9t\u00e9 remonte \u00e0 1956 \u00e0 Stockholm. Un comit\u00e9 national olympique (CNO) constitue<\/p>\n","protected":false},"author":1,"featured_media":0,"parent":0,"menu_order":0,"comment_status":"closed","ping_status":"closed","template":"","meta":{"footnotes":""},"class_list":["post-3570","page","type-page","status-publish","hentry"],"_links":{"self":[{"href":"https:\/\/ultratrail-angkor.com\/index.php?rest_route=\/wp\/v2\/pages\/3570","targetHints":{"allow":["GET"]}}],"collection":[{"href":"https:\/\/ultratrail-angkor.com\/index.php?rest_route=\/wp\/v2\/pages"}],"about":[{"href":"https:\/\/ultratrail-angkor.com\/index.php?rest_route=\/wp\/v2\/types\/page"}],"author":[{"embeddable":true,"href":"https:\/\/ultratrail-angkor.com\/index.php?rest_route=\/wp\/v2\/users\/1"}],"replies":[{"embeddable":true,"href":"https:\/\/ultratrail-angkor.com\/index.php?rest_route=%2Fwp%2Fv2%2Fcomments&post=3570"}],"version-history":[{"count":54,"href":"https:\/\/ultratrail-angkor.com\/index.php?rest_route=\/wp\/v2\/pages\/3570\/revisions"}],"predecessor-version":[{"id":12363,"href":"https:\/\/ultratrail-angkor.com\/index.php?rest_route=\/wp\/v2\/pages\/3570\/revisions\/12363"}],"wp:attachment":[{"href":"https:\/\/ultratrail-angkor.com\/index.php?rest_route=%2Fwp%2Fv2%2Fmedia&parent=3570"}],"curies":[{"name":"wp","href":"https:\/\/api.w.org\/{rel}","templated":true}]}}