{"id":3625,"date":"2023-02-16T03:21:40","date_gmt":"2023-02-16T02:21:40","guid":{"rendered":"https:\/\/ultratrail-angkor.com\/?page_id=3625"},"modified":"2023-05-26T03:28:37","modified_gmt":"2023-05-26T01:28:37","slug":"sdpo-mag-vous-accompagne-dans-votre-preparation","status":"publish","type":"page","link":"https:\/\/ultratrail-angkor.com\/?page_id=3625","title":{"rendered":"LES CONSEILS DES COACHS"},"content":{"rendered":"\r\n\r\n\r\n<div class=\"wp-block-image\">\r\n<figure class=\"aligncenter\"><img decoding=\"async\" class=\"wp-image-2710 alignleft\" src=\"https:\/\/ultratrail-angkor.com\/wp-content\/uploads\/2016\/03\/SDPO-mag-300x206.jpg\" alt=\"SDPO-mag\" \/><\/figure>\r\n<figure><\/figure>\r\n<figure><\/figure>\r\n<figure><\/figure>\r\n<figure><\/figure>\r\n<figure><\/figure>\r\n<figure><\/figure>\r\n<figure class=\"aligncenter\"><span style=\"font-size: 18px;\">SDPO vous conseille dans votre pr\u00e9paration \u00e0 l&rsquo;Ultra Trail d&rsquo;Angkor<\/span><\/figure>\r\n<\/div>\r\n<p style=\"text-align: left;\"><span style=\"font-size: 18px;\">\r\n\r\n\r\n\r\n<\/span><\/p>\r\n<p class=\"has-text-align-center has-medium-font-size\" style=\"text-align: left;\"><span style=\"font-size: 18px;\">Pour vous aider au mieux dans votre pr\u00e9paration, notre \u00e9quipe de sp\u00e9cialistes met en ligne de nouveaux articles.<\/span><br \/><span style=\"font-size: 18px;\">Diff\u00e9rents sujets sont abord\u00e9s tant en physiologie, qu\u2019en entrainement, nutrition ou gestion du stress\u2026Dans la rubrique \u00ab\u00a0ENTRAINEMENT TRAIL\u00a0\u00bb vous trouverez des conseils utiles qui vous aideront \u00e0 performer pour les \u00ab\u00a0accrocs\u00a0\u00bb de la performance et du chrono ou tout simplement \u00e0 participer \u00e0 votre \u00e9preuve dans de bonnes conditions physiques.<\/span><\/p>\r\n<p style=\"text-align: left;\"><span style=\"font-size: 18px;\">\r\n\r\n<\/span><\/p>\r\n<p style=\"text-align: left;\"><span style=\"font-size: 18px;\"><strong>ACC\u00c9DEZ A NOS RUBRIQUES SUR SDPO-MAG<\/strong> :<\/span><\/p>\r\n<p style=\"text-align: left;\"><span style=\"font-size: 18px;\">\r\n\r\n<\/span><\/p>\r\n<ul class=\"wp-block-list\" style=\"text-align: left;\">\r\n<li>\r\n<ul>\r\n<li><span style=\"font-size: 18px;\"><a href=\"https:\/\/sdpo.com\/category\/sdpo-mag\/conseils-entrainement\/\">CONSEILS ENTRAINEMENT<\/a><\/span><\/li>\r\n<li><span style=\"font-size: 18px;\"><a href=\"http:\/\/sdpo.com\/category\/sdpo-mag\/entrainement-trail\/\">ENTRAINEMENT TRAIL<\/a><\/span><\/li>\r\n<li><span style=\"font-size: 18px;\"><a href=\"http:\/\/sdpo.com\/category\/sdpo-mag\/specificites-feminines\/\">SPECIFICITES FEMININES<\/a><\/span><\/li>\r\n<li><span style=\"font-size: 18px;\"><a href=\"http:\/\/sdpo.com\/category\/sdpo-mag\/nutrition\/\">NUTRITION<\/a><\/span><\/li>\r\n<li><span style=\"font-size: 18px;\"><a href=\"http:\/\/sdpo.com\/category\/sdpo-mag\/preparation-mentale\/\">PREPARATION MENTALE<\/a><\/span><\/li>\r\n<li><span style=\"font-size: 18px;\"><a href=\"http:\/\/sdpo.com\/category\/sdpo-mag\/articles-generaux\/\">ARTICLES GENERAUX<\/a><\/span><br \/><br \/><\/li>\r\n<\/ul>\r\n<\/li>\r\n<\/ul>\r\n<p><span style=\"font-size: 18px;\">Par avance, merci de faire connaitre cette rubrique autour de vous !<\/span><\/p>\r\n<p><span style=\"font-size: 18px;\">SDPO est partenaire de l&rsquo;AEIFA (Association des Entraineurs d&rsquo;Ile de France d&rsquo;Athl\u00e9tisme) &#8211; www.aeifa.com<\/span><\/p>\r\n","protected":false},"excerpt":{"rendered":"<p>Pour vous aider au mieux dans votre pr\u00e9paration, notre \u00e9quipe de sp\u00e9cialistes met en ligne de nouveaux articles.Diff\u00e9rents sujets sont abord\u00e9s tant en physiologie, qu\u2019en entrainement, nutrition ou gestion du stress\u2026Dans la rubrique \u00ab\u00a0ENTRAINEMENT TRAIL\u00a0\u00bb vous trouverez des conseils utiles qui vous aideront \u00e0 performer pour les \u00ab\u00a0accrocs\u00a0\u00bb de la performance et du chrono ou<\/p>\n","protected":false},"author":1,"featured_media":0,"parent":0,"menu_order":0,"comment_status":"closed","ping_status":"closed","template":"","meta":{"footnotes":""},"class_list":["post-3625","page","type-page","status-publish","hentry"],"_links":{"self":[{"href":"https:\/\/ultratrail-angkor.com\/index.php?rest_route=\/wp\/v2\/pages\/3625","targetHints":{"allow":["GET"]}}],"collection":[{"href":"https:\/\/ultratrail-angkor.com\/index.php?rest_route=\/wp\/v2\/pages"}],"about":[{"href":"https:\/\/ultratrail-angkor.com\/index.php?rest_route=\/wp\/v2\/types\/page"}],"author":[{"embeddable":true,"href":"https:\/\/ultratrail-angkor.com\/index.php?rest_route=\/wp\/v2\/users\/1"}],"replies":[{"embeddable":true,"href":"https:\/\/ultratrail-angkor.com\/index.php?rest_route=%2Fwp%2Fv2%2Fcomments&post=3625"}],"version-history":[{"count":7,"href":"https:\/\/ultratrail-angkor.com\/index.php?rest_route=\/wp\/v2\/pages\/3625\/revisions"}],"predecessor-version":[{"id":10946,"href":"https:\/\/ultratrail-angkor.com\/index.php?rest_route=\/wp\/v2\/pages\/3625\/revisions\/10946"}],"wp:attachment":[{"href":"https:\/\/ultratrail-angkor.com\/index.php?rest_route=%2Fwp%2Fv2%2Fmedia&parent=3625"}],"curies":[{"name":"wp","href":"https:\/\/api.w.org\/{rel}","templated":true}]}}