{"id":3631,"date":"2019-07-29T03:27:26","date_gmt":"2019-07-29T01:27:26","guid":{"rendered":"https:\/\/ultratrail-angkor.com\/?page_id=3631"},"modified":"2019-07-29T03:27:27","modified_gmt":"2019-07-29T01:27:27","slug":"votre-prochain-rendez-vous-avec-sdpo","status":"publish","type":"page","link":"https:\/\/ultratrail-angkor.com\/?page_id=3631","title":{"rendered":"Votre prochain rendez-vous avec SDPO"},"content":{"rendered":"\n<div class=\"wp-block-image\"><figure class=\"alignleft\"><a href=\"https:\/\/ultratrail-angkor.com\/wp-content\/uploads\/2017\/05\/Le-rendez-vous-avec-SDPO-1.jpg\"><img decoding=\"async\" src=\"https:\/\/ultratrail-angkor.com\/wp-content\/uploads\/2017\/05\/Le-rendez-vous-avec-SDPO-1-300x300.jpg\" alt=\"Helfende H\u00e4nde\" class=\"wp-image-4000\"\/><\/a><\/figure><\/div>\n\n\n\n<p><strong>L\u2019ULTRA TRAIL D\u2019ANGKOR SERA<\/strong><\/p>\n\n\n\n<p><strong>\u2013 AU VILLAGE DU MARATHON DU MEDOC, Parrain du marathon Trail d\u2019Angkor, le 08 septembre 2019-<br><\/strong><\/p>\n\n\n\n<p>Tout savoir sur le MARATHON DU MEDOC et inscription:&nbsp;<a href=\"http:\/\/www.marathondumedoc.com\/\">http:\/\/www.marathondumedoc.com\/<\/a><\/p>\n\n\n\n<p><strong>Toute l\u2019\u00e9quipe de SDPO vous donne rendez vous sur cet \u00e9v\u00e9nement.<\/strong><\/p>\n","protected":false},"excerpt":{"rendered":"<p>L\u2019ULTRA TRAIL D\u2019ANGKOR SERA \u2013 AU VILLAGE DU MARATHON DU MEDOC, Parrain du marathon Trail d\u2019Angkor, le 08 septembre 2019- Tout savoir sur le MARATHON DU MEDOC et inscription:&nbsp;http:\/\/www.marathondumedoc.com\/ Toute l\u2019\u00e9quipe de SDPO vous donne rendez vous sur cet \u00e9v\u00e9nement.<\/p>\n","protected":false},"author":1,"featured_media":0,"parent":0,"menu_order":0,"comment_status":"closed","ping_status":"closed","template":"","meta":{"footnotes":""},"class_list":["post-3631","page","type-page","status-publish","hentry"],"_links":{"self":[{"href":"https:\/\/ultratrail-angkor.com\/index.php?rest_route=\/wp\/v2\/pages\/3631","targetHints":{"allow":["GET"]}}],"collection":[{"href":"https:\/\/ultratrail-angkor.com\/index.php?rest_route=\/wp\/v2\/pages"}],"about":[{"href":"https:\/\/ultratrail-angkor.com\/index.php?rest_route=\/wp\/v2\/types\/page"}],"author":[{"embeddable":true,"href":"https:\/\/ultratrail-angkor.com\/index.php?rest_route=\/wp\/v2\/users\/1"}],"replies":[{"embeddable":true,"href":"https:\/\/ultratrail-angkor.com\/index.php?rest_route=%2Fwp%2Fv2%2Fcomments&post=3631"}],"version-history":[{"count":1,"href":"https:\/\/ultratrail-angkor.com\/index.php?rest_route=\/wp\/v2\/pages\/3631\/revisions"}],"predecessor-version":[{"id":3632,"href":"https:\/\/ultratrail-angkor.com\/index.php?rest_route=\/wp\/v2\/pages\/3631\/revisions\/3632"}],"wp:attachment":[{"href":"https:\/\/ultratrail-angkor.com\/index.php?rest_route=%2Fwp%2Fv2%2Fmedia&parent=3631"}],"curies":[{"name":"wp","href":"https:\/\/api.w.org\/{rel}","templated":true}]}}