{"id":3637,"date":"2019-07-29T03:42:36","date_gmt":"2019-07-29T01:42:36","guid":{"rendered":"https:\/\/ultratrail-angkor.com\/?page_id=3637"},"modified":"2019-07-29T03:42:37","modified_gmt":"2019-07-29T01:42:37","slug":"remerciements-aux-partenaires-et-coureurs-de-lultra-trail-dangkor-2019","status":"publish","type":"page","link":"https:\/\/ultratrail-angkor.com\/?page_id=3637","title":{"rendered":"REMERCIEMENTS AUX PARTENAIRES ET COUREURS DE L\u2019ULTRA TRAIL D\u2019ANGKOR 2019"},"content":{"rendered":"\n<p>Chers amis partenaires et coureurs,<\/p>\n\n\n\n<p>Vous avez \u00e9t\u00e9 nombreux \u00e0 participer \u00e0 cette quatri\u00e8me \u00e9dition de l\u2019Ultra Trail d\u2019Angkor et toute l\u2019\u00e9quipe de SDPO tenait \u00e0 vous remercier pour la confiance accord\u00e9e \u00e0 notre petite organisation. A notre grand \u00e9tonnement, vous \u00e9tiez plus de 1000 inscrits, venant de 42 pays diff\u00e9rents.<\/p>\n\n\n\n<p>Sachez que nous avons fait le maximum et d\u00e9penser beaucoup d\u2019\u00e9nergie pour que l\u2019Ultra Trail d\u2019Angkor soit une belle \u00e9preuve. Le privil\u00e8ge que nous avons eu de fouler ce site f\u00e9\u00e9rique et &nbsp;prestigieux a \u00e9t\u00e9 pl\u00e9biscit\u00e9 par la majorit\u00e9 d\u2019entre vous.<\/p>\n\n\n\n<p>Le soutien de RUNNING Attitude, de PHOENIX Voyage, du gouvernement Cambodgien, du Comit\u00e9 National Olympique et de tous nos partenaires a pu rendre encore plus belle cette \u00e9preuve.<\/p>\n\n\n\n<p><strong>Un grand merci aux partenaires de l\u2019Ultra Trail d\u2019Angkor car sans eux la course ne pourrait avoir lieu :<\/strong><\/p>\n\n\n\n<p><strong>Eau Min\u00e9ral KULEN, D\u00c9CATHLON, LE FRUIT, QUAD ADVENTURE, RUNNING ATTITUDE, ANGKOR BEER,&nbsp; LE COMITE NATIONAL OLYMPIC CAMBODGIEN, ASPARA, SALA BAI, LE MINIST\u00c8RE DU TOURISME CAMBODGIEN, L\u2019ALLIANCE FRAN\u00c7AISE, UFE MONDE, JAYA, AVENIR PUB, LE D\u00c9PARTEMENT DU VAL D\u2019OISE, ,&nbsp;S\u00c2MATA Aquaroma, AMOS, ABCS and Rice, Caring for Cambodia, SHAC, TRACE DE TRAIL, CRUISE SEC PRODUCTION, SDPO, RUNNING Attitude et&nbsp; PHOENIX Voyages. Sans oublier les h\u00f4tels partenaires; SAKMUT HOTEL, PARADISE HOTEL, ANGKOR HOTEL, SOKHA HOTEL ANGKOR\u2026<\/strong><\/p>\n\n\n\n<p>Pour la prochaine \u00e9dition qui se d\u00e9roulera le 18 janvier 2020, nous allons conserver les horaires&nbsp; tout en gardant les formats actuels (Temple Run 16 km \u2013Trail &amp; Nordic walking 16 et Marche et Randonn\u00e9e, Jungle Trail 32 km, Marathon trail 42 km, Bayon Trail 64 km, UTA 128).<strong>&nbsp;Fid\u00e8le \u00e0 nos principes \u00ab Sport et Culture&nbsp;\u00bb, nous maintiendrons un s\u00e9jour touristique associ\u00e9 \u00e0 ce trail.<\/strong><\/p>\n\n\n\n<p>Nous conserverons \u00e9galement au programme, pour vos accompagnateurs, &nbsp;La Grande Marche Humanitaire Mr Nez Rouge, qui gr\u00e2ce \u00e0 vous tous nous a permis de financer 3 ONG qui luttent au quotidien pour aider les Enfants du Cambodge.<\/p>\n\n\n\n<p>Toute \u00a0une s\u00e9rie de photos sont maintenant mises en ligne dans le site Internet\u00a0:\u00a0<a href=\"https:\/\/ultratrail-angkor.com\/\"><a href=\"http:\/\/www.photos.sdpo.com\/\">www.ultratrail-angkor.com<\/a><\/a>\u00a0Clic dans page Accueil ou M\u00e9dias\u00a0Photos Ultra Trail d\u2019Angkor.\u00a0<a href=\"http:\/\/www.photos.sdpo.com\/\">http:\/\/www.photos.sdpo.com\/<\/a><\/p>\n\n\n\n<p><strong>Pour acc\u00e9der au communiqu\u00e9 presse:&nbsp;<a href=\"https:\/\/ultratrail-angkor.com\/wp-content\/uploads\/2019\/02\/COMMUNIQUE-de-PRESSE-UTAngkor-2019.pdf\">COMMUNIQUE de PRESSE UTAngkor 2019<\/a><\/strong><\/p>\n\n\n\n<div class=\"wp-block-image\"><figure class=\"alignleft\"><a href=\"https:\/\/ultratrail-angkor.com\/wp-content\/uploads\/2019\/02\/B02A0119.jpg\"><img decoding=\"async\" src=\"https:\/\/ultratrail-angkor.com\/wp-content\/uploads\/2019\/02\/B02A0119-1024x683.jpg\" alt=\"B02A0119\" class=\"wp-image-5340\"\/><\/a><\/figure><\/div>\n\n\n\n<p>Pour nous aider dans notre communication, nous ne pouvons maintenant que vous invitez \u00e0 consulter la presse de vos pays respectifs pour ainsi d\u00e9clencher des articles sur cette nouvelle \u00e9preuve.&nbsp;<strong>Si vous disposez d\u00e9j\u00e0 d\u2019articles de presse, de photos ou films que vous voulez faire partager au plus grand nombre, nous ferons le n\u00e9cessaire pour les mettre en ligne.<\/strong>&nbsp;<strong>Par avance, merci de nous les faire parvenir.<\/strong><\/p>\n\n\n\n<p>Pour la France, des reportages sortiront dans RUNNING Attitude, RUNNING Pour Elles, ESPRIT Trail. Vous pouvez vous aussi contacter la presse sp\u00e9cialis\u00e9e.<\/p>\n\n\n\n<p>En attendant,\u00a0<strong>nous vous invitons \u00e0 nous envoyer votre v\u00e9cu et t\u00e9moignage de course<\/strong>\u00a0\u00e0\u00a0<a href=\"mailto:sdpo@sdpo.com\">sdpo@sdpo.com<\/a>\u00a0A cette occasion, une rubrique t\u00e9moignages vient d\u2019\u00eatre ouverte dans le site Internet. Voir\u00a0:\u00a0<a href=\"https:\/\/ultratrail-angkor.com\/?page_id=3260&amp;lang=fr\">https:\/\/ultratrail-angkor.com\/temoignages\/<\/a><\/p>\n\n\n\n<p>Bonne continuation et merci de continuer \u00e0 faire connaitre l\u2019Ultra Trail d\u2019Angkor aupr\u00e8s de vos amis coureurs et marcheurs<\/p>\n\n\n\n<p>Jean Claude Le Cornec<br>Organisateur de l\u2019Ultra Trail d\u2019Angkor<br><a href=\"mailto:sdpo@sdpo.com\">sdpo@sdpo.com<\/a><br><br>Facebook :\u00a0<a href=\"https:\/\/www.facebook.com\/ultratrailangkor\">https:\/\/www.facebook.com\/ultratrailangkor<\/a><\/p>\n\n\n\n<div class=\"wp-block-image\"><figure class=\"alignleft\"><a href=\"https:\/\/ultratrail-angkor.com\/wp-content\/uploads\/2018\/02\/Remerciements-partenaires-et-sponsors.jpg\"><img decoding=\"async\" src=\"https:\/\/ultratrail-angkor.com\/wp-content\/uploads\/2018\/02\/Remerciements-partenaires-et-sponsors-1024x699.jpg\" alt=\"Remerciements partenaires et sponsors\" class=\"wp-image-5337\"\/><\/a><\/figure><\/div>\n\n\n\n<div class=\"wp-block-image\"><figure class=\"aligncenter\"><a href=\"https:\/\/ultratrail-angkor.com\/wp-content\/uploads\/2018\/02\/MERCI-BEAUCOUP-1.jpg\"><img decoding=\"async\" src=\"https:\/\/ultratrail-angkor.com\/wp-content\/uploads\/2018\/02\/MERCI-BEAUCOUP-1.jpg\" alt=\"MERCI BEAUCOUP\" class=\"wp-image-4553\"\/><\/a><\/figure><\/div>\n","protected":false},"excerpt":{"rendered":"<p>Chers amis partenaires et coureurs, Vous avez \u00e9t\u00e9 nombreux \u00e0 participer \u00e0 cette quatri\u00e8me \u00e9dition de l\u2019Ultra Trail d\u2019Angkor et toute l\u2019\u00e9quipe de SDPO tenait \u00e0 vous remercier pour la confiance accord\u00e9e \u00e0 notre petite organisation. A notre grand \u00e9tonnement, vous \u00e9tiez plus de 1000 inscrits, venant de 42 pays diff\u00e9rents. Sachez que nous avons<\/p>\n","protected":false},"author":1,"featured_media":0,"parent":0,"menu_order":0,"comment_status":"closed","ping_status":"closed","template":"","meta":{"footnotes":""},"class_list":["post-3637","page","type-page","status-publish","hentry"],"_links":{"self":[{"href":"https:\/\/ultratrail-angkor.com\/index.php?rest_route=\/wp\/v2\/pages\/3637","targetHints":{"allow":["GET"]}}],"collection":[{"href":"https:\/\/ultratrail-angkor.com\/index.php?rest_route=\/wp\/v2\/pages"}],"about":[{"href":"https:\/\/ultratrail-angkor.com\/index.php?rest_route=\/wp\/v2\/types\/page"}],"author":[{"embeddable":true,"href":"https:\/\/ultratrail-angkor.com\/index.php?rest_route=\/wp\/v2\/users\/1"}],"replies":[{"embeddable":true,"href":"https:\/\/ultratrail-angkor.com\/index.php?rest_route=%2Fwp%2Fv2%2Fcomments&post=3637"}],"version-history":[{"count":2,"href":"https:\/\/ultratrail-angkor.com\/index.php?rest_route=\/wp\/v2\/pages\/3637\/revisions"}],"predecessor-version":[{"id":3640,"href":"https:\/\/ultratrail-angkor.com\/index.php?rest_route=\/wp\/v2\/pages\/3637\/revisions\/3640"}],"wp:attachment":[{"href":"https:\/\/ultratrail-angkor.com\/index.php?rest_route=%2Fwp%2Fv2%2Fmedia&parent=3637"}],"curies":[{"name":"wp","href":"https:\/\/api.w.org\/{rel}","templated":true}]}}