{"id":3671,"date":"2026-02-08T04:22:23","date_gmt":"2026-02-08T03:22:23","guid":{"rendered":"https:\/\/ultratrail-angkor.com\/?page_id=3671"},"modified":"2026-02-09T12:44:51","modified_gmt":"2026-02-09T11:44:51","slug":"march-et-randonnee-sans-chronometrage","status":"publish","type":"page","link":"https:\/\/ultratrail-angkor.com\/?page_id=3671","title":{"rendered":"Angkor Elephant Trail &#8211; 10 km"},"content":{"rendered":"<p><strong><span style=\"font-size: 18px;\">NOUVELLE DISTANCE \u2013 Angkor Elephant Trail 10 km<\/span><\/strong><\/p>\r\n<p><span style=\"font-size: 18px;\">Grande nouveaut\u00e9 pour cette 10\u1d49 \u00e9dition de l\u2019Ultra-Trail d\u2019Angkor : l\u2019Elephant Trail Angkor \u00e9volue et passe <strong>de 8 km \u00e0 10 km<\/strong>. Cette derni\u00e8re \u00e9preuve sign\u00e9e SDPO a \u00e9t\u00e9 pens\u00e9e pour permettre au plus grand nombre de prendre part \u00e0 l\u2019aventure, quel que soit son niveau.<\/span><\/p>\r\n<p><span style=\"font-size: 18px;\">Si le semi-marathon demande d\u00e9j\u00e0 un effort prolong\u00e9 et que le marathon reste un d\u00e9fi exigeant n\u00e9cessitant rigueur et pr\u00e9paration, <strong>le 10 km s\u2019impose comme la distance id\u00e9ale pour tous<\/strong>. Ni trop courte pour frustrer les amateurs d\u2019endurance, ni trop longue pour d\u00e9courager les sportifs occasionnels, elle offre un parfait \u00e9quilibre entre plaisir, effort et accessibilit\u00e9.<\/span><\/p>\r\n<p><span style=\"font-size: 18px;\">C\u2019est une distance que beaucoup pratiquent r\u00e9guli\u00e8rement \u00e0 l\u2019entra\u00eenement, souvent r\u00e9alisable en environ une heure, ce qui en fait un format rassurant et motivant.<\/span><\/p>\r\n<p><span style=\"font-size: 18px;\">Le parcours s\u2019\u00e9lancera depuis la Terrasse des \u00c9l\u00e9phants, avant de s\u2019enfoncer progressivement dans la jungle, encha\u00eenant les single tracks sinueux au c\u0153ur d\u2019une nature luxuriante. Un trac\u00e9 ludique et immersif, propice aux sensations et \u00e0 l\u2019\u00e9vasion.<\/span><\/p>\r\n<p><span style=\"font-size: 18px;\">Nul doute que cette nouvelle version de l\u2019Elephant Trail conna\u00eetra le m\u00eame succ\u00e8s que les autres \u00e9preuves du programme. Du plaisir, du partage et de l\u2019\u00e9motion : telle est la philosophie de SDPO, avec des courses o\u00f9 chacun peut trouver son bonheur.<\/span><\/p>\r\n<p><span style=\"font-size: 18px;\"><!-- \/wp:post-content -->\r\n\r\n<!-- wp:gallery {\"ids\":[4546,4547,4548]} \/-->\r\n\r\n<!-- wp:image {\"id\":6195,\"sizeSlug\":\"large\"} --><\/span><\/p>\r\n<!-- \/wp:image -->","protected":false},"excerpt":{"rendered":"<p>NOUVELLE DISTANCE \u2013 Angkor Elephant Trail 10 km Grande nouveaut\u00e9 pour cette 10\u1d49 \u00e9dition de l\u2019Ultra-Trail d\u2019Angkor : l\u2019Elephant Trail Angkor \u00e9volue et passe de 8 km \u00e0 10 km. Cette derni\u00e8re \u00e9preuve sign\u00e9e SDPO a \u00e9t\u00e9 pens\u00e9e pour permettre au plus grand nombre de prendre part \u00e0 l\u2019aventure, quel que soit son niveau. Si<\/p>\n","protected":false},"author":1,"featured_media":0,"parent":0,"menu_order":0,"comment_status":"closed","ping_status":"closed","template":"","meta":{"footnotes":""},"class_list":["post-3671","page","type-page","status-publish","hentry"],"_links":{"self":[{"href":"https:\/\/ultratrail-angkor.com\/index.php?rest_route=\/wp\/v2\/pages\/3671","targetHints":{"allow":["GET"]}}],"collection":[{"href":"https:\/\/ultratrail-angkor.com\/index.php?rest_route=\/wp\/v2\/pages"}],"about":[{"href":"https:\/\/ultratrail-angkor.com\/index.php?rest_route=\/wp\/v2\/types\/page"}],"author":[{"embeddable":true,"href":"https:\/\/ultratrail-angkor.com\/index.php?rest_route=\/wp\/v2\/users\/1"}],"replies":[{"embeddable":true,"href":"https:\/\/ultratrail-angkor.com\/index.php?rest_route=%2Fwp%2Fv2%2Fcomments&post=3671"}],"version-history":[{"count":33,"href":"https:\/\/ultratrail-angkor.com\/index.php?rest_route=\/wp\/v2\/pages\/3671\/revisions"}],"predecessor-version":[{"id":13174,"href":"https:\/\/ultratrail-angkor.com\/index.php?rest_route=\/wp\/v2\/pages\/3671\/revisions\/13174"}],"wp:attachment":[{"href":"https:\/\/ultratrail-angkor.com\/index.php?rest_route=%2Fwp%2Fv2%2Fmedia&parent=3671"}],"curies":[{"name":"wp","href":"https:\/\/api.w.org\/{rel}","templated":true}]}}