{"id":4389,"date":"2019-09-02T11:33:48","date_gmt":"2019-09-02T09:33:48","guid":{"rendered":"https:\/\/ultratrail-angkor.com\/?page_id=4389"},"modified":"2023-03-21T16:36:23","modified_gmt":"2023-03-21T15:36:23","slug":"quienes-somos","status":"publish","type":"page","link":"https:\/\/ultratrail-angkor.com\/?page_id=4389&lang=es","title":{"rendered":"\u00bfQui\u00e9nes somos?"},"content":{"rendered":"\r\n\r\n\r\n<p><span style=\"font-size: 18px;\">Jean-Claude LE CORNEC (fundador de SDPO)<\/span><\/p>\r\n<p><span style=\"font-size: 18px;\">Antiguo inspector de calidad en Eurocopter, ya ha hecho el Par\u00eds-Gao-Dakar, la traves\u00eda de Estados Unidos por la famosa Ruta 66 (de Chicago a Los \u00c1ngeles), el Marat\u00f3n des Sables (en el sur del desierto marroqu\u00ed), el Colorado, el Trans Atlas, el Trans Capadocia&#8230;<\/span><\/p>\r\n<p><span style=\"font-size: 18px;\">SDPO, se encuentra en la historia de un maratoniano Jean Claude Le Cornec &#8211; que al final de su carrera, se aventur\u00f3 a compartir con otros atletas su pasi\u00f3n por ser un organizador. Bastante decepcionado con el enfoque puramente deportivo de sus propios viajes, que consist\u00edan simplemente en correr alrededor del mundo sin descubrirlo. Decidi\u00f3 entonces dejar que corredores y senderistas afirmaran su talento combinando de forma diferente deporte y cultura.<\/span><\/p>\r\n<p><img loading=\"lazy\" decoding=\"async\" class=\"alignleft  wp-image-10134\" src=\"https:\/\/ultratrail-angkor.com\/wp-content\/uploads\/2023\/02\/Jean-Claude-Le-Cornec-927x1024.jpg\" alt=\"\" width=\"424\" height=\"468\" srcset=\"https:\/\/ultratrail-angkor.com\/wp-content\/uploads\/2023\/02\/Jean-Claude-Le-Cornec-927x1024.jpg 927w, https:\/\/ultratrail-angkor.com\/wp-content\/uploads\/2023\/02\/Jean-Claude-Le-Cornec-272x300.jpg 272w, https:\/\/ultratrail-angkor.com\/wp-content\/uploads\/2023\/02\/Jean-Claude-Le-Cornec-768x849.jpg 768w, https:\/\/ultratrail-angkor.com\/wp-content\/uploads\/2023\/02\/Jean-Claude-Le-Cornec-169x187.jpg 169w, https:\/\/ultratrail-angkor.com\/wp-content\/uploads\/2023\/02\/Jean-Claude-Le-Cornec-1170x1293.jpg 1170w, https:\/\/ultratrail-angkor.com\/wp-content\/uploads\/2023\/02\/Jean-Claude-Le-Cornec.jpg 1183w\" sizes=\"auto, (max-width: 424px) 100vw, 424px\" \/><\/p>\r\n<p><span style=\"font-size: 18px;\">Como precursor de las carreras de aventura, Jean Claude comenz\u00f3 con el viaje deportivo SDPO por primera vez en agosto de 1996 &#8211; con \u00ab\u00a0les foul\u00e9es de la soie\u00a0\u00bb (Strides Silk) (el primer Raid a pie celebrado en China en la Ruta de la Seda). Tambi\u00e9n, en apoyo del Marat\u00f3n de Pek\u00edn y Shanghai. Despu\u00e9s, el entusiasmo y la fidelidad de los sucesivos participantes nos permitieron tener la oportunidad de compartir con ellos otros destinos, ANGKOR ULTRA-TRAIL, en los que todos ellos se caracterizan por su historia y sus particularidades. Posteriormente, la SDPO procedi\u00f3 al reconocimiento de todos los destinos para evitar las rutas habituales.<\/span><\/p>\r\n<p><span style=\"font-size: 18px;\">Jean Claude ha tejido a su alrededor una estructura compuesta por voluntarios profesionales, aficionados y atletas. As\u00ed como m\u00e9dicos, fisioterapeutas, fot\u00f3grafos, periodistas, etc.<\/span><\/p>\r\n<p><span style=\"font-size: 18px;\">Cita de SDPO: \u00ab\u00a0Si caminar y correr fueran nuestros \u00fanicos objetivos, nos perder\u00edamos muchos momentos inolvidables\u00a0\u00bb.<\/span><\/p>\r\n<p><span style=\"font-size: 18px;\">Esta cita ha hecho felices a miles de corredores desde 1996.<\/span><\/p>\r\n<p><span style=\"font-size: 18px;\"><img loading=\"lazy\" decoding=\"async\" width=\"1024\" height=\"685\" class=\"wp-image-6589 aligncenter\" src=\"https:\/\/ultratrail-angkor.com\/wp-content\/uploads\/2020\/02\/photos-sylvie-273-1024x685.jpg\" alt=\"\" srcset=\"https:\/\/ultratrail-angkor.com\/wp-content\/uploads\/2020\/02\/photos-sylvie-273-1024x685.jpg 1024w, https:\/\/ultratrail-angkor.com\/wp-content\/uploads\/2020\/02\/photos-sylvie-273-300x201.jpg 300w, https:\/\/ultratrail-angkor.com\/wp-content\/uploads\/2020\/02\/photos-sylvie-273-768x514.jpg 768w, https:\/\/ultratrail-angkor.com\/wp-content\/uploads\/2020\/02\/photos-sylvie-273-1536x1028.jpg 1536w, https:\/\/ultratrail-angkor.com\/wp-content\/uploads\/2020\/02\/photos-sylvie-273-2048x1371.jpg 2048w, https:\/\/ultratrail-angkor.com\/wp-content\/uploads\/2020\/02\/photos-sylvie-273-280x187.jpg 280w, https:\/\/ultratrail-angkor.com\/wp-content\/uploads\/2020\/02\/photos-sylvie-273-1170x783.jpg 1170w\" sizes=\"auto, (max-width: 1024px) 100vw, 1024px\" \/><\/span><\/p>\r\n<p><span style=\"font-size: 20px;\"><strong>Equipo organizado<\/strong><\/span>r<\/p>\r\n<p><strong><span style=\"font-size: 18px;\">Para saber m\u00e1s sobre nuestro equipo &#8230; ?<\/span><\/strong><br \/><span style=\"font-size: 18px;\">Jean Claude Le Cornec, fundador de SDPO, se ha rodeado de los mejores especialistas para la seguridad de todos.<\/span><br \/><span style=\"font-size: 18px;\"><strong>Para supervisar nuestros eventos:<br \/>Un equipo a su servicio.<\/strong><br \/><\/span><span style=\"font-size: 18px;\">Un equipo de profesionales conocidos y reconocidos en este mundo tan particular del Raid-Aventura;<\/span><br \/><span style=\"font-size: 18px;\"><strong>M\u00e9dicos de urgencias de FIDELIA Assistance<\/strong>, del prestigioso equipo de coches del Dakar, fisioterapeutas del mundo del deporte y de las asociaciones deportivas y t\u00e9cnicos del mundo del deporte y del senderismo;<\/span><\/p>\r\n<p><span style=\"font-size: 18px;\">Se trata de 20 voluntarios que trabajan juntos cada a\u00f1o para construir una carrera de aventura \u00ab\u00a0amateur\u00a0\u00bb abierta a todos.<\/span><br \/><span style=\"font-size: 18px;\">El equipo de organizaci\u00f3n local de PHOENIX Voyages tambi\u00e9n participa. Este equipo est\u00e1 siempre dispuesto a escucharle y a responder a sus expectativas.<\/span><\/p>\r\n<p><span style=\"font-size: 20px;\"><strong>Co-organizador<\/strong><\/span><\/p>\r\n<p><span style=\"font-size: 18px;\"><em><strong>Phoenix Voyages Group<\/strong><\/em>, coorganizador del Ultra Trail Angkor desde el principio, es una empresa de gesti\u00f3n de destinos, fundada en 1999 en Vietnam. Con veinte a\u00f1os de experiencia en el Sudeste Asi\u00e1tico, esta empresa internacional crea y ofrece estancias a medida a particulares y grupos de todo el mundo. Sus destinos son: Vietnam, Tailandia, Laos, Corea, Camboya y Myanmar, como miembro asociado.<\/span><\/p>\r\n<p><span style=\"font-size: 18px;\">La SDPO ha elegido a Phoenix Voyages como socio regional para sus ediciones \u00ab\u00a0Les Foul\u00e9es\u00a0\u00bb en Laos, Vietnam y en Myanmar 2010, 2012, 2014, 2018, 2020, 2023.<\/span><\/p>\r\n<p><span style=\"font-size: 18px;\">Sus 70 equipos especializados hablan franc\u00e9s, espa\u00f1ol e ingl\u00e9s, garantizando siempre la mejor calidad y originalidad a sus clientes. Expertos en su destino, se centrar\u00e1n especialmente en ofrecer las mejores condiciones en torno a la carrera y sugerir\u00e1n los mejores itinerarios del Sudeste Asi\u00e1tico a todos los participantes del Ultra Trail Angkor.<\/span><\/p>\r\n<p><span style=\"font-size: 18px;\"><img loading=\"lazy\" decoding=\"async\" class=\"aligncenter wp-image-10498 size-large\" src=\"https:\/\/ultratrail-angkor.com\/wp-content\/uploads\/2023\/03\/2019-PhoenixVoyagesTeam-1024x510.jpg\" alt=\"\" width=\"1024\" height=\"510\" srcset=\"https:\/\/ultratrail-angkor.com\/wp-content\/uploads\/2023\/03\/2019-PhoenixVoyagesTeam-1024x510.jpg 1024w, https:\/\/ultratrail-angkor.com\/wp-content\/uploads\/2023\/03\/2019-PhoenixVoyagesTeam-300x149.jpg 300w, https:\/\/ultratrail-angkor.com\/wp-content\/uploads\/2023\/03\/2019-PhoenixVoyagesTeam-768x382.jpg 768w, https:\/\/ultratrail-angkor.com\/wp-content\/uploads\/2023\/03\/2019-PhoenixVoyagesTeam-1536x765.jpg 1536w, https:\/\/ultratrail-angkor.com\/wp-content\/uploads\/2023\/03\/2019-PhoenixVoyagesTeam-280x139.jpg 280w, https:\/\/ultratrail-angkor.com\/wp-content\/uploads\/2023\/03\/2019-PhoenixVoyagesTeam-1170x582.jpg 1170w, https:\/\/ultratrail-angkor.com\/wp-content\/uploads\/2023\/03\/2019-PhoenixVoyagesTeam.jpg 1561w\" sizes=\"auto, (max-width: 1024px) 100vw, 1024px\" \/><\/span><\/p>\r\n<p><span style=\"font-size: 18px;\">\r\n\r\n<\/span><\/p>\r\n<p style=\"text-align: center;\">Phoenix Voyages Group &#8211; 57-59 Street 7, An Phu &#8211; An Khanh, District 2, Ho Chi Minh City \u2013 Vietnam<\/p>\r\n\r\n\r\n\r\n<p style=\"text-align: center;\">\u00a0TEL +84-8 6281 0222 \u2013 FAX +84-8 6281 0333<\/p>\r\n\r\n\r\n\r\n<div class=\"wp-block-button aligncenter is-style-outline is-style-outline--1\"><a class=\"wp-block-button__link\" href=\"www.phoenixvoyages.com  \"><img loading=\"lazy\" decoding=\"async\" width=\"150\" height=\"33\" class=\"wp-image-4235\" style=\"width: 150px;\" src=\"https:\/\/ultratrail-angkor.com\/wp-content\/uploads\/2019\/08\/Phoenix-Logo-noborder-300-1.png\" alt=\"\" srcset=\"https:\/\/ultratrail-angkor.com\/wp-content\/uploads\/2019\/08\/Phoenix-Logo-noborder-300-1.png 1181w, https:\/\/ultratrail-angkor.com\/wp-content\/uploads\/2019\/08\/Phoenix-Logo-noborder-300-1-300x67.png 300w, https:\/\/ultratrail-angkor.com\/wp-content\/uploads\/2019\/08\/Phoenix-Logo-noborder-300-1-768x170.png 768w, https:\/\/ultratrail-angkor.com\/wp-content\/uploads\/2019\/08\/Phoenix-Logo-noborder-300-1-1024x227.png 1024w, https:\/\/ultratrail-angkor.com\/wp-content\/uploads\/2019\/08\/Phoenix-Logo-noborder-300-1-280x62.png 280w, https:\/\/ultratrail-angkor.com\/wp-content\/uploads\/2019\/08\/Phoenix-Logo-noborder-300-1-1170x260.png 1170w\" sizes=\"auto, (max-width: 150px) 100vw, 150px\" \/><\/a>http:\/\/www.phoenixvoyages.com<\/div>\r\n\r\n\r\n","protected":false},"excerpt":{"rendered":"<p>Jean-Claude LE CORNEC (fundador de SDPO) Antiguo inspector de calidad en Eurocopter, ya ha hecho el Par\u00eds-Gao-Dakar, la traves\u00eda de Estados Unidos por la famosa Ruta 66 (de Chicago a Los \u00c1ngeles), el Marat\u00f3n des Sables (en el sur del desierto marroqu\u00ed), el Colorado, el Trans Atlas, el Trans Capadocia&#8230; SDPO, se encuentra en la<\/p>\n","protected":false},"author":1,"featured_media":0,"parent":0,"menu_order":0,"comment_status":"closed","ping_status":"closed","template":"","meta":{"footnotes":""},"class_list":["post-4389","page","type-page","status-publish","hentry"],"_links":{"self":[{"href":"https:\/\/ultratrail-angkor.com\/index.php?rest_route=\/wp\/v2\/pages\/4389","targetHints":{"allow":["GET"]}}],"collection":[{"href":"https:\/\/ultratrail-angkor.com\/index.php?rest_route=\/wp\/v2\/pages"}],"about":[{"href":"https:\/\/ultratrail-angkor.com\/index.php?rest_route=\/wp\/v2\/types\/page"}],"author":[{"embeddable":true,"href":"https:\/\/ultratrail-angkor.com\/index.php?rest_route=\/wp\/v2\/users\/1"}],"replies":[{"embeddable":true,"href":"https:\/\/ultratrail-angkor.com\/index.php?rest_route=%2Fwp%2Fv2%2Fcomments&post=4389"}],"version-history":[{"count":5,"href":"https:\/\/ultratrail-angkor.com\/index.php?rest_route=\/wp\/v2\/pages\/4389\/revisions"}],"predecessor-version":[{"id":10633,"href":"https:\/\/ultratrail-angkor.com\/index.php?rest_route=\/wp\/v2\/pages\/4389\/revisions\/10633"}],"wp:attachment":[{"href":"https:\/\/ultratrail-angkor.com\/index.php?rest_route=%2Fwp%2Fv2%2Fmedia&parent=4389"}],"curies":[{"name":"wp","href":"https:\/\/api.w.org\/{rel}","templated":true}]}}