{"id":5481,"date":"2023-01-23T04:35:21","date_gmt":"2023-01-23T03:35:21","guid":{"rendered":"https:\/\/ultratrail-angkor.com\/?page_id=5481"},"modified":"2023-01-28T03:34:08","modified_gmt":"2023-01-28T02:34:08","slug":"derniere-actu","status":"publish","type":"page","link":"https:\/\/ultratrail-angkor.com\/?page_id=5481","title":{"rendered":"Derni\u00e8res actus"},"content":{"rendered":"\r\n\r\n\r\n<p class=\"is-layout-flow wp-block-quote-is-layout-flow\"><strong><img loading=\"lazy\" decoding=\"async\" class=\"size-full wp-image-9854 alignleft\" src=\"https:\/\/ultratrail-angkor.com\/wp-content\/uploads\/2023\/01\/Concours-video-UTA.jpg\" alt=\"\" width=\"190\" height=\"192\" srcset=\"https:\/\/ultratrail-angkor.com\/wp-content\/uploads\/2023\/01\/Concours-video-UTA.jpg 190w, https:\/\/ultratrail-angkor.com\/wp-content\/uploads\/2023\/01\/Concours-video-UTA-185x187.jpg 185w\" sizes=\"auto, (max-width: 190px) 100vw, 190px\" \/><\/strong><\/p>\r\n<p>&nbsp;<\/p>\r\n<p><strong>R\u00c9GLEMENT GRAND CONCOURS VID\u00c9O \u00ab ULTRA TRAIL D\u2019ANGKOR \u00bb<\/strong> <br \/>SDPO, \u00e0 l\u2019occasion de la prochaine \u00e9dition de l\u2019ULTRA TRAIL D\u2019ANGKOR qui se d\u00e9roulera le 4 f\u00e9vrier 2023 organise un grand concours vid\u00e9o. <br \/>\u25ba intitul\u00e9 \u00ab CONCOURS VID\u00c9O UTA \u2013 CAMBODGE 2023 \u00bb.<br \/><strong>Dur\u00e9e de la vid\u00e9o<\/strong><br \/><strong>\u2022 2\u2019 30 \u00e0 4\u201930 avec le g\u00e9n\u00e9rique de fin.<\/strong><\/p>\r\n\r\n<p>_______________________________________________________________________<\/p>\r\n<p><span style=\"font-size: 20px;\"><em>Article 10 &#8211; \u00a0<\/em><strong>CERTIFICAT MEDICAL<\/strong><\/span><\/p>\r\n\r\n\r\n\r\n<p>La participation aux courses est subordonn\u00e9e \u00e0 la pr\u00e9sentation d\u2019une licence en cours de validit\u00e9 attestant de la <strong>d\u00e9livrance d\u2019un certificat m\u00e9dical<\/strong> de non contre-indication \u00e0 la pratique en comp\u00e9tition de la discipline sportive pour laquelle il a \u00e9t\u00e9 sollicit\u00e9. <strong><em>\u00abApte \u00e0 la pratique de la course \u00e0 pied en comp\u00e9tition\u00bb, ou de non contre-indication de la course \u00e0 pied en comp\u00e9tition\u00a0\u00bb<\/em><\/strong><\/p>\r\n\r\n\r\n\r\n<p><strong>Pour les non licenci\u00e9s, le certificat m\u00e9dical <\/strong>est <strong>\u00e0 faire valider<\/strong> <strong>imp\u00e9rativement<\/strong> par un m\u00e9decin (de pr\u00e9f\u00e9rence par un m\u00e9decin du sport et dat\u00e9 de moins d\u2019un an au d\u00e9part de l\u2019\u00e9preuve). <strong>Seul le certificat m\u00e9dical mod\u00e8le type fourni par l\u2019organisation sera admis<\/strong><\/p>\r\n\r\n\r\n\r\n<p class=\"has-background has-luminous-vivid-amber-background-color\"><strong>Le certificat m\u00e9dical devra \u00eatre pr\u00e9sent\u00e9 au retrait des dossards.<\/strong><\/p>\r\n\r\n\r\n\r\n<p><strong>En cas de non pr\u00e9sentation du certificat m\u00e9dical<\/strong> et pour \u00e9viter d\u2019\u00eatre mis hors course, le concurrent s\u2019engage \u00e0 signer une d\u00e9charge <strong>\u00ab\u00a0Renonciation et exon\u00e9ration de responsabilit\u00e9\u00a0\u00bb<\/strong> et devient le seul responsable en cas de probl\u00e8mes physiques qui pourraient lui subvenir en course.<\/p>\r\n\r\n\r\n\r\n\r\n\r\n<p>Toutes les \u00e9preuves se d\u00e9rouleront sur une seule journ\u00e9e avec des horaires d\u00e9cal\u00e9es. Le d\u00e9roulement de cette \u00e9preuve est planifi\u00e9* :<\/p>\r\n<p>le samedi 04 f\u00e9vrier \u00e0 04 h 00* pour l\u2019Ultra Trail d\u2019Angkor, 100 km (UTA 100)<br \/>le samedi 04 f\u00e9vrier \u00e0 04 h 00* pour le Bayon Trail Angkor (64 km)<br \/>le samedi 04 f\u00e9vrier \u00e0 6 h 00* pour le Marathon Trail Angkor (42 km)<br \/>le samedi 04 f\u00e9vrier \u00e0 7 h 00* pour le Jungle Trail Angkor (32 km)<br \/>le samedi 04 f\u00e9vrier \u00e0 8 h 30* pour le Temple Run Angkor (16 km)<br \/>le samedi 04 f\u00e9vrier \u00e0 8 h 35* pour le Nordic Walking Angkor (16 km)<br \/>le samedi 04 f\u00e9vrier \u00e0 8 h 35* pour la Marche et randonn\u00e9e Angkor (16 km)<br \/>le samedi 04 f\u00e9vrier \u00e0 9h 30* pour l&rsquo;Elephant Trail Angkor (8km)<\/p>\r\n<p>TEMPS MAXIMUM AUTORIS\u00c9 DES DIFF\u00c9RENTES \u00c9PREUVES***<\/p>\r\n<p>UltraTrail of Angkor &#8211; 100 km \u25ba21 h soit 4,76 km\/h<br \/>Angkor Bayon Trail &#8211; 64 km \u25ba 12 h soit 5,33 km\/h<br \/>Angkor Marathon Trail &#8211; 42 km \u25ba 7h53 soit 5,33 km\/h<br \/>Angkor Jungle Trail &#8211; 32 km \u25ba6h soit 5,33 km\/h<br \/>Angkor Temple Run &#8211; 16 km \u25ba 3h soit 5,33 km\/h<br \/>Angkor Nordic Walking &#8211; 16 km \u25ba4h soit 4km\/h<br \/>Elephant Trail Angkor \u2013 8 km \u25ba 2h soit 4km\/h<\/p>\r\n<p>Les concurrents disposent d\u2019un temps maximum pour effectuer le parcours jusqu\u2019\u00e0 la ligne d\u2019arriv\u00e9e. Pass\u00e9 ce d\u00e9lai, un coureur pourra \u00eatre d\u00e9clar\u00e9 \u00ab hors d\u00e9lai \u00bb sur d\u00e9cision unilat\u00e9rale de l\u2019organisation, signifiant sans appel sa mise hors course ; son dossard lui sera alors retir\u00e9. Le dispositif de s\u00e9curit\u00e9 \u00e9tant lev\u00e9, tout participant mis hors course d\u00e9cidant n\u00e9anmoins de continuer l\u2019\u00e9preuve le fera sous son enti\u00e8re responsabilit\u00e9 et devra se conformer aux r\u00e8gles de circulation du code de la route. L\u2019organisation ne pourra \u00eatre tenue responsable en cas d\u2019accident.<\/p>\r\n\r\n\r\n\r\n\r\n\r\n<div class=\"wp-block-spacer\" style=\"height: 100px;\" aria-hidden=\"true\"><hr \/><\/div>\r\n\r\n\r\n\r\n\r\n\r\n\r\n","protected":false},"excerpt":{"rendered":"<p>&nbsp; R\u00c9GLEMENT GRAND CONCOURS VID\u00c9O \u00ab ULTRA TRAIL D\u2019ANGKOR \u00bb SDPO, \u00e0 l\u2019occasion de la prochaine \u00e9dition de l\u2019ULTRA TRAIL D\u2019ANGKOR qui se d\u00e9roulera le 4 f\u00e9vrier 2023 organise un grand concours vid\u00e9o. \u25ba intitul\u00e9 \u00ab CONCOURS VID\u00c9O UTA \u2013 CAMBODGE 2023 \u00bb.Dur\u00e9e de la vid\u00e9o\u2022 2\u2019 30 \u00e0 4\u201930 avec le g\u00e9n\u00e9rique de fin.<\/p>\n","protected":false},"author":1,"featured_media":0,"parent":0,"menu_order":0,"comment_status":"closed","ping_status":"closed","template":"","meta":{"footnotes":""},"class_list":["post-5481","page","type-page","status-publish","hentry"],"_links":{"self":[{"href":"https:\/\/ultratrail-angkor.com\/index.php?rest_route=\/wp\/v2\/pages\/5481","targetHints":{"allow":["GET"]}}],"collection":[{"href":"https:\/\/ultratrail-angkor.com\/index.php?rest_route=\/wp\/v2\/pages"}],"about":[{"href":"https:\/\/ultratrail-angkor.com\/index.php?rest_route=\/wp\/v2\/types\/page"}],"author":[{"embeddable":true,"href":"https:\/\/ultratrail-angkor.com\/index.php?rest_route=\/wp\/v2\/users\/1"}],"replies":[{"embeddable":true,"href":"https:\/\/ultratrail-angkor.com\/index.php?rest_route=%2Fwp%2Fv2%2Fcomments&post=5481"}],"version-history":[{"count":30,"href":"https:\/\/ultratrail-angkor.com\/index.php?rest_route=\/wp\/v2\/pages\/5481\/revisions"}],"predecessor-version":[{"id":9857,"href":"https:\/\/ultratrail-angkor.com\/index.php?rest_route=\/wp\/v2\/pages\/5481\/revisions\/9857"}],"wp:attachment":[{"href":"https:\/\/ultratrail-angkor.com\/index.php?rest_route=%2Fwp%2Fv2%2Fmedia&parent=5481"}],"curies":[{"name":"wp","href":"https:\/\/api.w.org\/{rel}","templated":true}]}}