{"id":5767,"date":"2026-02-20T19:16:08","date_gmt":"2026-02-20T18:16:08","guid":{"rendered":"https:\/\/ultratrail-angkor.com\/?page_id=5767"},"modified":"2026-02-27T18:15:23","modified_gmt":"2026-02-27T17:15:23","slug":"faq-uta-2020-2","status":"publish","type":"page","link":"https:\/\/ultratrail-angkor.com\/?page_id=5767","title":{"rendered":"FAQ-UTA et obtention Visa"},"content":{"rendered":"\r\n<div class=\"wp-block-image\">\r\n<figure><a href=\"https:\/\/ultratrail-angkor.com\/wp-content\/uploads\/2018\/06\/FAQ.jpg\"><img decoding=\"async\" class=\"aligncenter\" src=\"https:\/\/ultratrail-angkor.com\/wp-content\/uploads\/2018\/06\/FAQ-300x225.jpg\" alt=\"FAQ\" \/><\/a><strong><span style=\"font-size: 18px; color: #993366;\">Pour r\u00e9pondre au plus pr\u00e8s de vos interrogations, cette rubrique sera r\u00e9guli\u00e8rement aliment\u00e9e en questions et r\u00e9ponses dont vous pourrez nous poser.<\/span><\/strong><\/figure>\r\n<\/div>\r\n\r\n<p>&nbsp;<\/p>\r\n<p><span style=\"font-size: 18px;\">\r\n\r\n\r\n\r\n<\/span><\/p>\r\n","protected":false},"excerpt":{"rendered":"","protected":false},"author":3,"featured_media":0,"parent":0,"menu_order":0,"comment_status":"closed","ping_status":"closed","template":"","meta":{"footnotes":""},"class_list":["post-5767","page","type-page","status-publish","hentry"],"_links":{"self":[{"href":"https:\/\/ultratrail-angkor.com\/index.php?rest_route=\/wp\/v2\/pages\/5767","targetHints":{"allow":["GET"]}}],"collection":[{"href":"https:\/\/ultratrail-angkor.com\/index.php?rest_route=\/wp\/v2\/pages"}],"about":[{"href":"https:\/\/ultratrail-angkor.com\/index.php?rest_route=\/wp\/v2\/types\/page"}],"author":[{"embeddable":true,"href":"https:\/\/ultratrail-angkor.com\/index.php?rest_route=\/wp\/v2\/users\/3"}],"replies":[{"embeddable":true,"href":"https:\/\/ultratrail-angkor.com\/index.php?rest_route=%2Fwp%2Fv2%2Fcomments&post=5767"}],"version-history":[{"count":40,"href":"https:\/\/ultratrail-angkor.com\/index.php?rest_route=\/wp\/v2\/pages\/5767\/revisions"}],"predecessor-version":[{"id":13568,"href":"https:\/\/ultratrail-angkor.com\/index.php?rest_route=\/wp\/v2\/pages\/5767\/revisions\/13568"}],"wp:attachment":[{"href":"https:\/\/ultratrail-angkor.com\/index.php?rest_route=%2Fwp%2Fv2%2Fmedia&parent=5767"}],"curies":[{"name":"wp","href":"https:\/\/api.w.org\/{rel}","templated":true}]}}