{"id":6542,"date":"2026-02-08T12:52:11","date_gmt":"2026-02-08T11:52:11","guid":{"rendered":"https:\/\/ultratrail-angkor.com\/?page_id=6542"},"modified":"2026-02-11T10:45:01","modified_gmt":"2026-02-11T09:45:01","slug":"elephant-trail-angkor-8km","status":"publish","type":"page","link":"https:\/\/ultratrail-angkor.com\/?page_id=6542","title":{"rendered":"Marche et randonn\u00e9e &#8211; 10 km sans chronom\u00e9trage"},"content":{"rendered":"<h3 data-start=\"194\" data-end=\"249\"><span style=\"font-size: 18px;\">NOUVELLE DISTANCE \u2013 Marche et randonn\u00e9e 10 km<\/span><\/h3>\r\n<p data-start=\"250\" data-end=\"289\"><strong><span style=\"font-size: 18px;\">Marche &amp; Randonn\u00e9e \u2013 Non chronom\u00e9tr\u00e9e<\/span><\/strong><\/p>\r\n<p data-start=\"291\" data-end=\"583\"><span style=\"font-size: 18px;\">Pour cette <strong data-start=\"302\" data-end=\"343\">10\u1d49 \u00e9dition de l\u2019Ultra-Trail d\u2019Angkor<\/strong>,\u00a0<strong data-start=\"347\" data-end=\"372\">la Marche et Randonn\u00e9e<\/strong> \u00e9volue et se d\u00e9cline d\u00e9sormais en une deuxi\u00e8me \u00e9preuve de<strong data-start=\"407\" data-end=\"438\"> 10 km<\/strong>, en plus de celle de 21 km programm\u00e9e sur le parcours du Royal trail Angkor. Une formule pens\u00e9e pour permettre au <strong data-start=\"477\" data-end=\"498\">plus grand nombre<\/strong> de vivre l\u2019aventure d\u2019Angkor, <strong data-start=\"529\" data-end=\"582\">sans esprit de comp\u00e9tition et \u00e0 son propre rythme<\/strong>.<\/span><\/p>\r\n<p data-start=\"585\" data-end=\"916\"><span style=\"font-size: 18px;\">Ni trop courte, ni trop longue, cette distance de <strong data-start=\"635\" data-end=\"644\">10 km<\/strong> constitue un format id\u00e9al pour la marche active et la randonn\u00e9e accessible. Elle permet \u00e0 chacun de profiter pleinement du parcours, de prendre le temps d\u2019observer, de ressentir et de s\u2019impr\u00e9gner de l\u2019atmosph\u00e8re unique du site, sans contrainte de temps ni de performance.<\/span><\/p>\r\n<p data-start=\"918\" data-end=\"1201\"><span style=\"font-size: 18px;\">Ouverte \u00e0 tous, cette marche\u2013randonn\u00e9e s\u2019adresse aussi bien aux <strong data-start=\"982\" data-end=\"999\">accompagnants<\/strong>, <strong data-start=\"1001\" data-end=\"1012\">seniors<\/strong>, <strong data-start=\"1014\" data-end=\"1040\">marcheurs occasionnels<\/strong> qu\u2019aux sportifs souhaitant d\u00e9couvrir Angkor autrement. Chacun avance librement, selon ses envies et ses capacit\u00e9s, dans un esprit de convivialit\u00e9 et de partage.<\/span><\/p>\r\n<p data-start=\"1203\" data-end=\"1467\"><span style=\"font-size: 18px;\">Le parcours s\u2019\u00e9lancera depuis la <strong data-start=\"1236\" data-end=\"1262\">Terrasse des \u00c9l\u00e9phants<\/strong>, avant de s\u2019enfoncer progressivement dans la <strong data-start=\"1308\" data-end=\"1318\">jungle<\/strong>, en suivant des <strong data-start=\"1335\" data-end=\"1355\">sentiers sinueux<\/strong> au c\u0153ur d\u2019une nature luxuriante. Un itin\u00e9raire immersif et apaisant, propice \u00e0 l\u2019\u00e9vasion et \u00e0 la contemplation.<\/span><\/p>\r\n<p data-start=\"1469\" data-end=\"1733\"><span style=\"font-size: 18px;\">Cette nouvelle formule de 10km sur le m\u00eame parcours que l\u2019Angkor Elephant Trail s\u2019inscrit pleinement dans la philosophie de <strong data-start=\"1556\" data-end=\"1564\">SDPO<\/strong> : proposer des exp\u00e9riences accessibles et authentiques, o\u00f9 <strong data-start=\"1624\" data-end=\"1658\">plaisir, d\u00e9couverte et \u00e9motion<\/strong> se conjuguent pour offrir \u00e0 chacun un moment inoubliable au c\u0153ur d\u2019Angkor.<\/span><\/p>\r\n<p data-start=\"1469\" data-end=\"1733\"><img loading=\"lazy\" decoding=\"async\" class=\"aligncenter size-large wp-image-13236\" src=\"https:\/\/ultratrail-angkor.com\/wp-content\/uploads\/2026\/02\/Phearom-Nou-UTA-2024-9-1-1024x683.jpg\" alt=\"\" width=\"1024\" height=\"683\" srcset=\"https:\/\/ultratrail-angkor.com\/wp-content\/uploads\/2026\/02\/Phearom-Nou-UTA-2024-9-1-1024x683.jpg 1024w, https:\/\/ultratrail-angkor.com\/wp-content\/uploads\/2026\/02\/Phearom-Nou-UTA-2024-9-1-300x200.jpg 300w, https:\/\/ultratrail-angkor.com\/wp-content\/uploads\/2026\/02\/Phearom-Nou-UTA-2024-9-1-768x512.jpg 768w, https:\/\/ultratrail-angkor.com\/wp-content\/uploads\/2026\/02\/Phearom-Nou-UTA-2024-9-1-1536x1024.jpg 1536w, https:\/\/ultratrail-angkor.com\/wp-content\/uploads\/2026\/02\/Phearom-Nou-UTA-2024-9-1-2048x1365.jpg 2048w, https:\/\/ultratrail-angkor.com\/wp-content\/uploads\/2026\/02\/Phearom-Nou-UTA-2024-9-1-280x187.jpg 280w, https:\/\/ultratrail-angkor.com\/wp-content\/uploads\/2026\/02\/Phearom-Nou-UTA-2024-9-1-1170x780.jpg 1170w\" sizes=\"auto, (max-width: 1024px) 100vw, 1024px\" \/><\/p>\r\n<p><span style=\"font-size: 18px;\"><!-- \/wp:post-content -->\r\n\r\n<!-- wp:image {\"id\":6596,\"sizeSlug\":\"large\"} --><\/span><\/p>\r\n<p><span style=\"font-size: 18px;\"><!-- \/wp:image -->\r\n\r\n<!-- wp:paragraph --><\/span><\/p>\r\n<p><span style=\"font-size: 16px;\"><!-- \/wp:paragraph -->\r\n\r\n<!-- wp:paragraph --><\/span><\/p>\r\n<!-- \/wp:paragraph -->","protected":false},"excerpt":{"rendered":"<p>NOUVELLE DISTANCE \u2013 Marche et randonn\u00e9e 10 km Marche &amp; Randonn\u00e9e \u2013 Non chronom\u00e9tr\u00e9e Pour cette 10\u1d49 \u00e9dition de l\u2019Ultra-Trail d\u2019Angkor,\u00a0la Marche et Randonn\u00e9e \u00e9volue et se d\u00e9cline d\u00e9sormais en une deuxi\u00e8me \u00e9preuve de 10 km, en plus de celle de 21 km programm\u00e9e sur le parcours du Royal trail Angkor. Une formule pens\u00e9e pour<\/p>\n","protected":false},"author":3,"featured_media":0,"parent":0,"menu_order":0,"comment_status":"closed","ping_status":"closed","template":"","meta":{"footnotes":""},"class_list":["post-6542","page","type-page","status-publish","hentry"],"_links":{"self":[{"href":"https:\/\/ultratrail-angkor.com\/index.php?rest_route=\/wp\/v2\/pages\/6542","targetHints":{"allow":["GET"]}}],"collection":[{"href":"https:\/\/ultratrail-angkor.com\/index.php?rest_route=\/wp\/v2\/pages"}],"about":[{"href":"https:\/\/ultratrail-angkor.com\/index.php?rest_route=\/wp\/v2\/types\/page"}],"author":[{"embeddable":true,"href":"https:\/\/ultratrail-angkor.com\/index.php?rest_route=\/wp\/v2\/users\/3"}],"replies":[{"embeddable":true,"href":"https:\/\/ultratrail-angkor.com\/index.php?rest_route=%2Fwp%2Fv2%2Fcomments&post=6542"}],"version-history":[{"count":17,"href":"https:\/\/ultratrail-angkor.com\/index.php?rest_route=\/wp\/v2\/pages\/6542\/revisions"}],"predecessor-version":[{"id":13237,"href":"https:\/\/ultratrail-angkor.com\/index.php?rest_route=\/wp\/v2\/pages\/6542\/revisions\/13237"}],"wp:attachment":[{"href":"https:\/\/ultratrail-angkor.com\/index.php?rest_route=%2Fwp%2Fv2%2Fmedia&parent=6542"}],"curies":[{"name":"wp","href":"https:\/\/api.w.org\/{rel}","templated":true}]}}