{"id":7907,"date":"2026-02-09T04:00:40","date_gmt":"2026-02-09T03:00:40","guid":{"rendered":"https:\/\/ultratrail-angkor.com\/?page_id=7907"},"modified":"2026-02-11T15:56:29","modified_gmt":"2026-02-11T14:56:29","slug":"maraton-trail-42-km","status":"publish","type":"page","link":"https:\/\/ultratrail-angkor.com\/?page_id=7907&lang=es","title":{"rendered":"Marat\u00f3n Trail \/ 42 km"},"content":{"rendered":"<p><span style=\"font-size: 18px;\"><strong>Llevamos dos a\u00f1os ofreciendo esta distancia y el entusiasmo de los participantes hace que cada vez contemos con m\u00e1s corredores en la salida del marat\u00f3n en el pueblo de Ta Kos.<\/strong><\/span><\/p>\n<p><span style=\"font-size: 18px;\">Este Marat\u00f3n Trail de 42,195 km discurrir\u00e1 por pista, a trav\u00e9s de arrozales y una hermosa naturaleza sin olvidar el cruce de multitud de peque\u00f1os pueblos con los Templos de Angkor como tel\u00f3n de fondo.<\/span><\/p>\n<p><span style=\"font-size: 18px;\">La salida ser\u00e1 en el pueblo de Ta Kos, a las 6:00 de la ma\u00f1ana, al noreste de los templos de Angkor para luego llegar al coraz\u00f3n del sitio arqueol\u00f3gico de Angkor a trav\u00e9s de Phnom Bok donde 700 escalones para subir le esperan con una espl\u00e9ndida vista en la cima de la colina donde cruzar\u00e1 un peque\u00f1o templo. Disfrute de estos momentos excepcionales antes de volver a Banteay Samre, Mebon Oriental, Prae Roup, Prassat Kravan, Tanei y el Puente Franc\u00e9s para llegar a la meta en la Terraza de los Elefantes.<\/span><\/p>\n<p><img loading=\"lazy\" decoding=\"async\" class=\"aligncenter size-large wp-image-13260\" src=\"https:\/\/ultratrail-angkor.com\/wp-content\/uploads\/2026\/02\/97b980625f79a9a3a4dc8a5ee2054487-1024x683.jpg\" alt=\"\" width=\"1024\" height=\"683\" srcset=\"https:\/\/ultratrail-angkor.com\/wp-content\/uploads\/2026\/02\/97b980625f79a9a3a4dc8a5ee2054487-1024x683.jpg 1024w, https:\/\/ultratrail-angkor.com\/wp-content\/uploads\/2026\/02\/97b980625f79a9a3a4dc8a5ee2054487-300x200.jpg 300w, https:\/\/ultratrail-angkor.com\/wp-content\/uploads\/2026\/02\/97b980625f79a9a3a4dc8a5ee2054487-768x512.jpg 768w, https:\/\/ultratrail-angkor.com\/wp-content\/uploads\/2026\/02\/97b980625f79a9a3a4dc8a5ee2054487-1536x1024.jpg 1536w, https:\/\/ultratrail-angkor.com\/wp-content\/uploads\/2026\/02\/97b980625f79a9a3a4dc8a5ee2054487-280x187.jpg 280w, https:\/\/ultratrail-angkor.com\/wp-content\/uploads\/2026\/02\/97b980625f79a9a3a4dc8a5ee2054487-1170x780.jpg 1170w, https:\/\/ultratrail-angkor.com\/wp-content\/uploads\/2026\/02\/97b980625f79a9a3a4dc8a5ee2054487.jpg 2048w\" sizes=\"auto, (max-width: 1024px) 100vw, 1024px\" \/><\/p>\n<p><span style=\"font-size: 18px;\">Como en el Ultra-Trail\u00ae, vivir\u00e1 una aventura extraordinaria que guardar\u00e1 en su memoria durante mucho tiempo. La c\u00e1lida acogida de los lugare\u00f1os te har\u00e1 amar Camboya.<\/span><\/p>\n<p><span style=\"font-size: 18px;\">Para esta s\u00e9ptima edici\u00f3n, os esperamos a muchos en la salida de este marat\u00f3n patrocinado por nuestros amigos del M\u00e9doc Marathon&#8230;.. Puedes correr este marat\u00f3n con disfraces \u00fanicos o no.<\/span><\/p>\n<p><span style=\"font-size: 18px;\">Alma del reino jemer, los templos de Angkor son fuente de inspiraci\u00f3n y orgullo nacional para los camboyanos, y su belleza siempre ha fascinado a los viajeros de todo el mundo.<\/span><\/p>\n<p><span style=\"font-size: 18px;\">\u00a1Qu\u00e9 privilegio pisar un lugar declarado Patrimonio de la Humanidad por la UNESCO!<\/span><\/p>\n<p><span style=\"font-size: 18px;\">Siempre a su escucha, hemos a\u00f1adido el Angkor Trail Marathon al programa y haremos todo lo posible para acercarnos a los 42,195 km y tener as\u00ed la distancia m\u00e1s exacta posible. Para los \u00ab\u00a0adictos\u00a0\u00bb al marat\u00f3n, nos gustar\u00eda se\u00f1alar que no habr\u00e1 una L\u00cdNEA AZUL pintada en el suelo, por lo tanto no habr\u00e1 una trayectoria ideal para los corredores. Esto es comprensible, ya que esta l\u00ednea, que se ha hecho oficial en los grandes eventos, se traza a 30 cm de la acera&#8230;. y en nuestro recorrido no hay aceras, como en los otros recorridos de 10, 21, 32, 64 y 100 km, que siguen siendo relevantes.<\/span><\/p>\n<p><span style=\"font-size: 18px;\">La ruta de la Marat\u00f3n de Angkor Trail &#8211; 42 km: <\/span><\/p>\n<p><span style=\"font-size: 18px;\">Puntos de repostaje cada 10 km.<\/span><\/p>\n<p><a href=\"https:\/\/tracedetrail.fr\/fr\/event\/ultra-trail-d-angkor-2026\">https:\/\/tracedetrail.fr\/fr\/event\/ultra-trail-d-angkor-2026<\/a><\/p>\n<p><center><br \/>\n<iframe style=\"border: 0; width: 80%; height: 800px;\" src=\"https:\/\/tracedetrail.fr\/fr\/iframe\/7927\" scrolling=\"no\" allowfullscreen=\"allowfullscreen\"><\/iframe><\/center><\/p>\n","protected":false},"excerpt":{"rendered":"<p>Llevamos dos a\u00f1os ofreciendo esta distancia y el entusiasmo de los participantes hace que cada vez contemos con m\u00e1s corredores en la salida del marat\u00f3n en el pueblo de Ta Kos. Este Marat\u00f3n Trail de 42,195 km discurrir\u00e1 por pista, a trav\u00e9s de arrozales y una hermosa naturaleza sin olvidar el cruce de multitud de<\/p>\n","protected":false},"author":1,"featured_media":0,"parent":0,"menu_order":0,"comment_status":"closed","ping_status":"closed","template":"","meta":{"footnotes":""},"class_list":["post-7907","page","type-page","status-publish","hentry"],"_links":{"self":[{"href":"https:\/\/ultratrail-angkor.com\/index.php?rest_route=\/wp\/v2\/pages\/7907","targetHints":{"allow":["GET"]}}],"collection":[{"href":"https:\/\/ultratrail-angkor.com\/index.php?rest_route=\/wp\/v2\/pages"}],"about":[{"href":"https:\/\/ultratrail-angkor.com\/index.php?rest_route=\/wp\/v2\/types\/page"}],"author":[{"embeddable":true,"href":"https:\/\/ultratrail-angkor.com\/index.php?rest_route=\/wp\/v2\/users\/1"}],"replies":[{"embeddable":true,"href":"https:\/\/ultratrail-angkor.com\/index.php?rest_route=%2Fwp%2Fv2%2Fcomments&post=7907"}],"version-history":[{"count":21,"href":"https:\/\/ultratrail-angkor.com\/index.php?rest_route=\/wp\/v2\/pages\/7907\/revisions"}],"predecessor-version":[{"id":13262,"href":"https:\/\/ultratrail-angkor.com\/index.php?rest_route=\/wp\/v2\/pages\/7907\/revisions\/13262"}],"wp:attachment":[{"href":"https:\/\/ultratrail-angkor.com\/index.php?rest_route=%2Fwp%2Fv2%2Fmedia&parent=7907"}],"curies":[{"name":"wp","href":"https:\/\/api.w.org\/{rel}","templated":true}]}}