{"id":7912,"date":"2026-02-09T04:05:49","date_gmt":"2026-02-09T03:05:49","guid":{"rendered":"https:\/\/ultratrail-angkor.com\/?page_id=7912"},"modified":"2026-02-11T15:58:16","modified_gmt":"2026-02-11T14:58:16","slug":"7912-2","status":"publish","type":"page","link":"https:\/\/ultratrail-angkor.com\/?page_id=7912&lang=es","title":{"rendered":"Jungle Trail \/ 32 km"},"content":{"rendered":"<p><span style=\"font-size: 18px;\">Al igual que en el caso del sendero de Bayon en Angkor, este evento tendr\u00e1 lugar en el sitio arqueol\u00f3gico de Angkor, en la provincia de Siem Reap, en el norte de Camboya.<\/span> <span style=\"font-size: 18px;\">Esta ruta de 32 km se recorrer\u00e1 por un camino salvaje, a trav\u00e9s de arrozales y un entorno natural de incre\u00edble belleza, sin olvidar las traves\u00edas de peque\u00f1os pueblos y, al fondo, los templos de Angkor.<\/span><\/p>\n<p><span style=\"font-size: 18px;\"><img loading=\"lazy\" decoding=\"async\" class=\"aligncenter size-large wp-image-13263\" src=\"https:\/\/ultratrail-angkor.com\/wp-content\/uploads\/2026\/02\/2435b722848d7d68c74bea4d3744e2df-1024x683.jpg\" alt=\"\" width=\"1024\" height=\"683\" srcset=\"https:\/\/ultratrail-angkor.com\/wp-content\/uploads\/2026\/02\/2435b722848d7d68c74bea4d3744e2df-1024x683.jpg 1024w, https:\/\/ultratrail-angkor.com\/wp-content\/uploads\/2026\/02\/2435b722848d7d68c74bea4d3744e2df-300x200.jpg 300w, https:\/\/ultratrail-angkor.com\/wp-content\/uploads\/2026\/02\/2435b722848d7d68c74bea4d3744e2df-768x512.jpg 768w, https:\/\/ultratrail-angkor.com\/wp-content\/uploads\/2026\/02\/2435b722848d7d68c74bea4d3744e2df-1536x1024.jpg 1536w, https:\/\/ultratrail-angkor.com\/wp-content\/uploads\/2026\/02\/2435b722848d7d68c74bea4d3744e2df-280x187.jpg 280w, https:\/\/ultratrail-angkor.com\/wp-content\/uploads\/2026\/02\/2435b722848d7d68c74bea4d3744e2df-1170x780.jpg 1170w, https:\/\/ultratrail-angkor.com\/wp-content\/uploads\/2026\/02\/2435b722848d7d68c74bea4d3744e2df.jpg 2048w\" sizes=\"auto, (max-width: 1024px) 100vw, 1024px\" \/><\/span><\/p>\n<p><span style=\"font-size: 18px;\">Se partir\u00e1 de Phnom Bok para llegar al yacimiento arqueol\u00f3gico de Angkor. Banteay Samre, Mebon Oriental, Prae Roup, Prassat Kravan, Tanei y el Puente Franc\u00e9s marcar\u00e1n su ruta.<\/span> <span style=\"font-size: 18px;\">Vivir\u00e1 una aventura extraordinaria que guardar\u00e1 en su memoria durante mucho tiempo. La c\u00e1lida acogida de la poblaci\u00f3n local le enamorar\u00e1 de Camboya.<\/span> <span style=\"font-size: 18px;\">No se pierda el privilegio de pisar un lugar declarado Patrimonio de la Humanidad por la UNESCO<\/span> <span style=\"font-size: 18px;\">Alma del reino jemer, los templos de Angkor son fuente de inspiraci\u00f3n y orgullo nacional para los camboyanos, y su belleza siempre ha fascinado a los viajeros de todo el mundo.<\/span><\/p>\n<h2><span style=\"font-size: 18px;\"><img loading=\"lazy\" decoding=\"async\" class=\"aligncenter wp-image-10081 size-large\" src=\"https:\/\/ultratrail-angkor.com\/wp-content\/uploads\/2023\/02\/IMG_5875-1024x768.jpeg\" alt=\"\" width=\"1024\" height=\"768\" srcset=\"https:\/\/ultratrail-angkor.com\/wp-content\/uploads\/2023\/02\/IMG_5875-1024x768.jpeg 1024w, https:\/\/ultratrail-angkor.com\/wp-content\/uploads\/2023\/02\/IMG_5875-300x225.jpeg 300w, https:\/\/ultratrail-angkor.com\/wp-content\/uploads\/2023\/02\/IMG_5875-768x576.jpeg 768w, https:\/\/ultratrail-angkor.com\/wp-content\/uploads\/2023\/02\/IMG_5875-1536x1152.jpeg 1536w, https:\/\/ultratrail-angkor.com\/wp-content\/uploads\/2023\/02\/IMG_5875-2048x1536.jpeg 2048w, https:\/\/ultratrail-angkor.com\/wp-content\/uploads\/2023\/02\/IMG_5875-249x187.jpeg 249w, https:\/\/ultratrail-angkor.com\/wp-content\/uploads\/2023\/02\/IMG_5875-1170x878.jpeg 1170w\" sizes=\"auto, (max-width: 1024px) 100vw, 1024px\" \/><\/span><\/h2>\n<p><span style=\"font-size: 18px;\"><strong>Jungle Trail Angkor \u2013 32 km-<\/strong> <strong>RUTA<\/strong> :<\/span><\/p>\n<p><span style=\"font-size: 18px;\"><a href=\"https:\/\/tracedetrail.fr\/fr\/event\/ultra-trail-d-angkor-2026\">https:\/\/tracedetrail.fr\/fr\/event\/ultra-trail-d-angkor-2026<\/a><\/span><\/p>\n<p><span style=\"font-size: 18px;\">Repostando cada 8 Km.<\/span><\/p>\n<p><center><br \/>\n<iframe style=\"border: 0; width: 80%; height: 800px;\" src=\"https:\/\/tracedetrail.fr\/fr\/iframe\/7928\" scrolling=\"no\" allowfullscreen=\"allowfullscreen\"><\/iframe><\/center>&nbsp;<\/p>\n","protected":false},"excerpt":{"rendered":"<p>Al igual que en el caso del sendero de Bayon en Angkor, este evento tendr\u00e1 lugar en el sitio arqueol\u00f3gico de Angkor, en la provincia de Siem Reap, en el norte de Camboya. Esta ruta de 32 km se recorrer\u00e1 por un camino salvaje, a trav\u00e9s de arrozales y un entorno natural de incre\u00edble belleza,<\/p>\n","protected":false},"author":1,"featured_media":0,"parent":0,"menu_order":0,"comment_status":"closed","ping_status":"closed","template":"","meta":{"footnotes":""},"class_list":["post-7912","page","type-page","status-publish","hentry"],"_links":{"self":[{"href":"https:\/\/ultratrail-angkor.com\/index.php?rest_route=\/wp\/v2\/pages\/7912","targetHints":{"allow":["GET"]}}],"collection":[{"href":"https:\/\/ultratrail-angkor.com\/index.php?rest_route=\/wp\/v2\/pages"}],"about":[{"href":"https:\/\/ultratrail-angkor.com\/index.php?rest_route=\/wp\/v2\/types\/page"}],"author":[{"embeddable":true,"href":"https:\/\/ultratrail-angkor.com\/index.php?rest_route=\/wp\/v2\/users\/1"}],"replies":[{"embeddable":true,"href":"https:\/\/ultratrail-angkor.com\/index.php?rest_route=%2Fwp%2Fv2%2Fcomments&post=7912"}],"version-history":[{"count":16,"href":"https:\/\/ultratrail-angkor.com\/index.php?rest_route=\/wp\/v2\/pages\/7912\/revisions"}],"predecessor-version":[{"id":13265,"href":"https:\/\/ultratrail-angkor.com\/index.php?rest_route=\/wp\/v2\/pages\/7912\/revisions\/13265"}],"wp:attachment":[{"href":"https:\/\/ultratrail-angkor.com\/index.php?rest_route=%2Fwp%2Fv2%2Fmedia&parent=7912"}],"curies":[{"name":"wp","href":"https:\/\/api.w.org\/{rel}","templated":true}]}}