{"id":7949,"date":"2020-06-09T05:18:30","date_gmt":"2020-06-09T03:18:30","guid":{"rendered":"https:\/\/ultratrail-angkor.com\/?page_id=7949"},"modified":"2023-03-21T07:42:23","modified_gmt":"2023-03-21T06:42:23","slug":"ayuda-humanitaria","status":"publish","type":"page","link":"https:\/\/ultratrail-angkor.com\/?page_id=7949&lang=es","title":{"rendered":"HUMANITARIA"},"content":{"rendered":"<p><span style=\"font-size: 18px;\"><strong>Y SI CORREMOS POR UNA BUENA CAUSA:<\/strong><\/span><\/p>\n<p><span style=\"font-size: 18px;\">Correremos en una parte del mundo donde, aunque la pobreza est\u00e1 disminuyendo, una parte de la poblaci\u00f3n vive por debajo del umbral de la pobreza y lucha por sobrevivir con menos de un d\u00f3lar estadounidense al d\u00eda. La pobreza est\u00e1 especialmente extendida en las zonas rurales y entre los ni\u00f1os, que constituyen m\u00e1s de la mitad de la poblaci\u00f3n del pa\u00eds. La mayor\u00eda de los ni\u00f1os camboyanos sufren malnutrici\u00f3n: el 45% de los ni\u00f1os muestran signos de retraso moderado o grave del crecimiento (fuente: UNICEF).<\/span><\/p>\n<p><span style=\"font-size: 18px;\">Como cada a\u00f1o, SDPO, ya patrocinador de la Asociaci\u00f3n Mr Red Nose, y todos los corredores de la UTA participan a su manera para ayudar a los m\u00e1s desfavorecidos. <strong>3 ONG, escuelas, pueblos<\/strong> se benefician de la ayuda humanitaria en forma de donaciones financieras o de ropa, material escolar, juguetes&#8230;<\/span><\/p>\n<p><span style=\"font-size: 18px;\">El equipo de la SDPO y gracias a la donaci\u00f3n de un generoso donante inscrito en la UTA 2023, Michel Bach, han participado en la <strong>reconstrucci\u00f3n del puente de Banteay Samre<\/strong>. Este puente, bautizado por los corredores como \u00ab\u00a0Pont Saint Michel\u00a0\u00bb, contribuir\u00e1 sin duda a mejorar la vida de los aldeanos camboyanos.<\/span><\/p>\n<p><img loading=\"lazy\" decoding=\"async\" class=\"aligncenter wp-image-6536 size-large\" src=\"https:\/\/ultratrail-angkor.com\/wp-content\/uploads\/2020\/02\/IMG_0019-1024x683.jpg\" alt=\"\" width=\"1024\" height=\"683\" srcset=\"https:\/\/ultratrail-angkor.com\/wp-content\/uploads\/2020\/02\/IMG_0019-1024x683.jpg 1024w, https:\/\/ultratrail-angkor.com\/wp-content\/uploads\/2020\/02\/IMG_0019-300x200.jpg 300w, https:\/\/ultratrail-angkor.com\/wp-content\/uploads\/2020\/02\/IMG_0019-768x512.jpg 768w, https:\/\/ultratrail-angkor.com\/wp-content\/uploads\/2020\/02\/IMG_0019-1536x1024.jpg 1536w, https:\/\/ultratrail-angkor.com\/wp-content\/uploads\/2020\/02\/IMG_0019-2048x1365.jpg 2048w, https:\/\/ultratrail-angkor.com\/wp-content\/uploads\/2020\/02\/IMG_0019-280x187.jpg 280w, https:\/\/ultratrail-angkor.com\/wp-content\/uploads\/2020\/02\/IMG_0019-1170x780.jpg 1170w\" sizes=\"auto, (max-width: 1024px) 100vw, 1024px\" \/><br \/>\n<img loading=\"lazy\" decoding=\"async\" class=\"wp-image-6539 size-large aligncenter\" src=\"https:\/\/ultratrail-angkor.com\/wp-content\/uploads\/2020\/02\/IMG_20200118_090028-1024x768.jpg\" alt=\"\" width=\"1024\" height=\"768\" srcset=\"https:\/\/ultratrail-angkor.com\/wp-content\/uploads\/2020\/02\/IMG_20200118_090028-1024x768.jpg 1024w, https:\/\/ultratrail-angkor.com\/wp-content\/uploads\/2020\/02\/IMG_20200118_090028-300x225.jpg 300w, https:\/\/ultratrail-angkor.com\/wp-content\/uploads\/2020\/02\/IMG_20200118_090028-768x576.jpg 768w, https:\/\/ultratrail-angkor.com\/wp-content\/uploads\/2020\/02\/IMG_20200118_090028-1536x1152.jpg 1536w, https:\/\/ultratrail-angkor.com\/wp-content\/uploads\/2020\/02\/IMG_20200118_090028-2048x1536.jpg 2048w, https:\/\/ultratrail-angkor.com\/wp-content\/uploads\/2020\/02\/IMG_20200118_090028-249x187.jpg 249w, https:\/\/ultratrail-angkor.com\/wp-content\/uploads\/2020\/02\/IMG_20200118_090028-1170x878.jpg 1170w\" sizes=\"auto, (max-width: 1024px) 100vw, 1024px\" \/><\/p>\n","protected":false},"excerpt":{"rendered":"<p>Y SI CORREMOS POR UNA BUENA CAUSA: Correremos en una parte del mundo donde, aunque la pobreza est\u00e1 disminuyendo, una parte de la poblaci\u00f3n vive por debajo del umbral de la pobreza y lucha por sobrevivir con menos de un d\u00f3lar estadounidense al d\u00eda. La pobreza est\u00e1 especialmente extendida en las zonas rurales y entre<\/p>\n","protected":false},"author":1,"featured_media":0,"parent":0,"menu_order":0,"comment_status":"closed","ping_status":"closed","template":"","meta":{"footnotes":""},"class_list":["post-7949","page","type-page","status-publish","hentry"],"_links":{"self":[{"href":"https:\/\/ultratrail-angkor.com\/index.php?rest_route=\/wp\/v2\/pages\/7949","targetHints":{"allow":["GET"]}}],"collection":[{"href":"https:\/\/ultratrail-angkor.com\/index.php?rest_route=\/wp\/v2\/pages"}],"about":[{"href":"https:\/\/ultratrail-angkor.com\/index.php?rest_route=\/wp\/v2\/types\/page"}],"author":[{"embeddable":true,"href":"https:\/\/ultratrail-angkor.com\/index.php?rest_route=\/wp\/v2\/users\/1"}],"replies":[{"embeddable":true,"href":"https:\/\/ultratrail-angkor.com\/index.php?rest_route=%2Fwp%2Fv2%2Fcomments&post=7949"}],"version-history":[{"count":3,"href":"https:\/\/ultratrail-angkor.com\/index.php?rest_route=\/wp\/v2\/pages\/7949\/revisions"}],"predecessor-version":[{"id":10496,"href":"https:\/\/ultratrail-angkor.com\/index.php?rest_route=\/wp\/v2\/pages\/7949\/revisions\/10496"}],"wp:attachment":[{"href":"https:\/\/ultratrail-angkor.com\/index.php?rest_route=%2Fwp%2Fv2%2Fmedia&parent=7949"}],"curies":[{"name":"wp","href":"https:\/\/api.w.org\/{rel}","templated":true}]}}