{"id":9111,"date":"2021-12-14T11:54:02","date_gmt":"2021-12-14T10:54:02","guid":{"rendered":"https:\/\/ultratrail-angkor.com\/?page_id=9111"},"modified":"2021-12-30T10:05:14","modified_gmt":"2021-12-30T09:05:14","slug":"appel-a-la-solidarite","status":"publish","type":"page","link":"https:\/\/ultratrail-angkor.com\/?page_id=9111","title":{"rendered":"APPEL A LA SOLIDARITE"},"content":{"rendered":"<h2><strong>APPEL A LA SOLIDARIT\u00c9<\/strong><\/h2>\n<p>C&rsquo;est aujourd&rsquo;hui une publication un peu diff\u00e9rente des autres.<br \/>\nNous avons <strong>besoin de votre vague de solidarit\u00e9<\/strong> afin d&rsquo;aider notre correspondant au Cambodge, Ludo.<br \/>\nJe vous invite \u00e0 lire la publication pour en apprendre plus sur son projet.<\/p>\n<p>Tout savoir sur la cagnotte sans commission et lien de l&rsquo;application Lydia: <a href=\"https:\/\/lydia-app.com\/fr\/\">https:\/\/lydia-app.com\/fr\/<\/a><\/p>\n<p>Une fois l&rsquo;application Lydia enregistr\u00e9, il vous suffit simplement de <strong>mentionner la somme de votre don sur le num\u00e9ro de t\u00e9l\u00e9phone que nous vous\u00a0 communiquons<\/strong> dans la pr\u00e9sentation du projet, en rappel: <strong>07 63 01 48 74<\/strong><\/p>\n<p>Pour un don via Paypal, il faut <strong>mentionner la somme de votre don sur l&#8217;email suivant:\u00a0<\/strong> <a href=\"mailto:c.barchi@hotmail.com\">c.barchi@hotmail.com<\/a><\/p>\n<p>Pour tous autres dons (ch\u00e9que ou virement) merci de me contacter sur via <a href=\"mailto:sdpo@sdpo.com\">sdpo@sdpo.com <\/a><\/p>\n<p>Par avance, merci les amis de partager ce message, Ludo a besoin de nous..<\/p>\n<p>Jean Claude<\/p>\n\n","protected":false},"excerpt":{"rendered":"<p>APPEL A LA SOLIDARIT\u00c9 C&rsquo;est aujourd&rsquo;hui une publication un peu diff\u00e9rente des autres. Nous avons besoin de votre vague de solidarit\u00e9 afin d&rsquo;aider notre correspondant au Cambodge, Ludo. Je vous invite \u00e0 lire la publication pour en apprendre plus sur son projet. Tout savoir sur la cagnotte sans commission et lien de l&rsquo;application Lydia: https:\/\/lydia-app.com\/fr\/<\/p>\n","protected":false},"author":1,"featured_media":0,"parent":0,"menu_order":0,"comment_status":"closed","ping_status":"closed","template":"","meta":{"footnotes":""},"class_list":["post-9111","page","type-page","status-publish","hentry"],"_links":{"self":[{"href":"https:\/\/ultratrail-angkor.com\/index.php?rest_route=\/wp\/v2\/pages\/9111","targetHints":{"allow":["GET"]}}],"collection":[{"href":"https:\/\/ultratrail-angkor.com\/index.php?rest_route=\/wp\/v2\/pages"}],"about":[{"href":"https:\/\/ultratrail-angkor.com\/index.php?rest_route=\/wp\/v2\/types\/page"}],"author":[{"embeddable":true,"href":"https:\/\/ultratrail-angkor.com\/index.php?rest_route=\/wp\/v2\/users\/1"}],"replies":[{"embeddable":true,"href":"https:\/\/ultratrail-angkor.com\/index.php?rest_route=%2Fwp%2Fv2%2Fcomments&post=9111"}],"version-history":[{"count":2,"href":"https:\/\/ultratrail-angkor.com\/index.php?rest_route=\/wp\/v2\/pages\/9111\/revisions"}],"predecessor-version":[{"id":9123,"href":"https:\/\/ultratrail-angkor.com\/index.php?rest_route=\/wp\/v2\/pages\/9111\/revisions\/9123"}],"wp:attachment":[{"href":"https:\/\/ultratrail-angkor.com\/index.php?rest_route=%2Fwp%2Fv2%2Fmedia&parent=9111"}],"curies":[{"name":"wp","href":"https:\/\/api.w.org\/{rel}","templated":true}]}}