{"id":9456,"date":"2026-02-09T03:07:30","date_gmt":"2026-02-09T02:07:30","guid":{"rendered":"https:\/\/ultratrail-angkor.com\/?page_id=9456"},"modified":"2026-02-11T16:38:06","modified_gmt":"2026-02-11T15:38:06","slug":"elephant-trail-8km","status":"publish","type":"page","link":"https:\/\/ultratrail-angkor.com\/?page_id=9456&lang=es","title":{"rendered":"Marcha &#038; Senderismo 10 km &#8211; Sin cronometraje"},"content":{"rendered":"<p data-start=\"37\" data-end=\"131\"><span style=\"font-size: 18px;\"><strong data-start=\"37\" data-end=\"84\">NUEVA DISTANCIA \u2013 Marcha y Senderismo 10 km \u2013 Sin cronometraje<\/strong><\/span><\/p>\r\n<p data-start=\"136\" data-end=\"488\"><span style=\"font-size: 18px;\">Para esta 10.\u00aa edici\u00f3n del Ultra-Trail de Angkor, la Marcha y Senderismo evoluciona y se presenta ahora en una segunda prueba de 10 km, adem\u00e1s de la de 21 km programada sobre el recorrido del Royal Trail Angkor. Una f\u00f3rmula pensada para permitir al mayor n\u00famero de personas vivir la aventura de Angkor, sin esp\u00edritu competitivo y a su propio ritmo.<\/span><\/p>\r\n<p data-start=\"493\" data-end=\"826\"><span style=\"font-size: 18px;\">Ni demasiado corta ni demasiado larga, esta distancia de 10 km constituye un formato ideal para la marcha activa y el senderismo accesible. Permite a cada participante disfrutar plenamente del recorrido, tomarse el tiempo para observar, sentir y empaparse de la atm\u00f3sfera \u00fanica del lugar, sin presi\u00f3n de tiempo ni de rendimiento.<\/span><\/p>\r\n<p data-start=\"831\" data-end=\"1120\"><span style=\"font-size: 18px;\">Abierta a todos, esta marcha\u2013senderismo est\u00e1 dirigida tanto a acompa\u00f1antes, personas mayores, caminantes ocasionales como a deportistas que deseen descubrir Angkor de otra manera. Cada uno avanza libremente, seg\u00fan sus deseos y capacidades, en un esp\u00edritu de convivencia y de compartir.<\/span><\/p>\r\n<p data-start=\"1125\" data-end=\"1379\"><span style=\"font-size: 18px;\">El recorrido partir\u00e1 desde la Terraza de los Elefantes, para adentrarse progresivamente en la selva, siguiendo senderos sinuosos en el coraz\u00f3n de una naturaleza exuberante. Un itinerario inmersivo y apacible, ideal para la evasi\u00f3n y la contemplaci\u00f3n.<\/span><\/p>\r\n<p data-start=\"1384\" data-end=\"1698\"><span style=\"font-size: 18px;\">Esta nueva f\u00f3rmula de 10 km, sobre el mismo recorrido que el Angkor Elephant Trail, se inscribe plenamente en la filosof\u00eda de SDPO: proponer experiencias accesibles y aut\u00e9nticas, donde placer, descubrimiento y emoci\u00f3n se combinan para ofrecer a cada participante un momento inolvidable en el coraz\u00f3n de Angkor.<\/span><\/p>\r\n<p data-start=\"1384\" data-end=\"1698\"><img loading=\"lazy\" decoding=\"async\" class=\"aligncenter size-large wp-image-13282\" src=\"https:\/\/ultratrail-angkor.com\/wp-content\/uploads\/2026\/02\/JCLC-UTA-2024-78-1024x768.jpeg\" alt=\"\" width=\"1024\" height=\"768\" srcset=\"https:\/\/ultratrail-angkor.com\/wp-content\/uploads\/2026\/02\/JCLC-UTA-2024-78-1024x768.jpeg 1024w, https:\/\/ultratrail-angkor.com\/wp-content\/uploads\/2026\/02\/JCLC-UTA-2024-78-300x225.jpeg 300w, https:\/\/ultratrail-angkor.com\/wp-content\/uploads\/2026\/02\/JCLC-UTA-2024-78-768x576.jpeg 768w, https:\/\/ultratrail-angkor.com\/wp-content\/uploads\/2026\/02\/JCLC-UTA-2024-78-1536x1152.jpeg 1536w, https:\/\/ultratrail-angkor.com\/wp-content\/uploads\/2026\/02\/JCLC-UTA-2024-78-249x187.jpeg 249w, https:\/\/ultratrail-angkor.com\/wp-content\/uploads\/2026\/02\/JCLC-UTA-2024-78-1170x878.jpeg 1170w, https:\/\/ultratrail-angkor.com\/wp-content\/uploads\/2026\/02\/JCLC-UTA-2024-78.jpeg 2048w\" sizes=\"auto, (max-width: 1024px) 100vw, 1024px\" \/><\/p>\r\n<p><span style=\"font-size: 18px;\"><!-- \/wp:post-content -->\r\n\r\n<!-- wp:image {\"id\":6596,\"sizeSlug\":\"large\"} --><\/span><\/p>\r\n<figure class=\"wp-block-image size-large\"><\/figure>\r\n<!-- \/wp:image -->\r\n\r\n<!-- wp:paragraph -->\r\n<p data-start=\"37\" data-end=\"281\"><span style=\"font-size: 18px;\">Esta marcha y senderismo est\u00e1 perfectamente se\u00f1alizada y no presenta ninguna dificultad, con un puesto de avituallamiento en el recorrido con agua mineral, frutas frescas y frutos secos en el km 5, as\u00ed como un avituallamiento en la llegada.<\/span><\/p>\r\n<p data-start=\"286\" data-end=\"725\"><span style=\"font-size: 18px;\">La llegada, com\u00fan a todas las pruebas, se sit\u00faa en la Terraza de los Elefantes, cerca del centro de la ciudad de Angkor Thom. Al igual que el ej\u00e9rcito victorioso contra los \u201cChams\u201d desfilando en esta Terraza de los Elefantes ante el rey Jayavarman, usted tambi\u00e9n cruzar\u00e1 esta l\u00ednea de meta como VENCEDOR para recibir la medalla simb\u00f3lica del Ultra Trail de Angkor. Su inscripci\u00f3n incluye igualmente la camiseta t\u00e9cnica oficial del UTA.<\/span><\/p>\r\n<p data-start=\"730\" data-end=\"1203\"><span style=\"font-size: 18px;\">Para una mejor identificaci\u00f3n y aunque el ritmo sea libre, sin ninguna limitaci\u00f3n de tiempo, dispondr\u00e1, al igual que los corredores, de un dorsal y de una acreditaci\u00f3n de acceso al parque arqueol\u00f3gico de Angkor. Esta acreditaci\u00f3n permite \u00fanicamente la entrada al sitio y no incluye las visitas guiadas. Si desea disfrutar de las visitas con un gu\u00eda profesional, le invitamos cordialmente a unirse a uno de nuestros paquetes tur\u00edsticos, propuestos a un precio razonable.<\/span><\/p>\r\n<p data-start=\"1208\" data-end=\"1242\"><span style=\"font-size: 18px;\">Buena marcha, buen senderismo.<\/span><\/p>","protected":false},"excerpt":{"rendered":"<p>NUEVA DISTANCIA \u2013 Marcha y Senderismo 10 km \u2013 Sin cronometraje Para esta 10.\u00aa edici\u00f3n del Ultra-Trail de Angkor, la Marcha y Senderismo evoluciona y se presenta ahora en una segunda prueba de 10 km, adem\u00e1s de la de 21 km programada sobre el recorrido del Royal Trail Angkor. Una f\u00f3rmula pensada para permitir al<\/p>\n","protected":false},"author":1,"featured_media":0,"parent":0,"menu_order":0,"comment_status":"closed","ping_status":"closed","template":"","meta":{"footnotes":""},"class_list":["post-9456","page","type-page","status-publish","hentry"],"_links":{"self":[{"href":"https:\/\/ultratrail-angkor.com\/index.php?rest_route=\/wp\/v2\/pages\/9456","targetHints":{"allow":["GET"]}}],"collection":[{"href":"https:\/\/ultratrail-angkor.com\/index.php?rest_route=\/wp\/v2\/pages"}],"about":[{"href":"https:\/\/ultratrail-angkor.com\/index.php?rest_route=\/wp\/v2\/types\/page"}],"author":[{"embeddable":true,"href":"https:\/\/ultratrail-angkor.com\/index.php?rest_route=\/wp\/v2\/users\/1"}],"replies":[{"embeddable":true,"href":"https:\/\/ultratrail-angkor.com\/index.php?rest_route=%2Fwp%2Fv2%2Fcomments&post=9456"}],"version-history":[{"count":15,"href":"https:\/\/ultratrail-angkor.com\/index.php?rest_route=\/wp\/v2\/pages\/9456\/revisions"}],"predecessor-version":[{"id":13287,"href":"https:\/\/ultratrail-angkor.com\/index.php?rest_route=\/wp\/v2\/pages\/9456\/revisions\/13287"}],"wp:attachment":[{"href":"https:\/\/ultratrail-angkor.com\/index.php?rest_route=%2Fwp%2Fv2%2Fmedia&parent=9456"}],"curies":[{"name":"wp","href":"https:\/\/api.w.org\/{rel}","templated":true}]}}