{"id":9959,"date":"2026-02-27T11:04:13","date_gmt":"2026-02-27T10:04:13","guid":{"rendered":"https:\/\/ultratrail-angkor.com\/?page_id=9959"},"modified":"2026-03-09T17:53:04","modified_gmt":"2026-03-09T16:53:04","slug":"presentation","status":"publish","type":"page","link":"https:\/\/ultratrail-angkor.com\/?page_id=9959","title":{"rendered":"Pr\u00e9sentation"},"content":{"rendered":"<p><span style=\"font-size: 18px;\"><strong>L&rsquo;ULTRA TRAIL D&rsquo;ANGKOR 2027<\/strong><\/span><\/p>\n<p><span style=\"font-size: 18px;\"><strong>Ne ratez pas cette \u00e9dition, rendez-vous les 23 janvier 2027.<\/strong><\/span><br \/>\n<span style=\"font-size: 18px;\">En qu\u00eate d\u2019une destination exotique pour \u00e9chapper \u00e0 la grisaille hivernale ? Organisateur des Foul\u00e9es de la Soie, premier \u00e9v\u00e9nement au monde \u00e0 avoir associer le Sport et la Culture, SDPO poursuit son voyage en Asie. Le Cambodge vous tend les bras ! Le 23 janvier, la 10\u00e8me \u00e9dition de <strong>ANGKOR TRAIL<\/strong> (ex Ultra-Trail d\u2019Angkor) fera une nouvelle fois tr\u00e8s fort : Les \u00abtrailers et marathoniens \u00bb auront le privil\u00e8ge de fouler le site arch\u00e9ologique de Siem Reap, au c\u0153ur des temples d\u2019Angkor.<\/span><br \/>\n<span style=\"font-size: 18px;\">Cette merveille de 400km2, vestige mill\u00e9naire du royaume khmer sera leur terrain de jeu, sur 100km, 64 km, 42km, 32 km, 21 km (Semi marathon)\u00a0 ou 10 km. Six circuits 100% trail totalement in\u00e9dits et sauvages,&#8230; <strong>Ouvert \u00e9galement aux marcheurs et randonneurs.<\/strong><\/span><\/p>\n<p><span style=\"font-size: 18px;\">Pour les \u00ab\u00a0enfants\u00a0\u00bb une nouvelle \u00e9preuve <strong>KIDS RACE ANGKOR<\/strong> de 4km (12 ans \u00e0 15 ans) est ajout\u00e9e au programme<\/span><\/p>\n<h2><strong>Les +<\/strong><\/h2>\n<ul>\n<li><span style=\"font-size: 18px;\">La seule course autoris\u00e9e \u00e0 fouler le joyau naturel et culturel des temples d\u2019Angkor, Patrimoine Mondial de l\u2019Humanit\u00e9 UNESCO.<\/span><\/li>\n<li><span style=\"font-size: 18px;\">Le seul ultra du Cambodge. Agr\u00e9\u00e9 par le Minist\u00e8re de la Culture, et le Comit\u00e9 Olympique Cambodgien.<\/span><\/li>\n<li><span style=\"font-size: 18px;\">Des packs voyages eux aussi encore rares, par leurs tarifs et leur compl\u00e9tude avec visites touristiques. (7 jours \/6 nuits <strong>\u00e0 partir de 543 euros<\/strong> avec D\u00e9couvertes des Temples d\u2019Angkor en logement 3, 4 ou 5*****)<\/span><\/li>\n<li><span style=\"font-size: 18px;\">Une exp\u00e9rience qui se veut avant tout humaine, culturelle, et un vrai partage des valeurs du Trail.<\/span><\/li>\n<\/ul>\n\n","protected":false},"excerpt":{"rendered":"<p>L&rsquo;ULTRA TRAIL D&rsquo;ANGKOR 2027 Ne ratez pas cette \u00e9dition, rendez-vous les 23 janvier 2027. En qu\u00eate d\u2019une destination exotique pour \u00e9chapper \u00e0 la grisaille hivernale ? Organisateur des Foul\u00e9es de la Soie, premier \u00e9v\u00e9nement au monde \u00e0 avoir associer le Sport et la Culture, SDPO poursuit son voyage en Asie. Le Cambodge vous tend les<\/p>\n","protected":false},"author":3,"featured_media":0,"parent":0,"menu_order":0,"comment_status":"closed","ping_status":"closed","template":"","meta":{"footnotes":""},"class_list":["post-9959","page","type-page","status-publish","hentry"],"_links":{"self":[{"href":"https:\/\/ultratrail-angkor.com\/index.php?rest_route=\/wp\/v2\/pages\/9959","targetHints":{"allow":["GET"]}}],"collection":[{"href":"https:\/\/ultratrail-angkor.com\/index.php?rest_route=\/wp\/v2\/pages"}],"about":[{"href":"https:\/\/ultratrail-angkor.com\/index.php?rest_route=\/wp\/v2\/types\/page"}],"author":[{"embeddable":true,"href":"https:\/\/ultratrail-angkor.com\/index.php?rest_route=\/wp\/v2\/users\/3"}],"replies":[{"embeddable":true,"href":"https:\/\/ultratrail-angkor.com\/index.php?rest_route=%2Fwp%2Fv2%2Fcomments&post=9959"}],"version-history":[{"count":34,"href":"https:\/\/ultratrail-angkor.com\/index.php?rest_route=\/wp\/v2\/pages\/9959\/revisions"}],"predecessor-version":[{"id":13666,"href":"https:\/\/ultratrail-angkor.com\/index.php?rest_route=\/wp\/v2\/pages\/9959\/revisions\/13666"}],"wp:attachment":[{"href":"https:\/\/ultratrail-angkor.com\/index.php?rest_route=%2Fwp%2Fv2%2Fmedia&parent=9959"}],"curies":[{"name":"wp","href":"https:\/\/api.w.org\/{rel}","templated":true}]}}