{"id":9977,"date":"2025-02-20T11:18:09","date_gmt":"2025-02-20T10:18:09","guid":{"rendered":"https:\/\/ultratrail-angkor.com\/?page_id=9977"},"modified":"2025-02-22T16:55:11","modified_gmt":"2025-02-22T15:55:11","slug":"retrait-des-dossards","status":"publish","type":"page","link":"https:\/\/ultratrail-angkor.com\/?page_id=9977","title":{"rendered":"Retrait des dossards"},"content":{"rendered":"<p><span style=\"font-size: 18px;\"><em>Le retrait des dossards se d\u00e9roulera sur deux jours \u00e0\u00a0 l\u2019h\u00f4tel <strong>\u00ab\u00a0Angkor Paradise Hotel\u00a0\u00bb<\/strong> \u00e0 Siem Reap. Adresse : National Road No 6,<\/em><\/span><\/p>\n<p><span style=\"font-size: 18px;\"><em>\u2013 les jeudi 22 janvier de 10h00 \u00e0 19h00 et vendredi 23 janvier 2025 de 09h00 \u00e0 20h00<\/em><\/span><\/p>\n<p><img loading=\"lazy\" decoding=\"async\" class=\"alignleft size-full wp-image-11832\" src=\"https:\/\/ultratrail-angkor.com\/wp-content\/uploads\/2024\/03\/Bandeau-dossards.jpg\" alt=\"\" width=\"1776\" height=\"146\" srcset=\"https:\/\/ultratrail-angkor.com\/wp-content\/uploads\/2024\/03\/Bandeau-dossards.jpg 1776w, https:\/\/ultratrail-angkor.com\/wp-content\/uploads\/2024\/03\/Bandeau-dossards-300x25.jpg 300w, https:\/\/ultratrail-angkor.com\/wp-content\/uploads\/2024\/03\/Bandeau-dossards-1024x84.jpg 1024w, https:\/\/ultratrail-angkor.com\/wp-content\/uploads\/2024\/03\/Bandeau-dossards-768x63.jpg 768w, https:\/\/ultratrail-angkor.com\/wp-content\/uploads\/2024\/03\/Bandeau-dossards-1536x126.jpg 1536w, https:\/\/ultratrail-angkor.com\/wp-content\/uploads\/2024\/03\/Bandeau-dossards-280x23.jpg 280w, https:\/\/ultratrail-angkor.com\/wp-content\/uploads\/2024\/03\/Bandeau-dossards-1170x96.jpg 1170w\" sizes=\"auto, (max-width: 1776px) 100vw, 1776px\" \/><\/p>\n<p>&nbsp;<\/p>\n<p><span style=\"font-size: 18px;\">&#8211; <strong>Au retrait des dossards il vous sera demand\u00e9 une pi\u00e8ce d\u2019identit\u00e9 et votre certificat m\u00e9dical.<\/strong><\/span><\/p>\n<p><span style=\"font-size: 18px;\"><strong>En cas de non pr\u00e9sentation du certificat m\u00e9dical<\/strong> et pour \u00e9viter d\u2019\u00eatre mis hors course, le concurrent s\u2019engage \u00e0 signer une d\u00e9charge <strong>\u00ab\u00a0Renonciation et exon\u00e9ration de responsabilit\u00e9\u00a0\u00bb<\/strong> et devient le seul responsable en cas de probl\u00e8mes physiques qui pourraient lui subvenir en course. (document \u00e0 t\u00e9l\u00e9charger ci dessous):<\/span><\/p>\n\n","protected":false},"excerpt":{"rendered":"<p>Le retrait des dossards se d\u00e9roulera sur deux jours \u00e0\u00a0 l\u2019h\u00f4tel \u00ab\u00a0Angkor Paradise Hotel\u00a0\u00bb \u00e0 Siem Reap. Adresse : National Road No 6, \u2013 les jeudi 22 janvier de 10h00 \u00e0 19h00 et vendredi 23 janvier 2025 de 09h00 \u00e0 20h00 &nbsp; &#8211; Au retrait des dossards il vous sera demand\u00e9 une pi\u00e8ce d\u2019identit\u00e9 et<\/p>\n","protected":false},"author":3,"featured_media":0,"parent":0,"menu_order":0,"comment_status":"closed","ping_status":"closed","template":"","meta":{"footnotes":""},"class_list":["post-9977","page","type-page","status-publish","hentry"],"_links":{"self":[{"href":"https:\/\/ultratrail-angkor.com\/index.php?rest_route=\/wp\/v2\/pages\/9977","targetHints":{"allow":["GET"]}}],"collection":[{"href":"https:\/\/ultratrail-angkor.com\/index.php?rest_route=\/wp\/v2\/pages"}],"about":[{"href":"https:\/\/ultratrail-angkor.com\/index.php?rest_route=\/wp\/v2\/types\/page"}],"author":[{"embeddable":true,"href":"https:\/\/ultratrail-angkor.com\/index.php?rest_route=\/wp\/v2\/users\/3"}],"replies":[{"embeddable":true,"href":"https:\/\/ultratrail-angkor.com\/index.php?rest_route=%2Fwp%2Fv2%2Fcomments&post=9977"}],"version-history":[{"count":11,"href":"https:\/\/ultratrail-angkor.com\/index.php?rest_route=\/wp\/v2\/pages\/9977\/revisions"}],"predecessor-version":[{"id":12602,"href":"https:\/\/ultratrail-angkor.com\/index.php?rest_route=\/wp\/v2\/pages\/9977\/revisions\/12602"}],"wp:attachment":[{"href":"https:\/\/ultratrail-angkor.com\/index.php?rest_route=%2Fwp%2Fv2%2Fmedia&parent=9977"}],"curies":[{"name":"wp","href":"https:\/\/api.w.org\/{rel}","templated":true}]}}